{"id":702,"date":"2024-05-09T14:10:42","date_gmt":"2024-05-09T14:10:42","guid":{"rendered":"http:\/\/www.orgullofriki.com\/25mayo\/?page_id=702"},"modified":"2026-04-27T06:57:32","modified_gmt":"2026-04-27T06:57:32","slug":"frikimad","status":"publish","type":"page","link":"http:\/\/www.orgullofriki.com\/25mayo\/frikimad\/","title":{"rendered":"FRIKIMAD by OXO"},"content":{"rendered":"<div class=\"wp-block-image\">\n<figure class=\"aligncenter size-full is-resized\"><img loading=\"lazy\" decoding=\"async\" width=\"992\" height=\"567\" src=\"http:\/\/www.orgullofriki.com\/25mayo\/wp-content\/uploads\/2026\/04\/frikimad-by-OXO.jpg\" alt=\"\" class=\"wp-image-744\" style=\"aspect-ratio:1.7496013278224363;width:460px;height:auto\" srcset=\"http:\/\/www.orgullofriki.com\/25mayo\/wp-content\/uploads\/2026\/04\/frikimad-by-OXO.jpg 992w, http:\/\/www.orgullofriki.com\/25mayo\/wp-content\/uploads\/2026\/04\/frikimad-by-OXO-300x171.jpg 300w, http:\/\/www.orgullofriki.com\/25mayo\/wp-content\/uploads\/2026\/04\/frikimad-by-OXO-768x439.jpg 768w\" sizes=\"auto, (max-width: 992px) 100vw, 992px\" \/><\/figure>\n<\/div>\n\n\n<p>FrikiMAD by OXO es el evento \u00abclave\u00bb en las celebraciones del 20 aniversario del D\u00eda del Orgullo Friki de Madrid en un formato solidario y realizado por y para frikis.<\/p>\n\n\n\n<p>El evento se realizar\u00e1 el pr\u00f3ximo 24 de Mayo en la sala Atrio de OXO, el Museo del Videojuego de Madrid, donde se realizar\u00e1n charlas, mesas redondas, sorteos, y otras actividades de una manera solidaria, ya que todo el dinero que recaudemos en el evento ser\u00e1 destinado a la ONG FanVenci\u00f3n<\/p>\n\n\n\n<p>Os damos tambi\u00e9n la posibilidad de convertiros en \u00abPremium\u00bb, donde adem\u00e1s de colaborar con nostros podr\u00e1s conseguir beneficios en el evento. <a href=\"http:\/\/www.orgullofriki.com\/25mayo\/conviertete-en-mecenas\/\" data-type=\"page\" data-id=\"602\">M\u00e1s informaci\u00f3n<\/a><\/p>\n\n\n\n<h2 class=\"wp-block-heading\">Programa (Pr\u00f3ximamente)<\/h2>\n\n\n\n<h2 class=\"wp-block-heading\">Invitados (Pr\u00f3ximamente)<\/h2>\n\n\n\n<h2 class=\"wp-block-heading\"><a href=\"http:\/\/www.orgullofriki.com\/25mayo\/conviertete-en-mecenas\/\" data-type=\"page\" data-id=\"602\">Convi\u00e9rtete en Premium<\/a><\/h2>\n\n\n\n<h2 class=\"wp-block-heading\"><a href=\"http:\/\/www.orgullofriki.com\/25mayo\/localizacion\/\" data-type=\"page\" data-id=\"750\">Localizaci\u00f3n<\/a><\/h2>\n\n\n\n<p><br><\/p>\n\n\n\n<p><\/p>\n","protected":false},"excerpt":{"rendered":"<div class=\"entry-summary\">\nFrikiMAD by OXO es el evento \u00abclave\u00bb en las celebraciones del 20 aniversario del D\u00eda del Orgullo Friki de Madrid en un formato solidario y realizado por y para frikis. El evento se realizar\u00e1 el pr\u00f3ximo 24 de Mayo en la sala Atrio de OXO, el Museo del Videojuego de Madrid, donde se realizar\u00e1n charlas,&hellip;\n<\/div>\n<div class=\"link-more\"><a href=\"http:\/\/www.orgullofriki.com\/25mayo\/frikimad\/\" class=\"more-link\">Continue reading<span class=\"screen-reader-text\"> &ldquo;FRIKIMAD by OXO&rdquo;<\/span>&hellip;<\/a><\/div>\n","protected":false},"author":1,"featured_media":0,"parent":0,"menu_order":0,"comment_status":"closed","ping_status":"closed","template":"","meta":{"ngg_post_thumbnail":0,"footnotes":""},"class_list":["post-702","page","type-page","status-publish","hentry","entry"],"_links":{"self":[{"href":"http:\/\/www.orgullofriki.com\/25mayo\/wp-json\/wp\/v2\/pages\/702","targetHints":{"allow":["GET"]}}],"collection":[{"href":"http:\/\/www.orgullofriki.com\/25mayo\/wp-json\/wp\/v2\/pages"}],"about":[{"href":"http:\/\/www.orgullofriki.com\/25mayo\/wp-json\/wp\/v2\/types\/page"}],"author":[{"embeddable":true,"href":"http:\/\/www.orgullofriki.com\/25mayo\/wp-json\/wp\/v2\/users\/1"}],"replies":[{"embeddable":true,"href":"http:\/\/www.orgullofriki.com\/25mayo\/wp-json\/wp\/v2\/comments?post=702"}],"version-history":[{"count":15,"href":"http:\/\/www.orgullofriki.com\/25mayo\/wp-json\/wp\/v2\/pages\/702\/revisions"}],"predecessor-version":[{"id":753,"href":"http:\/\/www.orgullofriki.com\/25mayo\/wp-json\/wp\/v2\/pages\/702\/revisions\/753"}],"wp:attachment":[{"href":"http:\/\/www.orgullofriki.com\/25mayo\/wp-json\/wp\/v2\/media?parent=702"}],"curies":[{"name":"wp","href":"https:\/\/api.w.org\/{rel}","templated":true}]}}