{"id":499,"date":"2022-08-31T06:28:13","date_gmt":"2022-08-31T06:28:13","guid":{"rendered":"http:\/\/www.orgullofriki.com\/25mayo\/?page_id=499"},"modified":"2023-02-26T21:08:52","modified_gmt":"2023-02-26T21:08:52","slug":"frikimad-2014","status":"publish","type":"page","link":"http:\/\/www.orgullofriki.com\/25mayo\/frikimad-2014\/","title":{"rendered":"FrikiMAD 2014"},"content":{"rendered":"<nav class=\"is-responsive menu_interno wp-block-navigation is-layout-flex wp-block-navigation-is-layout-flex\" aria-label=\"Manu FrikiMAD\" \n\t\t data-wp-interactive=\"core\/navigation\" data-wp-context='{\"overlayOpenedBy\":{\"click\":false,\"hover\":false,\"focus\":false},\"type\":\"overlay\",\"roleAttribute\":\"\",\"ariaLabel\":\"Men\\u00fa\"}'><button aria-haspopup=\"dialog\" aria-label=\"Abrir el men\u00fa\" class=\"wp-block-navigation__responsive-container-open\" \n\t\t\t\tdata-wp-on--click=\"actions.openMenuOnClick\"\n\t\t\t\tdata-wp-on--keydown=\"actions.handleMenuKeydown\"\n\t\t\t><svg width=\"24\" height=\"24\" xmlns=\"http:\/\/www.w3.org\/2000\/svg\" viewBox=\"0 0 24 24\" aria-hidden=\"true\" focusable=\"false\"><path d=\"M4 7.5h16v1.5H4z\"><\/path><path d=\"M4 15h16v1.5H4z\"><\/path><\/svg><\/button>\n\t\t\t\t<div class=\"wp-block-navigation__responsive-container\"  id=\"modal-1\" \n\t\t\t\tdata-wp-class--has-modal-open=\"state.isMenuOpen\"\n\t\t\t\tdata-wp-class--is-menu-open=\"state.isMenuOpen\"\n\t\t\t\tdata-wp-watch=\"callbacks.initMenu\"\n\t\t\t\tdata-wp-on--keydown=\"actions.handleMenuKeydown\"\n\t\t\t\tdata-wp-on--focusout=\"actions.handleMenuFocusout\"\n\t\t\t\ttabindex=\"-1\"\n\t\t\t>\n\t\t\t\t\t<div class=\"wp-block-navigation__responsive-close\" tabindex=\"-1\">\n\t\t\t\t\t\t<div class=\"wp-block-navigation__responsive-dialog\" \n\t\t\t\tdata-wp-bind--aria-modal=\"state.ariaModal\"\n\t\t\t\tdata-wp-bind--aria-label=\"state.ariaLabel\"\n\t\t\t\tdata-wp-bind--role=\"state.roleAttribute\"\n\t\t\t>\n\t\t\t\t\t\t\t<button aria-label=\"Cerrar el men\u00fa\" class=\"wp-block-navigation__responsive-container-close\" \n\t\t\t\tdata-wp-on--click=\"actions.closeMenuOnClick\"\n\t\t\t><svg xmlns=\"http:\/\/www.w3.org\/2000\/svg\" viewBox=\"0 0 24 24\" width=\"24\" height=\"24\" aria-hidden=\"true\" focusable=\"false\"><path d=\"m13.06 12 6.47-6.47-1.06-1.06L12 10.94 5.53 4.47 4.47 5.53 10.94 12l-6.47 6.47 1.06 1.06L12 13.06l6.47 6.47 1.06-1.06L13.06 12Z\"><\/path><\/svg><\/button>\n\t\t\t\t\t\t\t<div class=\"wp-block-navigation__responsive-container-content\" \n\t\t\t\tdata-wp-watch=\"callbacks.focusFirstElement\"\n\t\t\t id=\"modal-1-content\">\n\t\t\t\t\t\t\t\t<ul class=\"wp-block-navigation__container is-responsive menu_interno wp-block-navigation\"><li class=\" wp-block-navigation-item wp-block-navigation-link\"><a class=\"wp-block-navigation-item__content\"  href=\"http:\/\/www.orgullofriki.com\/25mayo\/frikimad\/\"><span class=\"wp-block-navigation-item__label\">ORGULLO FRIKIMAD by ACCI\u00d3N 2023<\/span><\/a><\/li><li class=\" wp-block-navigation-item wp-block-navigation-link\"><a class=\"wp-block-navigation-item__content\"  href=\"http:\/\/www.orgullofriki.com\/25mayo\/frikimad-by-accion-2022\/\"><span class=\"wp-block-navigation-item__label\">FRIKIMAD by Acci\u00f3n 2022<\/span><\/a><\/li><li class=\" wp-block-navigation-item wp-block-navigation-link\"><a class=\"wp-block-navigation-item__content\"  href=\"http:\/\/www.orgullofriki.com\/25mayo\/frikimad-en-pildoras-2021\/\"><span class=\"wp-block-navigation-item__label\">FrikiMAD en P\u00edldoras 2021<\/span><\/a><\/li><li class=\" wp-block-navigation-item wp-block-navigation-link\"><a class=\"wp-block-navigation-item__content\"  href=\"http:\/\/www.orgullofriki.com\/25mayo\/frikimad-en-pildoras-2020\/\"><span class=\"wp-block-navigation-item__label\">FrikiMAD en P\u00edldoras 2020<\/span><\/a><\/li><li class=\" wp-block-navigation-item wp-block-navigation-link\"><a class=\"wp-block-navigation-item__content\"  href=\"http:\/\/www.orgullofriki.com\/25mayo\/frikimad-by-fandome-2019\/\"><span class=\"wp-block-navigation-item__label\">FrikiMAD by FANDOME 2019<\/span><\/a><\/li><li class=\" wp-block-navigation-item wp-block-navigation-link\"><a class=\"wp-block-navigation-item__content\"  href=\"http:\/\/www.orgullofriki.com\/25mayo\/frikimad-2018\/\"><span class=\"wp-block-navigation-item__label\">FrikiMAD 2018<\/span><\/a><\/li><li class=\" wp-block-navigation-item wp-block-navigation-link\"><a class=\"wp-block-navigation-item__content\"  href=\"http:\/\/www.orgullofriki.com\/25mayo\/frikimad-by-frikitrip-2017\/\"><span class=\"wp-block-navigation-item__label\">FrikiMAD by FRIKITRIP 2017<\/span><\/a><\/li><li class=\" wp-block-navigation-item wp-block-navigation-link\"><a class=\"wp-block-navigation-item__content\"  href=\"http:\/\/www.orgullofriki.com\/25mayo\/frikimad-2016\/\"><span class=\"wp-block-navigation-item__label\">FrikiMAD 2016<\/span><\/a><\/li><li class=\" wp-block-navigation-item wp-block-navigation-link\"><a class=\"wp-block-navigation-item__content\"  href=\"http:\/\/www.orgullofriki.com\/25mayo\/frikimad-2015\/\"><span class=\"wp-block-navigation-item__label\">FrikiMAD 2015<\/span><\/a><\/li><li class=\" wp-block-navigation-item wp-block-navigation-link\"><a class=\"wp-block-navigation-item__content\"  href=\"http:\/\/www.orgullofriki.com\/25mayo\/frikimad-2014\/\"><span class=\"wp-block-navigation-item__label\">FrikiMAD 2014<\/span><\/a><\/li><\/ul>\n\t\t\t\t\t\t\t<\/div>\n\t\t\t\t\t\t<\/div>\n\t\t\t\t\t<\/div>\n\t\t\t\t<\/div><\/nav>\n\n<div class=\"wp-block-image\">\n<figure class=\"alignleft size-medium\"><img loading=\"lazy\" decoding=\"async\" width=\"300\" height=\"281\" src=\"http:\/\/www.orgullofriki.com\/25mayo\/wp-content\/uploads\/2022\/08\/logo_2014-300x281.jpg\" alt=\"\" class=\"wp-image-500\" srcset=\"http:\/\/www.orgullofriki.com\/25mayo\/wp-content\/uploads\/2022\/08\/logo_2014-300x281.jpg 300w, http:\/\/www.orgullofriki.com\/25mayo\/wp-content\/uploads\/2022\/08\/logo_2014.jpg 600w\" sizes=\"auto, (max-width: 300px) 100vw, 300px\" \/><\/figure>\n<\/div>\n\n\n<p><strong>FRIKIMAD <\/strong>es un evento gratuito que nace con la pretensi\u00f3n de convertirse en una jornada de referencia dentro del panorama friki nacional en el que se organizar\u00e1n charlas, coloquios, proyecciones, mesas redondas\u2026<\/p>\n\n\n\n<p>La organizaci\u00f3n de <strong>FRIKIMAD <\/strong>corre a cargo de <strong>OrgulloFriki.com <\/strong>en colaboraci\u00f3n con la sala cinematogr\u00e1fica <strong>Artistic Metropol<\/strong>. FRIKIMAD celebr\u00f3 su primera edici\u00f3n el domingo <strong>25 de Mayo de 2014<\/strong>, coincidiendo con el <strong>D\u00eda del Orgullo Friki<\/strong> de este a\u00f1o.<\/p>\n\n\n\n<hr class=\"wp-block-separator has-alpha-channel-opacity\"\/>\n\n\n\n<h2 class=\"wp-block-heading\">Programaci\u00f3n<\/h2>\n\n\n\n<p>Se proyectaron dos pel\u00edculas:<\/p>\n\n\n\n<ul class=\"wp-block-list\">\n<li>\u00ab<strong>EL HOMBRE QUE VIO LLORAR A FRANKENSTEIN<\/strong>\u00ab, de \u00c1ngel Agudo<\/li>\n\n\n\n<li>Pelicul\u00f3n Incunable Friki: \u00ab<strong>STAR TREK II: LA IRA DE KHAN<\/strong>\u00bb de Nicholas Meyer<\/li>\n<\/ul>\n\n\n\n<figure class=\"wp-block-gallery has-nested-images columns-default is-cropped wp-block-gallery-2 is-layout-flex wp-block-gallery-is-layout-flex\">\n<figure class=\"wp-block-image size-large\"><img loading=\"lazy\" decoding=\"async\" width=\"1024\" height=\"683\" data-id=\"503\" src=\"http:\/\/www.orgullofriki.com\/25mayo\/wp-content\/uploads\/2022\/08\/DSC_0425-1024x683.jpg\" alt=\"\" class=\"wp-image-503\" srcset=\"http:\/\/www.orgullofriki.com\/25mayo\/wp-content\/uploads\/2022\/08\/DSC_0425-1024x683.jpg 1024w, http:\/\/www.orgullofriki.com\/25mayo\/wp-content\/uploads\/2022\/08\/DSC_0425-300x200.jpg 300w, http:\/\/www.orgullofriki.com\/25mayo\/wp-content\/uploads\/2022\/08\/DSC_0425-768x512.jpg 768w, http:\/\/www.orgullofriki.com\/25mayo\/wp-content\/uploads\/2022\/08\/DSC_0425-1536x1024.jpg 1536w, http:\/\/www.orgullofriki.com\/25mayo\/wp-content\/uploads\/2022\/08\/DSC_0425-2048x1365.jpg 2048w\" sizes=\"auto, (max-width: 1024px) 100vw, 1024px\" \/><\/figure>\n\n\n\n<figure class=\"wp-block-image size-large\"><img loading=\"lazy\" decoding=\"async\" width=\"1024\" height=\"683\" data-id=\"502\" src=\"http:\/\/www.orgullofriki.com\/25mayo\/wp-content\/uploads\/2022\/08\/DSC_0431-1024x683.jpg\" alt=\"\" class=\"wp-image-502\" srcset=\"http:\/\/www.orgullofriki.com\/25mayo\/wp-content\/uploads\/2022\/08\/DSC_0431-1024x683.jpg 1024w, http:\/\/www.orgullofriki.com\/25mayo\/wp-content\/uploads\/2022\/08\/DSC_0431-300x200.jpg 300w, http:\/\/www.orgullofriki.com\/25mayo\/wp-content\/uploads\/2022\/08\/DSC_0431-768x512.jpg 768w, http:\/\/www.orgullofriki.com\/25mayo\/wp-content\/uploads\/2022\/08\/DSC_0431-1536x1024.jpg 1536w, http:\/\/www.orgullofriki.com\/25mayo\/wp-content\/uploads\/2022\/08\/DSC_0431-2048x1365.jpg 2048w\" sizes=\"auto, (max-width: 1024px) 100vw, 1024px\" \/><\/figure>\n\n\n\n<figure class=\"wp-block-image size-large\"><img loading=\"lazy\" decoding=\"async\" width=\"1024\" height=\"683\" data-id=\"501\" src=\"http:\/\/www.orgullofriki.com\/25mayo\/wp-content\/uploads\/2022\/08\/DSC_0441-1-1024x683.jpg\" alt=\"\" class=\"wp-image-501\" srcset=\"http:\/\/www.orgullofriki.com\/25mayo\/wp-content\/uploads\/2022\/08\/DSC_0441-1-1024x683.jpg 1024w, http:\/\/www.orgullofriki.com\/25mayo\/wp-content\/uploads\/2022\/08\/DSC_0441-1-300x200.jpg 300w, http:\/\/www.orgullofriki.com\/25mayo\/wp-content\/uploads\/2022\/08\/DSC_0441-1-768x512.jpg 768w, http:\/\/www.orgullofriki.com\/25mayo\/wp-content\/uploads\/2022\/08\/DSC_0441-1-1536x1024.jpg 1536w, http:\/\/www.orgullofriki.com\/25mayo\/wp-content\/uploads\/2022\/08\/DSC_0441-1-2048x1365.jpg 2048w\" sizes=\"auto, (max-width: 1024px) 100vw, 1024px\" \/><\/figure>\n<\/figure>\n\n\n\n<p>Tambi\u00e9n se proyectaron los cortometrajes:<\/p>\n\n\n\n<ul class=\"wp-block-list\">\n<li>\u00ab<strong>HOTEL<\/strong>\u00ab, de Jos\u00e9 Luis Alem\u00e1n<\/li>\n\n\n\n<li>\u00ab<strong>DVD<\/strong>\u00bb de Ciro Altab\u00e1s<\/li>\n\n\n\n<li>\u00ab<strong>STAR WARS: THE HOLO XPERIENCE<\/strong>\u00ab, de Miguel \u00c1ngel S\u00e1nchez Cogolludo y Santiago Hern\u00e1ndez<\/li>\n\n\n\n<li>\u00ab<strong>MO CAR\u00d3: DESPEGANDO DESDE ARRIBA<\/strong>\u00ab, de Marco Bartolio<\/li>\n<\/ul>\n\n\n\n<figure class=\"wp-block-gallery has-nested-images columns-default is-cropped wp-block-gallery-3 is-layout-flex wp-block-gallery-is-layout-flex\">\n<figure class=\"wp-block-image size-large\"><img loading=\"lazy\" decoding=\"async\" width=\"1024\" height=\"683\" data-id=\"505\" src=\"http:\/\/www.orgullofriki.com\/25mayo\/wp-content\/uploads\/2022\/08\/DSC_0410-1-1024x683.jpg\" alt=\"\" class=\"wp-image-505\" srcset=\"http:\/\/www.orgullofriki.com\/25mayo\/wp-content\/uploads\/2022\/08\/DSC_0410-1-1024x683.jpg 1024w, http:\/\/www.orgullofriki.com\/25mayo\/wp-content\/uploads\/2022\/08\/DSC_0410-1-300x200.jpg 300w, http:\/\/www.orgullofriki.com\/25mayo\/wp-content\/uploads\/2022\/08\/DSC_0410-1-768x512.jpg 768w, http:\/\/www.orgullofriki.com\/25mayo\/wp-content\/uploads\/2022\/08\/DSC_0410-1-1536x1024.jpg 1536w, http:\/\/www.orgullofriki.com\/25mayo\/wp-content\/uploads\/2022\/08\/DSC_0410-1-2048x1365.jpg 2048w\" sizes=\"auto, (max-width: 1024px) 100vw, 1024px\" \/><\/figure>\n\n\n\n<figure class=\"wp-block-image size-large\"><img loading=\"lazy\" decoding=\"async\" width=\"1024\" height=\"683\" data-id=\"506\" src=\"http:\/\/www.orgullofriki.com\/25mayo\/wp-content\/uploads\/2022\/08\/DSC_0413-1024x683.jpg\" alt=\"\" class=\"wp-image-506\" srcset=\"http:\/\/www.orgullofriki.com\/25mayo\/wp-content\/uploads\/2022\/08\/DSC_0413-1024x683.jpg 1024w, http:\/\/www.orgullofriki.com\/25mayo\/wp-content\/uploads\/2022\/08\/DSC_0413-300x200.jpg 300w, http:\/\/www.orgullofriki.com\/25mayo\/wp-content\/uploads\/2022\/08\/DSC_0413-768x512.jpg 768w, http:\/\/www.orgullofriki.com\/25mayo\/wp-content\/uploads\/2022\/08\/DSC_0413-1536x1024.jpg 1536w, http:\/\/www.orgullofriki.com\/25mayo\/wp-content\/uploads\/2022\/08\/DSC_0413-2048x1365.jpg 2048w\" sizes=\"auto, (max-width: 1024px) 100vw, 1024px\" \/><\/figure>\n\n\n\n<figure class=\"wp-block-image size-large\"><img loading=\"lazy\" decoding=\"async\" width=\"1024\" height=\"683\" data-id=\"504\" src=\"http:\/\/www.orgullofriki.com\/25mayo\/wp-content\/uploads\/2022\/08\/DSC_0434-1024x683.jpg\" alt=\"\" class=\"wp-image-504\" srcset=\"http:\/\/www.orgullofriki.com\/25mayo\/wp-content\/uploads\/2022\/08\/DSC_0434-1024x683.jpg 1024w, http:\/\/www.orgullofriki.com\/25mayo\/wp-content\/uploads\/2022\/08\/DSC_0434-300x200.jpg 300w, http:\/\/www.orgullofriki.com\/25mayo\/wp-content\/uploads\/2022\/08\/DSC_0434-768x512.jpg 768w, http:\/\/www.orgullofriki.com\/25mayo\/wp-content\/uploads\/2022\/08\/DSC_0434-1536x1024.jpg 1536w, http:\/\/www.orgullofriki.com\/25mayo\/wp-content\/uploads\/2022\/08\/DSC_0434-2048x1365.jpg 2048w\" sizes=\"auto, (max-width: 1024px) 100vw, 1024px\" \/><\/figure>\n<\/figure>\n\n\n\n<p>Y se realizaron las siguientes charlas y presentaciones:<\/p>\n\n\n\n<ul class=\"wp-block-list\">\n<li>\u00ab<strong>HOMENAJE A PAUL NASCHY<\/strong>\u00ab, con Sergio Molina, Jose Luis Alem\u00e1n y \u00c1ngel Agudo<\/li>\n\n\n\n<li>Mesa Redonda: \u00ab<strong>LOS VILLANOS DE STAR WARS<\/strong>\u00ab, con Ciro Altab\u00e1s, Miguel \u00c1ngel S\u00e1nchez Cogolludo y M\u00f3 Car\u00f3<\/li>\n\n\n\n<li>Charla: \u00ab<strong>KHAN, SU IRA Y SU EFECTO SOBRE STAR TREK<\/strong>\u00ab, con Cheve, de Star Trek Cochrane<\/li>\n\n\n\n<li>Entrega de los <strong>PREMIOS ORGULLO FRIKI<\/strong><\/li>\n<\/ul>\n\n\n\n<figure class=\"wp-block-gallery has-nested-images columns-default is-cropped wp-block-gallery-4 is-layout-flex wp-block-gallery-is-layout-flex\">\n<figure class=\"wp-block-image size-large\"><img loading=\"lazy\" decoding=\"async\" width=\"1024\" height=\"683\" data-id=\"512\" src=\"http:\/\/www.orgullofriki.com\/25mayo\/wp-content\/uploads\/2022\/08\/DSC_0399-1024x683.jpg\" alt=\"\" class=\"wp-image-512\" srcset=\"http:\/\/www.orgullofriki.com\/25mayo\/wp-content\/uploads\/2022\/08\/DSC_0399-1024x683.jpg 1024w, http:\/\/www.orgullofriki.com\/25mayo\/wp-content\/uploads\/2022\/08\/DSC_0399-300x200.jpg 300w, http:\/\/www.orgullofriki.com\/25mayo\/wp-content\/uploads\/2022\/08\/DSC_0399-768x512.jpg 768w, http:\/\/www.orgullofriki.com\/25mayo\/wp-content\/uploads\/2022\/08\/DSC_0399-1536x1024.jpg 1536w, http:\/\/www.orgullofriki.com\/25mayo\/wp-content\/uploads\/2022\/08\/DSC_0399-2048x1365.jpg 2048w\" sizes=\"auto, (max-width: 1024px) 100vw, 1024px\" \/><\/figure>\n\n\n\n<figure class=\"wp-block-image size-large\"><img loading=\"lazy\" decoding=\"async\" width=\"1024\" height=\"683\" data-id=\"509\" src=\"http:\/\/www.orgullofriki.com\/25mayo\/wp-content\/uploads\/2022\/08\/DSC_0451-1024x683.jpg\" alt=\"\" class=\"wp-image-509\" srcset=\"http:\/\/www.orgullofriki.com\/25mayo\/wp-content\/uploads\/2022\/08\/DSC_0451-1024x683.jpg 1024w, http:\/\/www.orgullofriki.com\/25mayo\/wp-content\/uploads\/2022\/08\/DSC_0451-300x200.jpg 300w, http:\/\/www.orgullofriki.com\/25mayo\/wp-content\/uploads\/2022\/08\/DSC_0451-768x512.jpg 768w, http:\/\/www.orgullofriki.com\/25mayo\/wp-content\/uploads\/2022\/08\/DSC_0451-1536x1024.jpg 1536w, http:\/\/www.orgullofriki.com\/25mayo\/wp-content\/uploads\/2022\/08\/DSC_0451-2048x1365.jpg 2048w\" sizes=\"auto, (max-width: 1024px) 100vw, 1024px\" \/><\/figure>\n\n\n\n<figure class=\"wp-block-image size-large\"><img loading=\"lazy\" decoding=\"async\" width=\"1024\" height=\"683\" data-id=\"510\" src=\"http:\/\/www.orgullofriki.com\/25mayo\/wp-content\/uploads\/2022\/08\/DSC_0480-1024x683.jpg\" alt=\"\" class=\"wp-image-510\" srcset=\"http:\/\/www.orgullofriki.com\/25mayo\/wp-content\/uploads\/2022\/08\/DSC_0480-1024x683.jpg 1024w, http:\/\/www.orgullofriki.com\/25mayo\/wp-content\/uploads\/2022\/08\/DSC_0480-300x200.jpg 300w, http:\/\/www.orgullofriki.com\/25mayo\/wp-content\/uploads\/2022\/08\/DSC_0480-768x512.jpg 768w, http:\/\/www.orgullofriki.com\/25mayo\/wp-content\/uploads\/2022\/08\/DSC_0480-1536x1024.jpg 1536w, http:\/\/www.orgullofriki.com\/25mayo\/wp-content\/uploads\/2022\/08\/DSC_0480-2048x1365.jpg 2048w\" sizes=\"auto, (max-width: 1024px) 100vw, 1024px\" \/><\/figure>\n\n\n\n<figure class=\"wp-block-image size-large\"><img loading=\"lazy\" decoding=\"async\" width=\"1024\" height=\"683\" data-id=\"507\" src=\"http:\/\/www.orgullofriki.com\/25mayo\/wp-content\/uploads\/2022\/08\/DSC_0492-1024x683.jpg\" alt=\"\" class=\"wp-image-507\" srcset=\"http:\/\/www.orgullofriki.com\/25mayo\/wp-content\/uploads\/2022\/08\/DSC_0492-1024x683.jpg 1024w, http:\/\/www.orgullofriki.com\/25mayo\/wp-content\/uploads\/2022\/08\/DSC_0492-300x200.jpg 300w, http:\/\/www.orgullofriki.com\/25mayo\/wp-content\/uploads\/2022\/08\/DSC_0492-768x512.jpg 768w, http:\/\/www.orgullofriki.com\/25mayo\/wp-content\/uploads\/2022\/08\/DSC_0492-1536x1024.jpg 1536w, http:\/\/www.orgullofriki.com\/25mayo\/wp-content\/uploads\/2022\/08\/DSC_0492-2048x1365.jpg 2048w\" sizes=\"auto, (max-width: 1024px) 100vw, 1024px\" \/><\/figure>\n\n\n\n<figure class=\"wp-block-image size-large\"><img loading=\"lazy\" decoding=\"async\" width=\"1024\" height=\"683\" data-id=\"508\" src=\"http:\/\/www.orgullofriki.com\/25mayo\/wp-content\/uploads\/2022\/08\/DSC_0499-1024x683.jpg\" alt=\"\" class=\"wp-image-508\" srcset=\"http:\/\/www.orgullofriki.com\/25mayo\/wp-content\/uploads\/2022\/08\/DSC_0499-1024x683.jpg 1024w, http:\/\/www.orgullofriki.com\/25mayo\/wp-content\/uploads\/2022\/08\/DSC_0499-300x200.jpg 300w, http:\/\/www.orgullofriki.com\/25mayo\/wp-content\/uploads\/2022\/08\/DSC_0499-768x512.jpg 768w, http:\/\/www.orgullofriki.com\/25mayo\/wp-content\/uploads\/2022\/08\/DSC_0499-1536x1024.jpg 1536w, http:\/\/www.orgullofriki.com\/25mayo\/wp-content\/uploads\/2022\/08\/DSC_0499-2048x1365.jpg 2048w\" sizes=\"auto, (max-width: 1024px) 100vw, 1024px\" \/><\/figure>\n\n\n\n<figure class=\"wp-block-image size-large\"><img loading=\"lazy\" decoding=\"async\" width=\"1024\" height=\"683\" data-id=\"511\" src=\"http:\/\/www.orgullofriki.com\/25mayo\/wp-content\/uploads\/2022\/08\/DSC_0517-1024x683.jpg\" alt=\"\" class=\"wp-image-511\" srcset=\"http:\/\/www.orgullofriki.com\/25mayo\/wp-content\/uploads\/2022\/08\/DSC_0517-1024x683.jpg 1024w, http:\/\/www.orgullofriki.com\/25mayo\/wp-content\/uploads\/2022\/08\/DSC_0517-300x200.jpg 300w, http:\/\/www.orgullofriki.com\/25mayo\/wp-content\/uploads\/2022\/08\/DSC_0517-768x512.jpg 768w, http:\/\/www.orgullofriki.com\/25mayo\/wp-content\/uploads\/2022\/08\/DSC_0517-1536x1024.jpg 1536w, http:\/\/www.orgullofriki.com\/25mayo\/wp-content\/uploads\/2022\/08\/DSC_0517-2048x1365.jpg 2048w\" sizes=\"auto, (max-width: 1024px) 100vw, 1024px\" \/><\/figure>\n<\/figure>\n\n\n\n<h2 class=\"wp-block-heading\">Patrocinadores<\/h2>\n\n\n\n<p>FNAC &#8211; PARAMOUNT &#8211; LA CRUZADA ENTERTAINMENT &#8211; NOCTURNA &#8211; FUNIDELIA &#8211; PLANETA DEAGOSTINI COMICS &#8211; MINOTAURO &#8211; TIMUN MAS &#8211; CLUB STAR TREK COCHRANE MADRID &#8211; AACF<\/p>\n\n\n\n<h3 class=\"wp-block-heading\">Mecenas<\/h3>\n\n\n\n<p>JUAN CARLOS ALGABA &#8211; HONORIO ARRIBAS FERRER &#8211; ENRIQUE CONTRERAS &#8211; ALFREDO DE LAS VEGAS &#8211; JES\u00daS D\u00cdAZ DE LOSADA D\u00c1VILA &#8211; JOS\u00c9 FERN\u00c1NDEZ ANTELO &#8211; LUIS FERN\u00c1NDEZ ANTELO &#8211; LUIS FRANCO S\u00c1NCHEZ &#8211; JES\u00daS \u00c1LVAREZ &#8211; \u00c1NGEL GARC\u00cdA &#8211; H\u00c9CTOR GAVIL\u00c1N GARC\u00cdA &#8211; NURIA G\u00d3MEZ CORT\u00c9S &#8211; PABLO JIM\u00c9NEZ RUIZ &#8211; ESTHER L\u00d3PEZ D\u00cdAZ &#8211; ANA MONTERO MERINO &#8211; MERCEDES RAIMUNDO &#8211; NATALIA REVILLA &#8211; ALBERTO RODR\u00cdGUEZ HARO &#8211; LUIS ANTONIO SANTANA PARDO &#8211; B\u00c1RABARA TORRES L\u00d3PEZ &#8211; ALFREDO VEGAS &#8211; ISAAC VICENTE &#8211; S\u00c1NCHEZ G\u00d3MEZ &#8211; JORGE YEBRA ROMERO<\/p>\n","protected":false},"excerpt":{"rendered":"<div class=\"entry-summary\">\nFRIKIMAD es un evento gratuito que nace con la pretensi\u00f3n de convertirse en una jornada de referencia dentro del panorama friki nacional en el que se organizar\u00e1n charlas, coloquios, proyecciones, mesas redondas\u2026 La organizaci\u00f3n de FRIKIMAD corre a cargo de OrgulloFriki.com en colaboraci\u00f3n con la sala cinematogr\u00e1fica Artistic Metropol. FRIKIMAD celebr\u00f3 su primera edici\u00f3n el&hellip;\n<\/div>\n<div class=\"link-more\"><a href=\"http:\/\/www.orgullofriki.com\/25mayo\/frikimad-2014\/\" class=\"more-link\">Continue reading<span class=\"screen-reader-text\"> &ldquo;FrikiMAD 2014&rdquo;<\/span>&hellip;<\/a><\/div>\n","protected":false},"author":1,"featured_media":0,"parent":0,"menu_order":0,"comment_status":"closed","ping_status":"closed","template":"","meta":{"ngg_post_thumbnail":0,"footnotes":""},"class_list":["post-499","page","type-page","status-publish","hentry","entry"],"_links":{"self":[{"href":"http:\/\/www.orgullofriki.com\/25mayo\/wp-json\/wp\/v2\/pages\/499","targetHints":{"allow":["GET"]}}],"collection":[{"href":"http:\/\/www.orgullofriki.com\/25mayo\/wp-json\/wp\/v2\/pages"}],"about":[{"href":"http:\/\/www.orgullofriki.com\/25mayo\/wp-json\/wp\/v2\/types\/page"}],"author":[{"embeddable":true,"href":"http:\/\/www.orgullofriki.com\/25mayo\/wp-json\/wp\/v2\/users\/1"}],"replies":[{"embeddable":true,"href":"http:\/\/www.orgullofriki.com\/25mayo\/wp-json\/wp\/v2\/comments?post=499"}],"version-history":[{"count":4,"href":"http:\/\/www.orgullofriki.com\/25mayo\/wp-json\/wp\/v2\/pages\/499\/revisions"}],"predecessor-version":[{"id":565,"href":"http:\/\/www.orgullofriki.com\/25mayo\/wp-json\/wp\/v2\/pages\/499\/revisions\/565"}],"wp:attachment":[{"href":"http:\/\/www.orgullofriki.com\/25mayo\/wp-json\/wp\/v2\/media?parent=499"}],"curies":[{"name":"wp","href":"https:\/\/api.w.org\/{rel}","templated":true}]}}