{"id":467,"date":"2022-08-29T11:04:25","date_gmt":"2022-08-29T11:04:25","guid":{"rendered":"http:\/\/www.orgullofriki.com\/25mayo\/?page_id=467"},"modified":"2024-05-09T13:52:24","modified_gmt":"2024-05-09T13:52:24","slug":"frikimad-2015","status":"publish","type":"page","link":"http:\/\/www.orgullofriki.com\/25mayo\/frikimad-2015\/","title":{"rendered":"FrikiMAD 2015"},"content":{"rendered":"<nav class=\"is-responsive menu_interno wp-block-navigation is-layout-flex wp-block-navigation-is-layout-flex\" aria-label=\"Manu FrikiMAD\" \n\t\t data-wp-interactive=\"core\/navigation\" data-wp-context='{\"overlayOpenedBy\":{\"click\":false,\"hover\":false,\"focus\":false},\"type\":\"overlay\",\"roleAttribute\":\"\",\"ariaLabel\":\"Men\\u00fa\"}'><button aria-haspopup=\"dialog\" aria-label=\"Abrir el men\u00fa\" class=\"wp-block-navigation__responsive-container-open\" \n\t\t\t\tdata-wp-on--click=\"actions.openMenuOnClick\"\n\t\t\t\tdata-wp-on--keydown=\"actions.handleMenuKeydown\"\n\t\t\t><svg width=\"24\" height=\"24\" xmlns=\"http:\/\/www.w3.org\/2000\/svg\" viewBox=\"0 0 24 24\" aria-hidden=\"true\" focusable=\"false\"><path d=\"M4 7.5h16v1.5H4z\"><\/path><path d=\"M4 15h16v1.5H4z\"><\/path><\/svg><\/button>\n\t\t\t\t<div class=\"wp-block-navigation__responsive-container\"  id=\"modal-1\" \n\t\t\t\tdata-wp-class--has-modal-open=\"state.isMenuOpen\"\n\t\t\t\tdata-wp-class--is-menu-open=\"state.isMenuOpen\"\n\t\t\t\tdata-wp-watch=\"callbacks.initMenu\"\n\t\t\t\tdata-wp-on--keydown=\"actions.handleMenuKeydown\"\n\t\t\t\tdata-wp-on--focusout=\"actions.handleMenuFocusout\"\n\t\t\t\ttabindex=\"-1\"\n\t\t\t>\n\t\t\t\t\t<div class=\"wp-block-navigation__responsive-close\" tabindex=\"-1\">\n\t\t\t\t\t\t<div class=\"wp-block-navigation__responsive-dialog\" \n\t\t\t\tdata-wp-bind--aria-modal=\"state.ariaModal\"\n\t\t\t\tdata-wp-bind--aria-label=\"state.ariaLabel\"\n\t\t\t\tdata-wp-bind--role=\"state.roleAttribute\"\n\t\t\t>\n\t\t\t\t\t\t\t<button aria-label=\"Cerrar el men\u00fa\" class=\"wp-block-navigation__responsive-container-close\" \n\t\t\t\tdata-wp-on--click=\"actions.closeMenuOnClick\"\n\t\t\t><svg xmlns=\"http:\/\/www.w3.org\/2000\/svg\" viewBox=\"0 0 24 24\" width=\"24\" height=\"24\" aria-hidden=\"true\" focusable=\"false\"><path d=\"m13.06 12 6.47-6.47-1.06-1.06L12 10.94 5.53 4.47 4.47 5.53 10.94 12l-6.47 6.47 1.06 1.06L12 13.06l6.47 6.47 1.06-1.06L13.06 12Z\"><\/path><\/svg><\/button>\n\t\t\t\t\t\t\t<div class=\"wp-block-navigation__responsive-container-content\" \n\t\t\t\tdata-wp-watch=\"callbacks.focusFirstElement\"\n\t\t\t id=\"modal-1-content\">\n\t\t\t\t\t\t\t\t<ul class=\"wp-block-navigation__container is-responsive menu_interno wp-block-navigation\"><li class=\" wp-block-navigation-item wp-block-navigation-link\"><a class=\"wp-block-navigation-item__content\"  href=\"http:\/\/www.orgullofriki.com\/25mayo\/frikimad\/\"><span class=\"wp-block-navigation-item__label\">ORGULLO FRIKIMAD by ACCI\u00d3N 2023<\/span><\/a><\/li><li class=\" wp-block-navigation-item wp-block-navigation-link\"><a class=\"wp-block-navigation-item__content\"  href=\"http:\/\/www.orgullofriki.com\/25mayo\/frikimad-by-accion-2022\/\"><span class=\"wp-block-navigation-item__label\">FRIKIMAD by Acci\u00f3n 2022<\/span><\/a><\/li><li class=\" wp-block-navigation-item wp-block-navigation-link\"><a class=\"wp-block-navigation-item__content\"  href=\"http:\/\/www.orgullofriki.com\/25mayo\/frikimad-en-pildoras-2021\/\"><span class=\"wp-block-navigation-item__label\">FrikiMAD en P\u00edldoras 2021<\/span><\/a><\/li><li class=\" wp-block-navigation-item wp-block-navigation-link\"><a class=\"wp-block-navigation-item__content\"  href=\"http:\/\/www.orgullofriki.com\/25mayo\/frikimad-en-pildoras-2020\/\"><span class=\"wp-block-navigation-item__label\">FrikiMAD en P\u00edldoras 2020<\/span><\/a><\/li><li class=\" wp-block-navigation-item wp-block-navigation-link\"><a class=\"wp-block-navigation-item__content\"  href=\"http:\/\/www.orgullofriki.com\/25mayo\/frikimad-by-fandome-2019\/\"><span class=\"wp-block-navigation-item__label\">FrikiMAD by FANDOME 2019<\/span><\/a><\/li><li class=\" wp-block-navigation-item wp-block-navigation-link\"><a class=\"wp-block-navigation-item__content\"  href=\"http:\/\/www.orgullofriki.com\/25mayo\/frikimad-2018\/\"><span class=\"wp-block-navigation-item__label\">FrikiMAD 2018<\/span><\/a><\/li><li class=\" wp-block-navigation-item wp-block-navigation-link\"><a class=\"wp-block-navigation-item__content\"  href=\"http:\/\/www.orgullofriki.com\/25mayo\/frikimad-by-frikitrip-2017\/\"><span class=\"wp-block-navigation-item__label\">FrikiMAD by FRIKITRIP 2017<\/span><\/a><\/li><li class=\" wp-block-navigation-item wp-block-navigation-link\"><a class=\"wp-block-navigation-item__content\"  href=\"http:\/\/www.orgullofriki.com\/25mayo\/frikimad-2016\/\"><span class=\"wp-block-navigation-item__label\">FrikiMAD 2016<\/span><\/a><\/li><li class=\" wp-block-navigation-item wp-block-navigation-link\"><a class=\"wp-block-navigation-item__content\"  href=\"http:\/\/www.orgullofriki.com\/25mayo\/frikimad-2015\/\"><span class=\"wp-block-navigation-item__label\">FrikiMAD 2015<\/span><\/a><\/li><li class=\" wp-block-navigation-item wp-block-navigation-link\"><a class=\"wp-block-navigation-item__content\"  href=\"http:\/\/www.orgullofriki.com\/25mayo\/frikimad-2014\/\"><span class=\"wp-block-navigation-item__label\">FrikiMAD 2014<\/span><\/a><\/li><\/ul>\n\t\t\t\t\t\t\t<\/div>\n\t\t\t\t\t\t<\/div>\n\t\t\t\t\t<\/div>\n\t\t\t\t<\/div><\/nav>\n\n<div class=\"wp-block-image\">\n<figure class=\"alignleft size-medium\"><img loading=\"lazy\" decoding=\"async\" width=\"200\" height=\"300\" src=\"http:\/\/www.orgullofriki.com\/25mayo\/wp-content\/uploads\/2022\/08\/CARTEL-FRIKIMAD15_p-200x300.jpg\" alt=\"\" class=\"wp-image-468\" srcset=\"http:\/\/www.orgullofriki.com\/25mayo\/wp-content\/uploads\/2022\/08\/CARTEL-FRIKIMAD15_p-200x300.jpg 200w, http:\/\/www.orgullofriki.com\/25mayo\/wp-content\/uploads\/2022\/08\/CARTEL-FRIKIMAD15_p.jpg 300w\" sizes=\"auto, (max-width: 200px) 100vw, 200px\" \/><\/figure>\n<\/div>\n\n\n<p>La organizaci\u00f3n de <strong>FRIKIMAD <\/strong>corre a cargo de OrgulloFriki.com en colaboraci\u00f3n con la sala cinematogr\u00e1fica <strong>Artistic Metropol<\/strong>, y dentro del Festival <strong>PRE-NOCTURNA<\/strong>. Celebr\u00f3 su segunda edici\u00f3n el domingo 24 de Mayo de 2015.<br>Todos los beneficios generados a trav\u00e9s de <strong>FrikiMAD <\/strong>(venta de packs, camisetas, donaciones, etc.) fueron entregados a la Organizaci\u00f3n de <strong>Fanvenci\u00f3n<\/strong>.<\/p>\n\n\n\n<hr class=\"wp-block-separator has-alpha-channel-opacity\"\/>\n\n\n\n<h2 class=\"wp-block-heading\">Programaci\u00f3n<\/h2>\n\n\n\n<p>Se proyectaron dos pel\u00edculas<\/p>\n\n\n\n<ul class=\"wp-block-list\">\n<li>O AP\u00d3STOLO, de Fernando Cortizo<\/li>\n\n\n\n<li>Pelicul\u00f3n Incunable Friki (Sesi\u00f3n SUOP): INDIANA JONES Y EL TEMPLO MALDITO, de Steven Spielberg<\/li>\n<\/ul>\n\n\n\n<figure class=\"wp-block-gallery has-nested-images columns-default is-cropped wp-block-gallery-2 is-layout-flex wp-block-gallery-is-layout-flex\">\n<figure class=\"wp-block-image size-large\"><img loading=\"lazy\" decoding=\"async\" width=\"1024\" height=\"683\" data-id=\"473\" src=\"http:\/\/www.orgullofriki.com\/25mayo\/wp-content\/uploads\/2022\/08\/DSC_0555-1024x683.jpg\" alt=\"\" class=\"wp-image-473\" srcset=\"http:\/\/www.orgullofriki.com\/25mayo\/wp-content\/uploads\/2022\/08\/DSC_0555-1024x683.jpg 1024w, http:\/\/www.orgullofriki.com\/25mayo\/wp-content\/uploads\/2022\/08\/DSC_0555-300x200.jpg 300w, http:\/\/www.orgullofriki.com\/25mayo\/wp-content\/uploads\/2022\/08\/DSC_0555-768x512.jpg 768w, http:\/\/www.orgullofriki.com\/25mayo\/wp-content\/uploads\/2022\/08\/DSC_0555-1536x1024.jpg 1536w, http:\/\/www.orgullofriki.com\/25mayo\/wp-content\/uploads\/2022\/08\/DSC_0555-2048x1365.jpg 2048w\" sizes=\"auto, (max-width: 1024px) 100vw, 1024px\" \/><\/figure>\n\n\n\n<figure class=\"wp-block-image size-large\"><img loading=\"lazy\" decoding=\"async\" width=\"1024\" height=\"683\" data-id=\"478\" src=\"http:\/\/www.orgullofriki.com\/25mayo\/wp-content\/uploads\/2022\/08\/DSC_0564-1024x683.jpg\" alt=\"\" class=\"wp-image-478\" srcset=\"http:\/\/www.orgullofriki.com\/25mayo\/wp-content\/uploads\/2022\/08\/DSC_0564-1024x683.jpg 1024w, http:\/\/www.orgullofriki.com\/25mayo\/wp-content\/uploads\/2022\/08\/DSC_0564-300x200.jpg 300w, http:\/\/www.orgullofriki.com\/25mayo\/wp-content\/uploads\/2022\/08\/DSC_0564-768x512.jpg 768w, http:\/\/www.orgullofriki.com\/25mayo\/wp-content\/uploads\/2022\/08\/DSC_0564-1536x1024.jpg 1536w, http:\/\/www.orgullofriki.com\/25mayo\/wp-content\/uploads\/2022\/08\/DSC_0564-2048x1365.jpg 2048w\" sizes=\"auto, (max-width: 1024px) 100vw, 1024px\" \/><\/figure>\n\n\n\n<figure class=\"wp-block-image size-large\"><img loading=\"lazy\" decoding=\"async\" width=\"1024\" height=\"683\" data-id=\"482\" src=\"http:\/\/www.orgullofriki.com\/25mayo\/wp-content\/uploads\/2022\/08\/DSC_0678-1024x683.jpg\" alt=\"\" class=\"wp-image-482\" srcset=\"http:\/\/www.orgullofriki.com\/25mayo\/wp-content\/uploads\/2022\/08\/DSC_0678-1024x683.jpg 1024w, http:\/\/www.orgullofriki.com\/25mayo\/wp-content\/uploads\/2022\/08\/DSC_0678-300x200.jpg 300w, http:\/\/www.orgullofriki.com\/25mayo\/wp-content\/uploads\/2022\/08\/DSC_0678-768x512.jpg 768w, http:\/\/www.orgullofriki.com\/25mayo\/wp-content\/uploads\/2022\/08\/DSC_0678.jpg 1152w\" sizes=\"auto, (max-width: 1024px) 100vw, 1024px\" \/><\/figure>\n<\/figure>\n\n\n\n<p>Tambi\u00e9n se proyectaron los cortometrajes<\/p>\n\n\n\n<ul class=\"wp-block-list\">\n<li>LOS NI\u00d1OS DEL JARD\u00cdN de Manuel M. Velasco<\/li>\n\n\n\n<li>MADE IN JAPAN de Ciro Altab\u00e1s<\/li>\n<\/ul>\n\n\n\n\n\n<figure class=\"wp-block-gallery has-nested-images columns-default is-cropped wp-block-gallery-3 is-layout-flex wp-block-gallery-is-layout-flex\">\n<figure class=\"wp-block-image size-large\"><img loading=\"lazy\" decoding=\"async\" width=\"1024\" height=\"683\" data-id=\"486\" src=\"http:\/\/www.orgullofriki.com\/25mayo\/wp-content\/uploads\/2022\/08\/DSC_0626-1024x683.jpg\" alt=\"\" class=\"wp-image-486\" srcset=\"http:\/\/www.orgullofriki.com\/25mayo\/wp-content\/uploads\/2022\/08\/DSC_0626-1024x683.jpg 1024w, http:\/\/www.orgullofriki.com\/25mayo\/wp-content\/uploads\/2022\/08\/DSC_0626-300x200.jpg 300w, http:\/\/www.orgullofriki.com\/25mayo\/wp-content\/uploads\/2022\/08\/DSC_0626-768x512.jpg 768w, http:\/\/www.orgullofriki.com\/25mayo\/wp-content\/uploads\/2022\/08\/DSC_0626-1536x1024.jpg 1536w, http:\/\/www.orgullofriki.com\/25mayo\/wp-content\/uploads\/2022\/08\/DSC_0626-2048x1365.jpg 2048w\" sizes=\"auto, (max-width: 1024px) 100vw, 1024px\" \/><\/figure>\n\n\n\n<figure class=\"wp-block-image size-large\"><img loading=\"lazy\" decoding=\"async\" width=\"1024\" height=\"683\" data-id=\"485\" src=\"http:\/\/www.orgullofriki.com\/25mayo\/wp-content\/uploads\/2022\/08\/DSC_0641-1024x683.jpg\" alt=\"\" class=\"wp-image-485\" srcset=\"http:\/\/www.orgullofriki.com\/25mayo\/wp-content\/uploads\/2022\/08\/DSC_0641-1024x683.jpg 1024w, http:\/\/www.orgullofriki.com\/25mayo\/wp-content\/uploads\/2022\/08\/DSC_0641-300x200.jpg 300w, http:\/\/www.orgullofriki.com\/25mayo\/wp-content\/uploads\/2022\/08\/DSC_0641-768x512.jpg 768w, http:\/\/www.orgullofriki.com\/25mayo\/wp-content\/uploads\/2022\/08\/DSC_0641-1536x1024.jpg 1536w, http:\/\/www.orgullofriki.com\/25mayo\/wp-content\/uploads\/2022\/08\/DSC_0641-2048x1365.jpg 2048w\" sizes=\"auto, (max-width: 1024px) 100vw, 1024px\" \/><\/figure>\n\n\n\n<figure class=\"wp-block-image size-large\"><img loading=\"lazy\" decoding=\"async\" width=\"1024\" height=\"683\" data-id=\"487\" src=\"http:\/\/www.orgullofriki.com\/25mayo\/wp-content\/uploads\/2022\/08\/DSC_0672-1024x683.jpg\" alt=\"\" class=\"wp-image-487\" srcset=\"http:\/\/www.orgullofriki.com\/25mayo\/wp-content\/uploads\/2022\/08\/DSC_0672-1024x683.jpg 1024w, http:\/\/www.orgullofriki.com\/25mayo\/wp-content\/uploads\/2022\/08\/DSC_0672-300x200.jpg 300w, http:\/\/www.orgullofriki.com\/25mayo\/wp-content\/uploads\/2022\/08\/DSC_0672-768x512.jpg 768w, http:\/\/www.orgullofriki.com\/25mayo\/wp-content\/uploads\/2022\/08\/DSC_0672-1536x1024.jpg 1536w, http:\/\/www.orgullofriki.com\/25mayo\/wp-content\/uploads\/2022\/08\/DSC_0672-2048x1365.jpg 2048w\" sizes=\"auto, (max-width: 1024px) 100vw, 1024px\" \/><\/figure>\n<\/figure>\n\n\n\n<p>Y se realizaron varias charlas y presentaciones:<\/p>\n\n\n\n<ul class=\"wp-block-list\">\n<li>Charla \u00abLA CULTURA FRIKI EN ESPA\u00d1A: REFUGIO EN UN MUNDO L\u00cdQUIDO\u00bb con Cristina Mart\u00ednez<\/li>\n\n\n\n<li>Charla \u00abDENTO DEL MINISTERIO DEL TIEMPO\u00bb, con Javier Olivares<\/li>\n\n\n\n<li>\u00abLOS TR\u00c1ILERES QUE VIENEN\u00bb con Manuel M. Velasco y Ciro Altab\u00e1s<\/li>\n<\/ul>\n\n\n\n<figure class=\"wp-block-gallery has-nested-images columns-default is-cropped wp-block-gallery-4 is-layout-flex wp-block-gallery-is-layout-flex\">\n<figure class=\"wp-block-image size-large\"><img loading=\"lazy\" decoding=\"async\" width=\"1024\" height=\"683\" data-id=\"489\" src=\"http:\/\/www.orgullofriki.com\/25mayo\/wp-content\/uploads\/2022\/08\/DSC_0562-1-1024x683.jpg\" alt=\"\" class=\"wp-image-489\" srcset=\"http:\/\/www.orgullofriki.com\/25mayo\/wp-content\/uploads\/2022\/08\/DSC_0562-1-1024x683.jpg 1024w, http:\/\/www.orgullofriki.com\/25mayo\/wp-content\/uploads\/2022\/08\/DSC_0562-1-300x200.jpg 300w, http:\/\/www.orgullofriki.com\/25mayo\/wp-content\/uploads\/2022\/08\/DSC_0562-1-768x512.jpg 768w, http:\/\/www.orgullofriki.com\/25mayo\/wp-content\/uploads\/2022\/08\/DSC_0562-1-1536x1024.jpg 1536w, http:\/\/www.orgullofriki.com\/25mayo\/wp-content\/uploads\/2022\/08\/DSC_0562-1-2048x1365.jpg 2048w\" sizes=\"auto, (max-width: 1024px) 100vw, 1024px\" \/><\/figure>\n\n\n\n<figure class=\"wp-block-image size-large\"><img loading=\"lazy\" decoding=\"async\" width=\"1024\" height=\"683\" data-id=\"491\" src=\"http:\/\/www.orgullofriki.com\/25mayo\/wp-content\/uploads\/2022\/08\/DSC_0598-1024x683.jpg\" alt=\"\" class=\"wp-image-491\" srcset=\"http:\/\/www.orgullofriki.com\/25mayo\/wp-content\/uploads\/2022\/08\/DSC_0598-1024x683.jpg 1024w, http:\/\/www.orgullofriki.com\/25mayo\/wp-content\/uploads\/2022\/08\/DSC_0598-300x200.jpg 300w, http:\/\/www.orgullofriki.com\/25mayo\/wp-content\/uploads\/2022\/08\/DSC_0598-768x512.jpg 768w, http:\/\/www.orgullofriki.com\/25mayo\/wp-content\/uploads\/2022\/08\/DSC_0598-1536x1024.jpg 1536w, http:\/\/www.orgullofriki.com\/25mayo\/wp-content\/uploads\/2022\/08\/DSC_0598-2048x1365.jpg 2048w\" sizes=\"auto, (max-width: 1024px) 100vw, 1024px\" \/><\/figure>\n\n\n\n<figure class=\"wp-block-image size-large\"><img loading=\"lazy\" decoding=\"async\" width=\"1024\" height=\"683\" data-id=\"490\" src=\"http:\/\/www.orgullofriki.com\/25mayo\/wp-content\/uploads\/2022\/08\/DSC_0601-1024x683.jpg\" alt=\"\" class=\"wp-image-490\" srcset=\"http:\/\/www.orgullofriki.com\/25mayo\/wp-content\/uploads\/2022\/08\/DSC_0601-1024x683.jpg 1024w, http:\/\/www.orgullofriki.com\/25mayo\/wp-content\/uploads\/2022\/08\/DSC_0601-300x200.jpg 300w, http:\/\/www.orgullofriki.com\/25mayo\/wp-content\/uploads\/2022\/08\/DSC_0601-768x512.jpg 768w, http:\/\/www.orgullofriki.com\/25mayo\/wp-content\/uploads\/2022\/08\/DSC_0601-1536x1024.jpg 1536w, http:\/\/www.orgullofriki.com\/25mayo\/wp-content\/uploads\/2022\/08\/DSC_0601-2048x1365.jpg 2048w\" sizes=\"auto, (max-width: 1024px) 100vw, 1024px\" \/><\/figure>\n\n\n\n<figure class=\"wp-block-image size-large\"><img loading=\"lazy\" decoding=\"async\" width=\"1024\" height=\"683\" data-id=\"492\" src=\"http:\/\/www.orgullofriki.com\/25mayo\/wp-content\/uploads\/2022\/08\/DSC_0608-1024x683.jpg\" alt=\"\" class=\"wp-image-492\" srcset=\"http:\/\/www.orgullofriki.com\/25mayo\/wp-content\/uploads\/2022\/08\/DSC_0608-1024x683.jpg 1024w, http:\/\/www.orgullofriki.com\/25mayo\/wp-content\/uploads\/2022\/08\/DSC_0608-300x200.jpg 300w, http:\/\/www.orgullofriki.com\/25mayo\/wp-content\/uploads\/2022\/08\/DSC_0608-768x512.jpg 768w, http:\/\/www.orgullofriki.com\/25mayo\/wp-content\/uploads\/2022\/08\/DSC_0608-1536x1024.jpg 1536w, http:\/\/www.orgullofriki.com\/25mayo\/wp-content\/uploads\/2022\/08\/DSC_0608-2048x1365.jpg 2048w\" sizes=\"auto, (max-width: 1024px) 100vw, 1024px\" \/><\/figure>\n\n\n\n<figure class=\"wp-block-image size-large\"><img loading=\"lazy\" decoding=\"async\" width=\"1024\" height=\"683\" data-id=\"488\" src=\"http:\/\/www.orgullofriki.com\/25mayo\/wp-content\/uploads\/2022\/08\/DSC_0655-1024x683.jpg\" alt=\"\" class=\"wp-image-488\" srcset=\"http:\/\/www.orgullofriki.com\/25mayo\/wp-content\/uploads\/2022\/08\/DSC_0655-1024x683.jpg 1024w, http:\/\/www.orgullofriki.com\/25mayo\/wp-content\/uploads\/2022\/08\/DSC_0655-300x200.jpg 300w, http:\/\/www.orgullofriki.com\/25mayo\/wp-content\/uploads\/2022\/08\/DSC_0655-768x512.jpg 768w, http:\/\/www.orgullofriki.com\/25mayo\/wp-content\/uploads\/2022\/08\/DSC_0655-1536x1024.jpg 1536w, http:\/\/www.orgullofriki.com\/25mayo\/wp-content\/uploads\/2022\/08\/DSC_0655-2048x1365.jpg 2048w\" sizes=\"auto, (max-width: 1024px) 100vw, 1024px\" \/><\/figure>\n\n\n\n<figure class=\"wp-block-image size-large\"><img loading=\"lazy\" decoding=\"async\" width=\"1024\" height=\"683\" data-id=\"493\" src=\"http:\/\/www.orgullofriki.com\/25mayo\/wp-content\/uploads\/2022\/08\/DSC_0657-1024x683.jpg\" alt=\"\" class=\"wp-image-493\" srcset=\"http:\/\/www.orgullofriki.com\/25mayo\/wp-content\/uploads\/2022\/08\/DSC_0657-1024x683.jpg 1024w, http:\/\/www.orgullofriki.com\/25mayo\/wp-content\/uploads\/2022\/08\/DSC_0657-300x200.jpg 300w, http:\/\/www.orgullofriki.com\/25mayo\/wp-content\/uploads\/2022\/08\/DSC_0657-768x512.jpg 768w, http:\/\/www.orgullofriki.com\/25mayo\/wp-content\/uploads\/2022\/08\/DSC_0657-1536x1024.jpg 1536w, http:\/\/www.orgullofriki.com\/25mayo\/wp-content\/uploads\/2022\/08\/DSC_0657-2048x1365.jpg 2048w\" sizes=\"auto, (max-width: 1024px) 100vw, 1024px\" \/><\/figure>\n<\/figure>\n\n\n\n<h2 class=\"wp-block-heading\">Patrocinadores<\/h2>\n\n\n\n<p>NOCTURNA &#8211; SUOP &#8211; VADER-77 &#8211; FANVENCI\u00d3N &#8211; COSMIC &#8211; ARTEFACTO PRODUCCIONES &#8211; FUNIDELIA &#8211; PLANETA COMIC &#8211; MINOTAURO &#8211; TIMUN MAS &#8211; DOLMEN EDITORIAL &#8211; GIGAMESH &#8211; PARAMOUNT &#8211; AACF<\/p>\n\n\n\n<h3 class=\"wp-block-heading\">Mecenas<\/h3>\n\n\n\n<p>JES\u00daS \u00c1LVAREZ &#8211; HONORIO ARRIBAS &#8211; ESTHER BABILONIA &#8211; PALOMA BARRASA &#8211; BENJAM\u00cdN BRU\u00d1A &#8211; IAGO CLEMENTE &#8211; VICENTE ESTRELLES &#8211; LUIS FERN\u00c1NDEZ &#8211; MARCOS HERN\u00c1NDEZ &#8211; PABLO JIM\u00c9NEZ &#8211; CARLOS KIEFFER &#8211; JAVIER LOIS &#8211; ALBERTO LOZANO &#8211; ANA MONTERO &#8211; DAVID MORAN &#8211; NATALIA REVILLA &#8211; BEL\u00c9N ROMANO &#8211; JOSECHU SANMART\u00cdN &#8211; JAIME CASCALES &#8211; ENRIQUE CONTRERAS &#8211; ALEX ENCABO &#8211; GUILLERMO FERRER &#8211; ANTONIO GUERRERO &#8211; JES\u00daS D\u00cdAZ DE LOSADA &#8211; LUIS FRANCO &#8211; GONZALO JIM\u00c9NEZ &#8211; MALASA\u00d1AMAN &#8211; CARLOS ALONSO RUBIO &#8211; ISAAC VICENTE S\u00c1NCHEZ &#8211; B\u00c1RBARA TORRES<\/p>\n","protected":false},"excerpt":{"rendered":"<div class=\"entry-summary\">\nLa organizaci\u00f3n de FRIKIMAD corre a cargo de OrgulloFriki.com en colaboraci\u00f3n con la sala cinematogr\u00e1fica Artistic Metropol, y dentro del Festival PRE-NOCTURNA. Celebr\u00f3 su segunda edici\u00f3n el domingo 24 de Mayo de 2015.Todos los beneficios generados a trav\u00e9s de FrikiMAD (venta de packs, camisetas, donaciones, etc.) fueron entregados a la Organizaci\u00f3n de Fanvenci\u00f3n. Programaci\u00f3n Se&hellip;\n<\/div>\n<div class=\"link-more\"><a href=\"http:\/\/www.orgullofriki.com\/25mayo\/frikimad-2015\/\" class=\"more-link\">Continue reading<span class=\"screen-reader-text\"> &ldquo;FrikiMAD 2015&rdquo;<\/span>&hellip;<\/a><\/div>\n","protected":false},"author":1,"featured_media":0,"parent":0,"menu_order":0,"comment_status":"closed","ping_status":"closed","template":"","meta":{"ngg_post_thumbnail":0,"footnotes":""},"class_list":["post-467","page","type-page","status-publish","hentry","entry"],"_links":{"self":[{"href":"http:\/\/www.orgullofriki.com\/25mayo\/wp-json\/wp\/v2\/pages\/467","targetHints":{"allow":["GET"]}}],"collection":[{"href":"http:\/\/www.orgullofriki.com\/25mayo\/wp-json\/wp\/v2\/pages"}],"about":[{"href":"http:\/\/www.orgullofriki.com\/25mayo\/wp-json\/wp\/v2\/types\/page"}],"author":[{"embeddable":true,"href":"http:\/\/www.orgullofriki.com\/25mayo\/wp-json\/wp\/v2\/users\/1"}],"replies":[{"embeddable":true,"href":"http:\/\/www.orgullofriki.com\/25mayo\/wp-json\/wp\/v2\/comments?post=467"}],"version-history":[{"count":4,"href":"http:\/\/www.orgullofriki.com\/25mayo\/wp-json\/wp\/v2\/pages\/467\/revisions"}],"predecessor-version":[{"id":568,"href":"http:\/\/www.orgullofriki.com\/25mayo\/wp-json\/wp\/v2\/pages\/467\/revisions\/568"}],"wp:attachment":[{"href":"http:\/\/www.orgullofriki.com\/25mayo\/wp-json\/wp\/v2\/media?parent=467"}],"curies":[{"name":"wp","href":"https:\/\/api.w.org\/{rel}","templated":true}]}}