{"id":416,"date":"2022-08-24T06:58:07","date_gmt":"2022-08-24T06:58:07","guid":{"rendered":"http:\/\/www.orgullofriki.com\/25mayo\/?page_id=416"},"modified":"2024-05-09T13:53:28","modified_gmt":"2024-05-09T13:53:28","slug":"frikimad-by-frikitrip-2017","status":"publish","type":"page","link":"http:\/\/www.orgullofriki.com\/25mayo\/frikimad-by-frikitrip-2017\/","title":{"rendered":"FrikiMAD by FRIKITRIP 2017"},"content":{"rendered":"<nav class=\"is-responsive menu_interno wp-block-navigation is-layout-flex wp-block-navigation-is-layout-flex\" aria-label=\"Manu FrikiMAD\" \n\t\t data-wp-interactive=\"core\/navigation\" data-wp-context='{\"overlayOpenedBy\":{\"click\":false,\"hover\":false,\"focus\":false},\"type\":\"overlay\",\"roleAttribute\":\"\",\"ariaLabel\":\"Men\\u00fa\"}'><button aria-haspopup=\"dialog\" aria-label=\"Abrir el men\u00fa\" class=\"wp-block-navigation__responsive-container-open\" \n\t\t\t\tdata-wp-on--click=\"actions.openMenuOnClick\"\n\t\t\t\tdata-wp-on--keydown=\"actions.handleMenuKeydown\"\n\t\t\t><svg width=\"24\" height=\"24\" xmlns=\"http:\/\/www.w3.org\/2000\/svg\" viewBox=\"0 0 24 24\" aria-hidden=\"true\" focusable=\"false\"><path d=\"M4 7.5h16v1.5H4z\"><\/path><path d=\"M4 15h16v1.5H4z\"><\/path><\/svg><\/button>\n\t\t\t\t<div class=\"wp-block-navigation__responsive-container\"  id=\"modal-1\" \n\t\t\t\tdata-wp-class--has-modal-open=\"state.isMenuOpen\"\n\t\t\t\tdata-wp-class--is-menu-open=\"state.isMenuOpen\"\n\t\t\t\tdata-wp-watch=\"callbacks.initMenu\"\n\t\t\t\tdata-wp-on--keydown=\"actions.handleMenuKeydown\"\n\t\t\t\tdata-wp-on--focusout=\"actions.handleMenuFocusout\"\n\t\t\t\ttabindex=\"-1\"\n\t\t\t>\n\t\t\t\t\t<div class=\"wp-block-navigation__responsive-close\" tabindex=\"-1\">\n\t\t\t\t\t\t<div class=\"wp-block-navigation__responsive-dialog\" \n\t\t\t\tdata-wp-bind--aria-modal=\"state.ariaModal\"\n\t\t\t\tdata-wp-bind--aria-label=\"state.ariaLabel\"\n\t\t\t\tdata-wp-bind--role=\"state.roleAttribute\"\n\t\t\t>\n\t\t\t\t\t\t\t<button aria-label=\"Cerrar el men\u00fa\" class=\"wp-block-navigation__responsive-container-close\" \n\t\t\t\tdata-wp-on--click=\"actions.closeMenuOnClick\"\n\t\t\t><svg xmlns=\"http:\/\/www.w3.org\/2000\/svg\" viewBox=\"0 0 24 24\" width=\"24\" height=\"24\" aria-hidden=\"true\" focusable=\"false\"><path d=\"m13.06 12 6.47-6.47-1.06-1.06L12 10.94 5.53 4.47 4.47 5.53 10.94 12l-6.47 6.47 1.06 1.06L12 13.06l6.47 6.47 1.06-1.06L13.06 12Z\"><\/path><\/svg><\/button>\n\t\t\t\t\t\t\t<div class=\"wp-block-navigation__responsive-container-content\" \n\t\t\t\tdata-wp-watch=\"callbacks.focusFirstElement\"\n\t\t\t id=\"modal-1-content\">\n\t\t\t\t\t\t\t\t<ul class=\"wp-block-navigation__container is-responsive menu_interno wp-block-navigation\"><li class=\" wp-block-navigation-item wp-block-navigation-link\"><a class=\"wp-block-navigation-item__content\"  href=\"http:\/\/www.orgullofriki.com\/25mayo\/frikimad\/\"><span class=\"wp-block-navigation-item__label\">ORGULLO FRIKIMAD by ACCI\u00d3N 2023<\/span><\/a><\/li><li class=\" wp-block-navigation-item wp-block-navigation-link\"><a class=\"wp-block-navigation-item__content\"  href=\"http:\/\/www.orgullofriki.com\/25mayo\/frikimad-by-accion-2022\/\"><span class=\"wp-block-navigation-item__label\">FRIKIMAD by Acci\u00f3n 2022<\/span><\/a><\/li><li class=\" wp-block-navigation-item wp-block-navigation-link\"><a class=\"wp-block-navigation-item__content\"  href=\"http:\/\/www.orgullofriki.com\/25mayo\/frikimad-en-pildoras-2021\/\"><span class=\"wp-block-navigation-item__label\">FrikiMAD en P\u00edldoras 2021<\/span><\/a><\/li><li class=\" wp-block-navigation-item wp-block-navigation-link\"><a class=\"wp-block-navigation-item__content\"  href=\"http:\/\/www.orgullofriki.com\/25mayo\/frikimad-en-pildoras-2020\/\"><span class=\"wp-block-navigation-item__label\">FrikiMAD en P\u00edldoras 2020<\/span><\/a><\/li><li class=\" wp-block-navigation-item wp-block-navigation-link\"><a class=\"wp-block-navigation-item__content\"  href=\"http:\/\/www.orgullofriki.com\/25mayo\/frikimad-by-fandome-2019\/\"><span class=\"wp-block-navigation-item__label\">FrikiMAD by FANDOME 2019<\/span><\/a><\/li><li class=\" wp-block-navigation-item wp-block-navigation-link\"><a class=\"wp-block-navigation-item__content\"  href=\"http:\/\/www.orgullofriki.com\/25mayo\/frikimad-2018\/\"><span class=\"wp-block-navigation-item__label\">FrikiMAD 2018<\/span><\/a><\/li><li class=\" wp-block-navigation-item wp-block-navigation-link\"><a class=\"wp-block-navigation-item__content\"  href=\"http:\/\/www.orgullofriki.com\/25mayo\/frikimad-by-frikitrip-2017\/\"><span class=\"wp-block-navigation-item__label\">FrikiMAD by FRIKITRIP 2017<\/span><\/a><\/li><li class=\" wp-block-navigation-item wp-block-navigation-link\"><a class=\"wp-block-navigation-item__content\"  href=\"http:\/\/www.orgullofriki.com\/25mayo\/frikimad-2016\/\"><span class=\"wp-block-navigation-item__label\">FrikiMAD 2016<\/span><\/a><\/li><li class=\" wp-block-navigation-item wp-block-navigation-link\"><a class=\"wp-block-navigation-item__content\"  href=\"http:\/\/www.orgullofriki.com\/25mayo\/frikimad-2015\/\"><span class=\"wp-block-navigation-item__label\">FrikiMAD 2015<\/span><\/a><\/li><li class=\" wp-block-navigation-item wp-block-navigation-link\"><a class=\"wp-block-navigation-item__content\"  href=\"http:\/\/www.orgullofriki.com\/25mayo\/frikimad-2014\/\"><span class=\"wp-block-navigation-item__label\">FrikiMAD 2014<\/span><\/a><\/li><\/ul>\n\t\t\t\t\t\t\t<\/div>\n\t\t\t\t\t\t<\/div>\n\t\t\t\t\t<\/div>\n\t\t\t\t<\/div><\/nav>\n\n<div class=\"wp-block-image\">\n<figure class=\"alignleft size-medium\"><img loading=\"lazy\" decoding=\"async\" width=\"300\" height=\"159\" src=\"http:\/\/www.orgullofriki.com\/25mayo\/wp-content\/uploads\/2022\/08\/FRIKIMAD17-300x159.jpg\" alt=\"\" class=\"wp-image-417\" srcset=\"http:\/\/www.orgullofriki.com\/25mayo\/wp-content\/uploads\/2022\/08\/FRIKIMAD17-300x159.jpg 300w, http:\/\/www.orgullofriki.com\/25mayo\/wp-content\/uploads\/2022\/08\/FRIKIMAD17.jpg 541w\" sizes=\"auto, (max-width: 300px) 100vw, 300px\" \/><\/figure>\n<\/div>\n\n\n<p>La organizaci\u00f3n de <strong>FRIKIMAD by FrikiTrip<\/strong> corre a cargo de <strong>OrgulloFriki.com<\/strong> en colaboraci\u00f3n con <strong>FrikiTrip<\/strong> y la sala cinematogr\u00e1fica <strong>Artistic Metropol<\/strong>. Se celebr\u00f3 el 28 de Mayo de 2017.<\/p>\n\n\n\n<p>Todos los beneficios generados a trav\u00e9s de <strong>FrikiMAD by FrikiTrip<\/strong> (venta de packs, camisetas, donaciones, etc.) fueron entregados a la <strong>ASOCIACI\u00d3N ESPA\u00d1OLA S\u00cdNDROME CDG<\/strong> a trav\u00e9s de <strong>FANVENCI\u00d3N<\/strong>.<br>Se proyectaron dos pel\u00edculas:<\/p>\n\n\n\n<ul class=\"wp-block-list\">\n<li><strong>PROYECTO PATRONUS<\/strong> de Fernando Vidal y Beatriz Mart\u00ednez<\/li>\n\n\n\n<li>Pelicul\u00f3n Incunable Friki: <strong>LA PRINCESA PROMETIDA <\/strong>de Rob Reiner<\/li>\n<\/ul>\n\n\n\n<p>Tambi\u00e9n se proyectaron 3 cortometrajes<\/p>\n\n\n\n<ul class=\"wp-block-list\">\n<li><strong>REM <\/strong>de Joseba Alfaro<\/li>\n\n\n\n<li><strong>DESTROY MADRID<\/strong> de Joseba Alfaro<\/li>\n\n\n\n<li><strong>1982<\/strong>, de Fran Gas<\/li>\n<\/ul>\n\n\n\n<p>Y adem\u00e1s se present\u00f3, con un trailer exclusivo:<\/p>\n\n\n\n<ul class=\"wp-block-list\">\n<li><strong>CINEBASURA. LA PELI<\/strong>, de Paco Fox, Miguel \u00c1ngel Viruete<\/li>\n<\/ul>\n\n\n\n<p>Y aqu\u00ed podreis ver los videos de otras presentaciones y charlas de la jornada:<\/p>\n\n\n\n<figure class=\"wp-block-embed is-type-rich is-provider-gestor-del-servicio wp-block-embed-gestor-del-servicio wp-embed-aspect-16-9 wp-has-aspect-ratio\"><div class=\"wp-block-embed__wrapper\">\n<iframe loading=\"lazy\" title=\"LOS VIDEOS DE FRIKIMAD BY FRIKITRIP #1\" width=\"1200\" height=\"675\" src=\"https:\/\/www.youtube.com\/embed\/NXLJw7C_l4g?feature=oembed\" frameborder=\"0\" allow=\"accelerometer; autoplay; clipboard-write; encrypted-media; gyroscope; picture-in-picture\" allowfullscreen><\/iframe>\n<\/div><\/figure>\n\n\n\n<figure class=\"wp-block-embed is-type-rich is-provider-gestor-del-servicio wp-block-embed-gestor-del-servicio wp-embed-aspect-16-9 wp-has-aspect-ratio\"><div class=\"wp-block-embed__wrapper\">\n<iframe loading=\"lazy\" title=\"LOS VIDEOS DE FRIKIMAD BY FRIKITRIP #2\" width=\"1200\" height=\"675\" src=\"https:\/\/www.youtube.com\/embed\/w2qJyrP0hck?feature=oembed\" frameborder=\"0\" allow=\"accelerometer; autoplay; clipboard-write; encrypted-media; gyroscope; picture-in-picture\" allowfullscreen><\/iframe>\n<\/div><\/figure>\n\n\n\n<figure class=\"wp-block-embed is-type-rich is-provider-gestor-del-servicio wp-block-embed-gestor-del-servicio wp-embed-aspect-16-9 wp-has-aspect-ratio\"><div class=\"wp-block-embed__wrapper\">\n<iframe loading=\"lazy\" title=\"LOS VIDEOS DE FRIKIMAD BY FRIKITRIP #3\" width=\"1200\" height=\"675\" src=\"https:\/\/www.youtube.com\/embed\/qaz-nDRYlnM?feature=oembed\" frameborder=\"0\" allow=\"accelerometer; autoplay; clipboard-write; encrypted-media; gyroscope; picture-in-picture\" allowfullscreen><\/iframe>\n<\/div><\/figure>\n\n\n\n<figure class=\"wp-block-embed is-type-rich is-provider-gestor-del-servicio wp-block-embed-gestor-del-servicio wp-embed-aspect-16-9 wp-has-aspect-ratio\"><div class=\"wp-block-embed__wrapper\">\n<iframe loading=\"lazy\" title=\"Los Videos de FrikiMAD by Frikitrip #4\" width=\"1200\" height=\"675\" src=\"https:\/\/www.youtube.com\/embed\/nWzzhWQb2fM?feature=oembed\" frameborder=\"0\" allow=\"accelerometer; autoplay; clipboard-write; encrypted-media; gyroscope; picture-in-picture\" allowfullscreen><\/iframe>\n<\/div><\/figure>\n\n\n\n<figure class=\"wp-block-embed is-type-rich is-provider-gestor-del-servicio wp-block-embed-gestor-del-servicio wp-embed-aspect-16-9 wp-has-aspect-ratio\"><div class=\"wp-block-embed__wrapper\">\n<iframe loading=\"lazy\" title=\"Todo sobre... BLADE RUNNER: el duelo entre literatura y cine\" width=\"1200\" height=\"675\" src=\"https:\/\/www.youtube.com\/embed\/S75eaPAvltQ?feature=oembed\" frameborder=\"0\" allow=\"accelerometer; autoplay; clipboard-write; encrypted-media; gyroscope; picture-in-picture\" allowfullscreen><\/iframe>\n<\/div><\/figure>\n\n\n\n<h2 class=\"wp-block-heading\">Patrocinadores<\/h2>\n\n\n<div class=\"wp-block-image\">\n<figure class=\"aligncenter size-full\"><img loading=\"lazy\" decoding=\"async\" width=\"500\" height=\"100\" src=\"http:\/\/www.orgullofriki.com\/25mayo\/wp-content\/uploads\/2022\/08\/banner_frikitrip_long.jpg\" alt=\"\" class=\"wp-image-423\" srcset=\"http:\/\/www.orgullofriki.com\/25mayo\/wp-content\/uploads\/2022\/08\/banner_frikitrip_long.jpg 500w, http:\/\/www.orgullofriki.com\/25mayo\/wp-content\/uploads\/2022\/08\/banner_frikitrip_long-300x60.jpg 300w\" sizes=\"auto, (max-width: 500px) 100vw, 500px\" \/><\/figure>\n<\/div>\n\n\n<p>FANVENCION &#8211; AACF &#8211; ASTROWORKS &#8211; REVISTA ACCI\u00d3N &#8211; PLANETA COMIC &#8211; TOPPS &#8211; ECC &#8211; FUNIDELIA &#8211; DOLMEN EDITORIAL &#8211; PENGUIN RANDOM HOUSE &#8211; MINOTAURO &#8211; JUGUETR\u00d3NICA &#8211; AKIRA COMICS &#8211; KEEPCODING &#8211; GIGAMESH<\/p>\n\n\n\n<h3 class=\"wp-block-heading\">Mecenas<\/h3>\n\n\n\n<p>BEL\u00c9N ROMANO &#8211; JAIME CASCALES &#8211; NATALIA REVILLA &#8211; LUIS FERN\u00c1NDEZ &#8211; JOSE IGNACIO BRAVO &#8211; JOSE MAR\u00cdA RAMOS &#8211; JES\u00daS D\u00cdAZ DE LOSADA &#8211; BLAI BONET &#8211; DAVID BERDUGO &#8211; JOSE MAR\u00cdA GARC\u00cdA &#8211; JES\u00daS \u00c1LVAREZ &#8211; LUIS FRANCO &#8211; GERM\u00c1N MU\u00d1OZ &#8211; MARIO VILLAR &#8211; JUAN JOSE GONZALEZ &#8211; PABLO JIM\u00c9NEZ &#8211; VER\u00d3NICA CEA &#8211; MIGUEL BRISO &#8211; ENRIQUE VIUDES &#8211; HONORIO ARRIBAS &#8211; FERNANDO MART\u00cdNEZ &#8211; PAULUS GELMAN &#8211; HARRYBRAFF &#8211; \u00c1NGEL COOMONTE &#8211; MARCOS JIMENEZ &#8211; DAVID JIM\u00c9NEZ &#8211; RICARDO MAYORAL &#8211; JORGE SANZ<\/p>\n","protected":false},"excerpt":{"rendered":"<div class=\"entry-summary\">\nLa organizaci\u00f3n de FRIKIMAD by FrikiTrip corre a cargo de OrgulloFriki.com en colaboraci\u00f3n con FrikiTrip y la sala cinematogr\u00e1fica Artistic Metropol. Se celebr\u00f3 el 28 de Mayo de 2017. Todos los beneficios generados a trav\u00e9s de FrikiMAD by FrikiTrip (venta de packs, camisetas, donaciones, etc.) fueron entregados a la ASOCIACI\u00d3N ESPA\u00d1OLA S\u00cdNDROME CDG a trav\u00e9s&hellip;\n<\/div>\n<div class=\"link-more\"><a href=\"http:\/\/www.orgullofriki.com\/25mayo\/frikimad-by-frikitrip-2017\/\" class=\"more-link\">Continue reading<span class=\"screen-reader-text\"> &ldquo;FrikiMAD by FRIKITRIP 2017&rdquo;<\/span>&hellip;<\/a><\/div>\n","protected":false},"author":1,"featured_media":0,"parent":0,"menu_order":0,"comment_status":"closed","ping_status":"closed","template":"","meta":{"ngg_post_thumbnail":0,"footnotes":""},"class_list":["post-416","page","type-page","status-publish","hentry","entry"],"_links":{"self":[{"href":"http:\/\/www.orgullofriki.com\/25mayo\/wp-json\/wp\/v2\/pages\/416","targetHints":{"allow":["GET"]}}],"collection":[{"href":"http:\/\/www.orgullofriki.com\/25mayo\/wp-json\/wp\/v2\/pages"}],"about":[{"href":"http:\/\/www.orgullofriki.com\/25mayo\/wp-json\/wp\/v2\/types\/page"}],"author":[{"embeddable":true,"href":"http:\/\/www.orgullofriki.com\/25mayo\/wp-json\/wp\/v2\/users\/1"}],"replies":[{"embeddable":true,"href":"http:\/\/www.orgullofriki.com\/25mayo\/wp-json\/wp\/v2\/comments?post=416"}],"version-history":[{"count":5,"href":"http:\/\/www.orgullofriki.com\/25mayo\/wp-json\/wp\/v2\/pages\/416\/revisions"}],"predecessor-version":[{"id":689,"href":"http:\/\/www.orgullofriki.com\/25mayo\/wp-json\/wp\/v2\/pages\/416\/revisions\/689"}],"wp:attachment":[{"href":"http:\/\/www.orgullofriki.com\/25mayo\/wp-json\/wp\/v2\/media?parent=416"}],"curies":[{"name":"wp","href":"https:\/\/api.w.org\/{rel}","templated":true}]}}