{"id":401,"date":"2022-08-23T06:41:45","date_gmt":"2022-08-23T06:41:45","guid":{"rendered":"http:\/\/www.orgullofriki.com\/25mayo\/?page_id=401"},"modified":"2024-05-09T13:54:12","modified_gmt":"2024-05-09T13:54:12","slug":"frikimad-2018","status":"publish","type":"page","link":"http:\/\/www.orgullofriki.com\/25mayo\/frikimad-2018\/","title":{"rendered":"FrikiMAD 2018"},"content":{"rendered":"<nav class=\"is-responsive menu_interno wp-block-navigation is-layout-flex wp-block-navigation-is-layout-flex\" aria-label=\"Manu FrikiMAD\" \n\t\t data-wp-interactive=\"core\/navigation\" data-wp-context='{\"overlayOpenedBy\":{\"click\":false,\"hover\":false,\"focus\":false},\"type\":\"overlay\",\"roleAttribute\":\"\",\"ariaLabel\":\"Men\\u00fa\"}'><button aria-haspopup=\"dialog\" aria-label=\"Abrir el men\u00fa\" class=\"wp-block-navigation__responsive-container-open\" \n\t\t\t\tdata-wp-on--click=\"actions.openMenuOnClick\"\n\t\t\t\tdata-wp-on--keydown=\"actions.handleMenuKeydown\"\n\t\t\t><svg width=\"24\" height=\"24\" xmlns=\"http:\/\/www.w3.org\/2000\/svg\" viewBox=\"0 0 24 24\" aria-hidden=\"true\" focusable=\"false\"><path d=\"M4 7.5h16v1.5H4z\"><\/path><path d=\"M4 15h16v1.5H4z\"><\/path><\/svg><\/button>\n\t\t\t\t<div class=\"wp-block-navigation__responsive-container\"  id=\"modal-1\" \n\t\t\t\tdata-wp-class--has-modal-open=\"state.isMenuOpen\"\n\t\t\t\tdata-wp-class--is-menu-open=\"state.isMenuOpen\"\n\t\t\t\tdata-wp-watch=\"callbacks.initMenu\"\n\t\t\t\tdata-wp-on--keydown=\"actions.handleMenuKeydown\"\n\t\t\t\tdata-wp-on--focusout=\"actions.handleMenuFocusout\"\n\t\t\t\ttabindex=\"-1\"\n\t\t\t>\n\t\t\t\t\t<div class=\"wp-block-navigation__responsive-close\" tabindex=\"-1\">\n\t\t\t\t\t\t<div class=\"wp-block-navigation__responsive-dialog\" \n\t\t\t\tdata-wp-bind--aria-modal=\"state.ariaModal\"\n\t\t\t\tdata-wp-bind--aria-label=\"state.ariaLabel\"\n\t\t\t\tdata-wp-bind--role=\"state.roleAttribute\"\n\t\t\t>\n\t\t\t\t\t\t\t<button aria-label=\"Cerrar el men\u00fa\" class=\"wp-block-navigation__responsive-container-close\" \n\t\t\t\tdata-wp-on--click=\"actions.closeMenuOnClick\"\n\t\t\t><svg xmlns=\"http:\/\/www.w3.org\/2000\/svg\" viewBox=\"0 0 24 24\" width=\"24\" height=\"24\" aria-hidden=\"true\" focusable=\"false\"><path d=\"m13.06 12 6.47-6.47-1.06-1.06L12 10.94 5.53 4.47 4.47 5.53 10.94 12l-6.47 6.47 1.06 1.06L12 13.06l6.47 6.47 1.06-1.06L13.06 12Z\"><\/path><\/svg><\/button>\n\t\t\t\t\t\t\t<div class=\"wp-block-navigation__responsive-container-content\" \n\t\t\t\tdata-wp-watch=\"callbacks.focusFirstElement\"\n\t\t\t id=\"modal-1-content\">\n\t\t\t\t\t\t\t\t<ul class=\"wp-block-navigation__container is-responsive menu_interno wp-block-navigation\"><li class=\" wp-block-navigation-item wp-block-navigation-link\"><a class=\"wp-block-navigation-item__content\"  href=\"http:\/\/www.orgullofriki.com\/25mayo\/frikimad\/\"><span class=\"wp-block-navigation-item__label\">ORGULLO FRIKIMAD by ACCI\u00d3N 2023<\/span><\/a><\/li><li class=\" wp-block-navigation-item wp-block-navigation-link\"><a class=\"wp-block-navigation-item__content\"  href=\"http:\/\/www.orgullofriki.com\/25mayo\/frikimad-by-accion-2022\/\"><span class=\"wp-block-navigation-item__label\">FRIKIMAD by Acci\u00f3n 2022<\/span><\/a><\/li><li class=\" wp-block-navigation-item wp-block-navigation-link\"><a class=\"wp-block-navigation-item__content\"  href=\"http:\/\/www.orgullofriki.com\/25mayo\/frikimad-en-pildoras-2021\/\"><span class=\"wp-block-navigation-item__label\">FrikiMAD en P\u00edldoras 2021<\/span><\/a><\/li><li class=\" wp-block-navigation-item wp-block-navigation-link\"><a class=\"wp-block-navigation-item__content\"  href=\"http:\/\/www.orgullofriki.com\/25mayo\/frikimad-en-pildoras-2020\/\"><span class=\"wp-block-navigation-item__label\">FrikiMAD en P\u00edldoras 2020<\/span><\/a><\/li><li class=\" wp-block-navigation-item wp-block-navigation-link\"><a class=\"wp-block-navigation-item__content\"  href=\"http:\/\/www.orgullofriki.com\/25mayo\/frikimad-by-fandome-2019\/\"><span class=\"wp-block-navigation-item__label\">FrikiMAD by FANDOME 2019<\/span><\/a><\/li><li class=\" wp-block-navigation-item wp-block-navigation-link\"><a class=\"wp-block-navigation-item__content\"  href=\"http:\/\/www.orgullofriki.com\/25mayo\/frikimad-2018\/\"><span class=\"wp-block-navigation-item__label\">FrikiMAD 2018<\/span><\/a><\/li><li class=\" wp-block-navigation-item wp-block-navigation-link\"><a class=\"wp-block-navigation-item__content\"  href=\"http:\/\/www.orgullofriki.com\/25mayo\/frikimad-by-frikitrip-2017\/\"><span class=\"wp-block-navigation-item__label\">FrikiMAD by FRIKITRIP 2017<\/span><\/a><\/li><li class=\" wp-block-navigation-item wp-block-navigation-link\"><a class=\"wp-block-navigation-item__content\"  href=\"http:\/\/www.orgullofriki.com\/25mayo\/frikimad-2016\/\"><span class=\"wp-block-navigation-item__label\">FrikiMAD 2016<\/span><\/a><\/li><li class=\" wp-block-navigation-item wp-block-navigation-link\"><a class=\"wp-block-navigation-item__content\"  href=\"http:\/\/www.orgullofriki.com\/25mayo\/frikimad-2015\/\"><span class=\"wp-block-navigation-item__label\">FrikiMAD 2015<\/span><\/a><\/li><li class=\" wp-block-navigation-item wp-block-navigation-link\"><a class=\"wp-block-navigation-item__content\"  href=\"http:\/\/www.orgullofriki.com\/25mayo\/frikimad-2014\/\"><span class=\"wp-block-navigation-item__label\">FrikiMAD 2014<\/span><\/a><\/li><\/ul>\n\t\t\t\t\t\t\t<\/div>\n\t\t\t\t\t\t<\/div>\n\t\t\t\t\t<\/div>\n\t\t\t\t<\/div><\/nav>\n\n<div class=\"wp-block-image\">\n<figure class=\"alignleft size-medium\"><img loading=\"lazy\" decoding=\"async\" width=\"204\" height=\"300\" src=\"http:\/\/www.orgullofriki.com\/25mayo\/wp-content\/uploads\/2022\/08\/PORTADA-ACTION-COMICS-FRIKIMAD-204x300.jpg\" alt=\"\" class=\"wp-image-402\" srcset=\"http:\/\/www.orgullofriki.com\/25mayo\/wp-content\/uploads\/2022\/08\/PORTADA-ACTION-COMICS-FRIKIMAD-204x300.jpg 204w, http:\/\/www.orgullofriki.com\/25mayo\/wp-content\/uploads\/2022\/08\/PORTADA-ACTION-COMICS-FRIKIMAD-698x1024.jpg 698w, http:\/\/www.orgullofriki.com\/25mayo\/wp-content\/uploads\/2022\/08\/PORTADA-ACTION-COMICS-FRIKIMAD-768x1127.jpg 768w, http:\/\/www.orgullofriki.com\/25mayo\/wp-content\/uploads\/2022\/08\/PORTADA-ACTION-COMICS-FRIKIMAD-1047x1536.jpg 1047w, http:\/\/www.orgullofriki.com\/25mayo\/wp-content\/uploads\/2022\/08\/PORTADA-ACTION-COMICS-FRIKIMAD.jpg 1396w\" sizes=\"auto, (max-width: 204px) 100vw, 204px\" \/><\/figure>\n<\/div>\n\n\n<p>La organizaci\u00f3n de <strong>FRIKIMAD <\/strong>corre a cargo de <strong>OrgulloFriki.com<\/strong> en colaboraci\u00f3n con la sala cinematogr\u00e1fica <strong>Artistic Metropol<\/strong>. Se celebr\u00f3 esta cuarta edici\u00f3n el domingo 20 de Mayo de 2018.<\/p>\n\n\n\n<p>Todos los beneficios generados a trav\u00e9s de FrikiMAD (venta de packs, camisetas, donaciones, etc.) fueron entregados a <strong>AdELA, Asociaci\u00f3n Espa\u00f1ola de ELA<\/strong> (Esclerosis Lateral Amiotr\u00f3fica) a trav\u00e9s de <strong>FANVENCI\u00d3N<\/strong>.<\/p>\n\n\n\n<p>Se proyectaron dos pel\u00edculas<\/p>\n\n\n\n<ul class=\"wp-block-list\">\n<li><strong>EL HOMBRE QUE QUISO SER SEGUNDO<\/strong>, de Ram\u00f3n Al\u00f3s<\/li>\n\n\n\n<li>Pelicul\u00f3n Incunable Friki: <strong>SUPERMAN<\/strong>, de Richard Donner<\/li>\n<\/ul>\n\n\n\n<p>Tambi\u00e9n se proyectaron dos cortometrajes:<\/p>\n\n\n\n<ul class=\"wp-block-list\">\n<li><strong>MOVIELAND<\/strong>, de Manuel M. Velasco<\/li>\n\n\n\n<li><strong>EL TRAJE DE SUPERMAN<\/strong>, de Juanma D\u00edaz<\/li>\n<\/ul>\n\n\n\n<p>Aqu\u00ed podr\u00e1s ver videos de lo que dio de si esta jornada llena de frikismo<\/p>\n\n\n\n<figure class=\"wp-block-embed is-type-rich is-provider-gestor-del-servicio wp-block-embed-gestor-del-servicio wp-embed-aspect-16-9 wp-has-aspect-ratio\"><div class=\"wp-block-embed__wrapper\">\n<iframe loading=\"lazy\" title=\"Presentaci\u00f3n FrikiMAD 2018\" width=\"1200\" height=\"675\" src=\"https:\/\/www.youtube.com\/embed\/nQtAKkOPhsI?feature=oembed\" frameborder=\"0\" allow=\"accelerometer; autoplay; clipboard-write; encrypted-media; gyroscope; picture-in-picture\" allowfullscreen><\/iframe>\n<\/div><\/figure>\n\n\n\n<figure class=\"wp-block-embed is-type-rich is-provider-gestor-del-servicio wp-block-embed-gestor-del-servicio wp-embed-aspect-16-9 wp-has-aspect-ratio\"><div class=\"wp-block-embed__wrapper\">\n<iframe loading=\"lazy\" title=\"FrikiMAD 2018 - Charla con Enrico Vecchi: &quot;El Hombre que quiso ser Segundo&quot;\" width=\"1200\" height=\"675\" src=\"https:\/\/www.youtube.com\/embed\/TfA7JeoNC3c?feature=oembed\" frameborder=\"0\" allow=\"accelerometer; autoplay; clipboard-write; encrypted-media; gyroscope; picture-in-picture\" allowfullscreen title=\"FrikiMAD 2018 - Charla con Enrico Vecchi: \"El Hombre que quiso ser Segundo\"\"><\/iframe>\n<\/div><\/figure>\n\n\n\n<figure class=\"wp-block-embed is-type-video is-provider-youtube wp-block-embed-youtube wp-embed-aspect-16-9 wp-has-aspect-ratio\"><div class=\"wp-block-embed__wrapper\">\n<iframe loading=\"lazy\" title=\"Charla saga JUNGLA DE CRISTAL 30 aniversario\" width=\"1200\" height=\"675\" src=\"https:\/\/www.youtube.com\/embed\/Yyj7brkmXU0?feature=oembed\" frameborder=\"0\" allow=\"accelerometer; autoplay; clipboard-write; encrypted-media; gyroscope; picture-in-picture\" allowfullscreen><\/iframe>\n<\/div><\/figure>\n\n\n\n<figure class=\"wp-block-embed is-type-rich is-provider-gestor-del-servicio wp-block-embed-gestor-del-servicio wp-embed-aspect-16-9 wp-has-aspect-ratio\"><div class=\"wp-block-embed__wrapper\">\n<iframe loading=\"lazy\" title=\"FrikiMAD 2018: Concierto Alien Rockin&#039; Explosion (I)\" width=\"1200\" height=\"675\" src=\"https:\/\/www.youtube.com\/embed\/wyXy4egPTGw?feature=oembed\" frameborder=\"0\" allow=\"accelerometer; autoplay; clipboard-write; encrypted-media; gyroscope; picture-in-picture\" allowfullscreen><\/iframe>\n<\/div><\/figure>\n\n\n\n<figure class=\"wp-block-embed is-type-rich is-provider-gestor-del-servicio wp-block-embed-gestor-del-servicio wp-embed-aspect-16-9 wp-has-aspect-ratio\"><div class=\"wp-block-embed__wrapper\">\n<iframe loading=\"lazy\" title=\"FrikiMAD 2018: Concierto Alien Rockin&#039; Explosion (II) y Q&amp;A\" width=\"1200\" height=\"675\" src=\"https:\/\/www.youtube.com\/embed\/cfZHJkRGmxA?feature=oembed\" frameborder=\"0\" allow=\"accelerometer; autoplay; clipboard-write; encrypted-media; gyroscope; picture-in-picture\" allowfullscreen><\/iframe>\n<\/div><\/figure>\n\n\n\n<figure class=\"wp-block-embed is-type-rich is-provider-gestor-del-servicio wp-block-embed-gestor-del-servicio wp-embed-aspect-16-9 wp-has-aspect-ratio\"><div class=\"wp-block-embed__wrapper\">\n<iframe loading=\"lazy\" title=\"FrikiMAD 2018: Presentaci\u00f3n &quot;El Traje de Superm\u00e1n&quot;\" width=\"1200\" height=\"675\" src=\"https:\/\/www.youtube.com\/embed\/ot7TsDDiadc?feature=oembed\" frameborder=\"0\" allow=\"accelerometer; autoplay; clipboard-write; encrypted-media; gyroscope; picture-in-picture\" allowfullscreen title=\"FrikiMAD 2018: Presentaci\u00f3n \"El Traje de Superm\u00e1n\"\"><\/iframe>\n<\/div><\/figure>\n\n\n\n<figure class=\"wp-block-embed is-type-rich is-provider-gestor-del-servicio wp-block-embed-gestor-del-servicio wp-embed-aspect-16-9 wp-has-aspect-ratio\"><div class=\"wp-block-embed__wrapper\">\n<iframe loading=\"lazy\" title=\"FrikiMAD 2018: Presentaci\u00f3n Pel\u00edcula &quot;Incunable Friki&quot;\" width=\"1200\" height=\"675\" src=\"https:\/\/www.youtube.com\/embed\/5dJkn5uwKuQ?feature=oembed\" frameborder=\"0\" allow=\"accelerometer; autoplay; clipboard-write; encrypted-media; gyroscope; picture-in-picture\" allowfullscreen title=\"FrikiMAD 2018: Presentaci\u00f3n Pel\u00edcula \"Incunable Friki\"\"><\/iframe>\n<\/div><\/figure>\n\n\n\n<h2 class=\"wp-block-heading\">Patrocinadores<\/h2>\n\n\n\n<p>AACF &#8211; FANVENCI\u00d3N &#8211; REVISTA ACCI\u00d3N &#8211; ECC &#8211; KEEPCODING &#8211; FUNIDELIA &#8211; PLANETA COMIC &#8211; DOLMEN EDITORIAL &#8211; GIGAMESH &#8211; JUGUETR\u00d3NICA &#8211; APACHE LIBROS<\/p>\n\n\n\n<h3 class=\"wp-block-heading\">Mecenas<\/h3>\n\n\n\n<p>BEL\u00c9N ROMANO &#8211; JAIME CASCALES &#8211; DAVID BERDUGO &#8211; LUIS FERN\u00c1NDEZ &#8211; NATALIA REVILLA &#8211; JOSE MAR\u00cdA GARC\u00cdA &#8211; JES\u00daS D\u00cdAZ DE LOSADA &#8211; LUIS FRANCO &#8211; JES\u00daS \u00c1LVAREZ &#8211; \u00cd\u00d1IGO GASC\u00d3N &#8211; HONORIO ARRIBAS &#8211; BLAI BONET &#8211; JULIO REY DE PEREA &#8211; PABLO ROY &#8211; CAROLINA ROSELLO &#8211; GORKA SALGADO &#8211; LEIA ORGANA &#8211; ENRIQUE VIUDES &#8211; FERNANDO MART\u00cdNEZ &#8211; MARCOS JIM\u00c9NEZ &#8211; KIKO SAEZ DE ADANA &#8211; CHEMA RAMOS &#8211; PABLO SAN MATEO &#8211; \u00c1NGEL COOMONTE &#8211; CRISTINA MARCO &#8211; JORGE MARI-PINO PONCET &#8211; GERARD GUZM\u00c1N &#8211; PADDY JIM\u00c9NEZ<\/p>\n","protected":false},"excerpt":{"rendered":"<div class=\"entry-summary\">\nLa organizaci\u00f3n de FRIKIMAD corre a cargo de OrgulloFriki.com en colaboraci\u00f3n con la sala cinematogr\u00e1fica Artistic Metropol. Se celebr\u00f3 esta cuarta edici\u00f3n el domingo 20 de Mayo de 2018. Todos los beneficios generados a trav\u00e9s de FrikiMAD (venta de packs, camisetas, donaciones, etc.) fueron entregados a AdELA, Asociaci\u00f3n Espa\u00f1ola de ELA (Esclerosis Lateral Amiotr\u00f3fica) a&hellip;\n<\/div>\n<div class=\"link-more\"><a href=\"http:\/\/www.orgullofriki.com\/25mayo\/frikimad-2018\/\" class=\"more-link\">Continue reading<span class=\"screen-reader-text\"> &ldquo;FrikiMAD 2018&rdquo;<\/span>&hellip;<\/a><\/div>\n","protected":false},"author":1,"featured_media":0,"parent":0,"menu_order":0,"comment_status":"closed","ping_status":"closed","template":"","meta":{"ngg_post_thumbnail":0,"footnotes":""},"class_list":["post-401","page","type-page","status-publish","hentry","entry"],"_links":{"self":[{"href":"http:\/\/www.orgullofriki.com\/25mayo\/wp-json\/wp\/v2\/pages\/401","targetHints":{"allow":["GET"]}}],"collection":[{"href":"http:\/\/www.orgullofriki.com\/25mayo\/wp-json\/wp\/v2\/pages"}],"about":[{"href":"http:\/\/www.orgullofriki.com\/25mayo\/wp-json\/wp\/v2\/types\/page"}],"author":[{"embeddable":true,"href":"http:\/\/www.orgullofriki.com\/25mayo\/wp-json\/wp\/v2\/users\/1"}],"replies":[{"embeddable":true,"href":"http:\/\/www.orgullofriki.com\/25mayo\/wp-json\/wp\/v2\/comments?post=401"}],"version-history":[{"count":6,"href":"http:\/\/www.orgullofriki.com\/25mayo\/wp-json\/wp\/v2\/pages\/401\/revisions"}],"predecessor-version":[{"id":692,"href":"http:\/\/www.orgullofriki.com\/25mayo\/wp-json\/wp\/v2\/pages\/401\/revisions\/692"}],"wp:attachment":[{"href":"http:\/\/www.orgullofriki.com\/25mayo\/wp-json\/wp\/v2\/media?parent=401"}],"curies":[{"name":"wp","href":"https:\/\/api.w.org\/{rel}","templated":true}]}}