{"id":382,"date":"2022-08-22T06:45:00","date_gmt":"2022-08-22T06:45:00","guid":{"rendered":"http:\/\/www.orgullofriki.com\/25mayo\/?page_id=382"},"modified":"2024-05-09T13:54:39","modified_gmt":"2024-05-09T13:54:39","slug":"frikimad-by-fandome-2019","status":"publish","type":"page","link":"http:\/\/www.orgullofriki.com\/25mayo\/frikimad-by-fandome-2019\/","title":{"rendered":"FrikiMAD by FANDOME 2019"},"content":{"rendered":"<nav class=\"is-responsive menu_interno wp-block-navigation is-layout-flex wp-block-navigation-is-layout-flex\" aria-label=\"Manu FrikiMAD\" \n\t\t data-wp-interactive=\"core\/navigation\" data-wp-context='{\"overlayOpenedBy\":{\"click\":false,\"hover\":false,\"focus\":false},\"type\":\"overlay\",\"roleAttribute\":\"\",\"ariaLabel\":\"Men\\u00fa\"}'><button aria-haspopup=\"dialog\" aria-label=\"Abrir el men\u00fa\" class=\"wp-block-navigation__responsive-container-open\" \n\t\t\t\tdata-wp-on--click=\"actions.openMenuOnClick\"\n\t\t\t\tdata-wp-on--keydown=\"actions.handleMenuKeydown\"\n\t\t\t><svg width=\"24\" height=\"24\" xmlns=\"http:\/\/www.w3.org\/2000\/svg\" viewBox=\"0 0 24 24\" aria-hidden=\"true\" focusable=\"false\"><path d=\"M4 7.5h16v1.5H4z\"><\/path><path d=\"M4 15h16v1.5H4z\"><\/path><\/svg><\/button>\n\t\t\t\t<div class=\"wp-block-navigation__responsive-container\"  id=\"modal-1\" \n\t\t\t\tdata-wp-class--has-modal-open=\"state.isMenuOpen\"\n\t\t\t\tdata-wp-class--is-menu-open=\"state.isMenuOpen\"\n\t\t\t\tdata-wp-watch=\"callbacks.initMenu\"\n\t\t\t\tdata-wp-on--keydown=\"actions.handleMenuKeydown\"\n\t\t\t\tdata-wp-on--focusout=\"actions.handleMenuFocusout\"\n\t\t\t\ttabindex=\"-1\"\n\t\t\t>\n\t\t\t\t\t<div class=\"wp-block-navigation__responsive-close\" tabindex=\"-1\">\n\t\t\t\t\t\t<div class=\"wp-block-navigation__responsive-dialog\" \n\t\t\t\tdata-wp-bind--aria-modal=\"state.ariaModal\"\n\t\t\t\tdata-wp-bind--aria-label=\"state.ariaLabel\"\n\t\t\t\tdata-wp-bind--role=\"state.roleAttribute\"\n\t\t\t>\n\t\t\t\t\t\t\t<button aria-label=\"Cerrar el men\u00fa\" class=\"wp-block-navigation__responsive-container-close\" \n\t\t\t\tdata-wp-on--click=\"actions.closeMenuOnClick\"\n\t\t\t><svg xmlns=\"http:\/\/www.w3.org\/2000\/svg\" viewBox=\"0 0 24 24\" width=\"24\" height=\"24\" aria-hidden=\"true\" focusable=\"false\"><path d=\"m13.06 12 6.47-6.47-1.06-1.06L12 10.94 5.53 4.47 4.47 5.53 10.94 12l-6.47 6.47 1.06 1.06L12 13.06l6.47 6.47 1.06-1.06L13.06 12Z\"><\/path><\/svg><\/button>\n\t\t\t\t\t\t\t<div class=\"wp-block-navigation__responsive-container-content\" \n\t\t\t\tdata-wp-watch=\"callbacks.focusFirstElement\"\n\t\t\t id=\"modal-1-content\">\n\t\t\t\t\t\t\t\t<ul class=\"wp-block-navigation__container is-responsive menu_interno wp-block-navigation\"><li class=\" wp-block-navigation-item wp-block-navigation-link\"><a class=\"wp-block-navigation-item__content\"  href=\"http:\/\/www.orgullofriki.com\/25mayo\/frikimad\/\"><span class=\"wp-block-navigation-item__label\">ORGULLO FRIKIMAD by ACCI\u00d3N 2023<\/span><\/a><\/li><li class=\" wp-block-navigation-item wp-block-navigation-link\"><a class=\"wp-block-navigation-item__content\"  href=\"http:\/\/www.orgullofriki.com\/25mayo\/frikimad-by-accion-2022\/\"><span class=\"wp-block-navigation-item__label\">FRIKIMAD by Acci\u00f3n 2022<\/span><\/a><\/li><li class=\" wp-block-navigation-item wp-block-navigation-link\"><a class=\"wp-block-navigation-item__content\"  href=\"http:\/\/www.orgullofriki.com\/25mayo\/frikimad-en-pildoras-2021\/\"><span class=\"wp-block-navigation-item__label\">FrikiMAD en P\u00edldoras 2021<\/span><\/a><\/li><li class=\" wp-block-navigation-item wp-block-navigation-link\"><a class=\"wp-block-navigation-item__content\"  href=\"http:\/\/www.orgullofriki.com\/25mayo\/frikimad-en-pildoras-2020\/\"><span class=\"wp-block-navigation-item__label\">FrikiMAD en P\u00edldoras 2020<\/span><\/a><\/li><li class=\" wp-block-navigation-item wp-block-navigation-link\"><a class=\"wp-block-navigation-item__content\"  href=\"http:\/\/www.orgullofriki.com\/25mayo\/frikimad-by-fandome-2019\/\"><span class=\"wp-block-navigation-item__label\">FrikiMAD by FANDOME 2019<\/span><\/a><\/li><li class=\" wp-block-navigation-item wp-block-navigation-link\"><a class=\"wp-block-navigation-item__content\"  href=\"http:\/\/www.orgullofriki.com\/25mayo\/frikimad-2018\/\"><span class=\"wp-block-navigation-item__label\">FrikiMAD 2018<\/span><\/a><\/li><li class=\" wp-block-navigation-item wp-block-navigation-link\"><a class=\"wp-block-navigation-item__content\"  href=\"http:\/\/www.orgullofriki.com\/25mayo\/frikimad-by-frikitrip-2017\/\"><span class=\"wp-block-navigation-item__label\">FrikiMAD by FRIKITRIP 2017<\/span><\/a><\/li><li class=\" wp-block-navigation-item wp-block-navigation-link\"><a class=\"wp-block-navigation-item__content\"  href=\"http:\/\/www.orgullofriki.com\/25mayo\/frikimad-2016\/\"><span class=\"wp-block-navigation-item__label\">FrikiMAD 2016<\/span><\/a><\/li><li class=\" wp-block-navigation-item wp-block-navigation-link\"><a class=\"wp-block-navigation-item__content\"  href=\"http:\/\/www.orgullofriki.com\/25mayo\/frikimad-2015\/\"><span class=\"wp-block-navigation-item__label\">FrikiMAD 2015<\/span><\/a><\/li><li class=\" wp-block-navigation-item wp-block-navigation-link\"><a class=\"wp-block-navigation-item__content\"  href=\"http:\/\/www.orgullofriki.com\/25mayo\/frikimad-2014\/\"><span class=\"wp-block-navigation-item__label\">FrikiMAD 2014<\/span><\/a><\/li><\/ul>\n\t\t\t\t\t\t\t<\/div>\n\t\t\t\t\t\t<\/div>\n\t\t\t\t\t<\/div>\n\t\t\t\t<\/div><\/nav>\n\n<div class=\"wp-block-image\">\n<figure class=\"alignleft size-medium\"><img loading=\"lazy\" decoding=\"async\" width=\"269\" height=\"300\" src=\"http:\/\/www.orgullofriki.com\/25mayo\/wp-content\/uploads\/2022\/08\/POSTER19_fandome_4-269x300.jpg\" alt=\"\" class=\"wp-image-384\" srcset=\"http:\/\/www.orgullofriki.com\/25mayo\/wp-content\/uploads\/2022\/08\/POSTER19_fandome_4-269x300.jpg 269w, http:\/\/www.orgullofriki.com\/25mayo\/wp-content\/uploads\/2022\/08\/POSTER19_fandome_4-917x1024.jpg 917w, http:\/\/www.orgullofriki.com\/25mayo\/wp-content\/uploads\/2022\/08\/POSTER19_fandome_4-768x857.jpg 768w, http:\/\/www.orgullofriki.com\/25mayo\/wp-content\/uploads\/2022\/08\/POSTER19_fandome_4.jpg 1075w\" sizes=\"auto, (max-width: 269px) 100vw, 269px\" \/><\/figure>\n<\/div>\n\n\n<p>La organizaci\u00f3n de <strong>FRIKIMAD by FANDOME<\/strong> corre a cargo de OrgulloFriki.com, en colaboraci\u00f3n con <strong>FANDOME <\/strong>y la sala cinematogr\u00e1fica Artistic Metropol. Se celebr\u00f3 el domingo 19 de mayo de 2019.<\/p>\n\n\n\n<p>Todos los beneficios generados a trav\u00e9s de FrikiMAD by FANDOME (venta de packs, camisetas, donaciones, etc.) fueron entregados a <strong>ASION<\/strong>, Asociaci\u00f3n Infantil Oncol\u00f3gica de Madrid, a trav\u00e9s de <strong>FANVENCI\u00d3N<\/strong>.<\/p>\n\n\n\n<p>Se proyectaron dos pel\u00edculas:<\/p>\n\n\n\n<ul class=\"wp-block-list\">\n<li><strong>AACF. 20 A\u00d1OS CREANDO ILUSIONES<\/strong>, de Victor Barrientos<\/li>\n\n\n\n<li>Pel\u00edcul\u00f3n Incunable Friki: <strong>LOS CAZAFANTASMAS<\/strong>, de Ivan Reitman<\/li>\n<\/ul>\n\n\n\n<p>Y dos cortometrajes dedicados al 20 aniversario de Matrix<\/p>\n\n\n\n<ul class=\"wp-block-list\">\n<li><strong>\u00abThe Matrix Salvation\u00bb<\/strong> de Miguel \u00c1ngel Carri\u00f3n<\/li>\n\n\n\n<li><strong>\u00abTrickster\u00bb<\/strong> de Felix Joleanes.<\/li>\n<\/ul>\n\n\n\n<p>Se hicieron un par de charlas, que recuperamos en \u00abFrikiMAD en P\u00edldoras 2020\u00bb y que puedes ver aqu\u00ed mismo:<\/p>\n\n\n\n<figure class=\"wp-block-embed is-type-rich is-provider-gestor-del-servicio wp-block-embed-gestor-del-servicio wp-embed-aspect-16-9 wp-has-aspect-ratio\"><div class=\"wp-block-embed__wrapper\">\n<iframe loading=\"lazy\" title=\"FRIKIMAD en P\u00cdLDORAS 2020: SuperSonic Man - 40 Aniversario\" width=\"1200\" height=\"675\" src=\"https:\/\/www.youtube.com\/embed\/58i5nIuFmnQ?feature=oembed\" frameborder=\"0\" allow=\"accelerometer; autoplay; clipboard-write; encrypted-media; gyroscope; picture-in-picture; web-share\" allowfullscreen><\/iframe>\n<\/div><\/figure>\n\n\n\n<figure class=\"wp-block-embed is-type-rich is-provider-gestor-del-servicio wp-block-embed-gestor-del-servicio wp-embed-aspect-16-9 wp-has-aspect-ratio\"><div class=\"wp-block-embed__wrapper\">\n<iframe loading=\"lazy\" title=\"FRIKIMAD en P\u00cdLDORAS 2020: Mesa redonda Homenaje a Stan Lee\" width=\"1200\" height=\"675\" src=\"https:\/\/www.youtube.com\/embed\/ytIPrQlOolA?feature=oembed\" frameborder=\"0\" allow=\"accelerometer; autoplay; clipboard-write; encrypted-media; gyroscope; picture-in-picture; web-share\" allowfullscreen><\/iframe>\n<\/div><\/figure>\n\n\n\n<h2 class=\"wp-block-heading\">Patrocinadores<\/h2>\n\n\n<div class=\"wp-block-image\">\n<figure class=\"alignleft size-medium\"><img loading=\"lazy\" decoding=\"async\" width=\"300\" height=\"300\" src=\"http:\/\/www.orgullofriki.com\/25mayo\/wp-content\/uploads\/2022\/08\/banner_fandome-300x300.jpg\" alt=\"\" class=\"wp-image-388\" srcset=\"http:\/\/www.orgullofriki.com\/25mayo\/wp-content\/uploads\/2022\/08\/banner_fandome-300x300.jpg 300w, http:\/\/www.orgullofriki.com\/25mayo\/wp-content\/uploads\/2022\/08\/banner_fandome-150x150.jpg 150w, http:\/\/www.orgullofriki.com\/25mayo\/wp-content\/uploads\/2022\/08\/banner_fandome-448x448.jpg 448w, http:\/\/www.orgullofriki.com\/25mayo\/wp-content\/uploads\/2022\/08\/banner_fandome.jpg 768w\" sizes=\"auto, (max-width: 300px) 100vw, 300px\" \/><\/figure>\n<\/div>\n\n\n<ul class=\"wp-block-list\">\n<li>FANVENCI\u00d3N<\/li>\n\n\n\n<li>KEEPCODING<\/li>\n\n\n\n<li>FUNIDELIA<\/li>\n\n\n\n<li>AKIRA COMICS<\/li>\n\n\n\n<li>THE FORCE BOOKS<\/li>\n\n\n\n<li>JUGUETRONICA<\/li>\n\n\n\n<li>HARPER COLLINS<\/li>\n\n\n\n<li>AYUNTAMIENTO DE CALVI\u00c1<\/li>\n\n\n\n<li>GIGAMESH<\/li>\n\n\n\n<li>DOLMEN EDITORIAL<\/li>\n\n\n\n<li>PLANETA COMIC<\/li>\n\n\n\n<li>ASTROWORKS<\/li>\n<\/ul>\n\n\n\n<h3 class=\"wp-block-heading\">MECENAS<\/h3>\n\n\n\n<p>BEL\u00c9N ROMANO &#8211; NATALIA REVILLA &#8211; \u00c1NGEL COOMONTE &#8211; LUIS FERN\u00c1NDEZ &#8211; LUIS FRANCO &#8211; JES\u00daS \u00c1LVAREZ &#8211; MARIO VILLAR &#8211; JULIO REY DE PEREA &#8211; CHEMA RAMOS &#8211; SERGIO PALOMINO &#8211; HONORIO ARRIBAS &#8211; CAROLINA ROSELL\u00d3 &#8211; MIGUEL MATAS &#8211; JOSE MARIA GARCIA &#8211; MANOLO SOLAS &#8211; VICTOR BARRIENTOS &#8211; ENRIQUE VIUDES &#8211; BLAI BONET -SANTIAGO AR\u00c9VALO &#8211; JES\u00daS D\u00cdAZ DE LOSADA &#8211; FERNANDO MART\u00cdNEZ &#8211; MARCOS JIM\u00c9NEZ &#8211; GORKA SALGADO &#8211; PABLO JIM\u00c9NEZ &#8211; ESOZIA ARROABARREN &#8211; GERARD GUZMAN<\/p>\n","protected":false},"excerpt":{"rendered":"<div class=\"entry-summary\">\nLa organizaci\u00f3n de FRIKIMAD by FANDOME corre a cargo de OrgulloFriki.com, en colaboraci\u00f3n con FANDOME y la sala cinematogr\u00e1fica Artistic Metropol. Se celebr\u00f3 el domingo 19 de mayo de 2019. Todos los beneficios generados a trav\u00e9s de FrikiMAD by FANDOME (venta de packs, camisetas, donaciones, etc.) fueron entregados a ASION, Asociaci\u00f3n Infantil Oncol\u00f3gica de Madrid,&hellip;\n<\/div>\n<div class=\"link-more\"><a href=\"http:\/\/www.orgullofriki.com\/25mayo\/frikimad-by-fandome-2019\/\" class=\"more-link\">Continue reading<span class=\"screen-reader-text\"> &ldquo;FrikiMAD by FANDOME 2019&rdquo;<\/span>&hellip;<\/a><\/div>\n","protected":false},"author":1,"featured_media":0,"parent":0,"menu_order":0,"comment_status":"closed","ping_status":"closed","template":"","meta":{"ngg_post_thumbnail":0,"footnotes":""},"class_list":["post-382","page","type-page","status-publish","hentry","entry"],"_links":{"self":[{"href":"http:\/\/www.orgullofriki.com\/25mayo\/wp-json\/wp\/v2\/pages\/382","targetHints":{"allow":["GET"]}}],"collection":[{"href":"http:\/\/www.orgullofriki.com\/25mayo\/wp-json\/wp\/v2\/pages"}],"about":[{"href":"http:\/\/www.orgullofriki.com\/25mayo\/wp-json\/wp\/v2\/types\/page"}],"author":[{"embeddable":true,"href":"http:\/\/www.orgullofriki.com\/25mayo\/wp-json\/wp\/v2\/users\/1"}],"replies":[{"embeddable":true,"href":"http:\/\/www.orgullofriki.com\/25mayo\/wp-json\/wp\/v2\/comments?post=382"}],"version-history":[{"count":7,"href":"http:\/\/www.orgullofriki.com\/25mayo\/wp-json\/wp\/v2\/pages\/382\/revisions"}],"predecessor-version":[{"id":694,"href":"http:\/\/www.orgullofriki.com\/25mayo\/wp-json\/wp\/v2\/pages\/382\/revisions\/694"}],"wp:attachment":[{"href":"http:\/\/www.orgullofriki.com\/25mayo\/wp-json\/wp\/v2\/media?parent=382"}],"curies":[{"name":"wp","href":"https:\/\/api.w.org\/{rel}","templated":true}]}}