{"id":351,"date":"2022-08-19T06:33:49","date_gmt":"2022-08-19T06:33:49","guid":{"rendered":"http:\/\/www.orgullofriki.com\/25mayo\/?page_id=351"},"modified":"2024-05-09T13:55:06","modified_gmt":"2024-05-09T13:55:06","slug":"frikimad-en-pildoras-2020","status":"publish","type":"page","link":"http:\/\/www.orgullofriki.com\/25mayo\/frikimad-en-pildoras-2020\/","title":{"rendered":"FrikiMAD en P\u00edldoras 2020"},"content":{"rendered":"<nav class=\"is-responsive menu_interno wp-block-navigation is-layout-flex wp-block-navigation-is-layout-flex\" aria-label=\"Manu FrikiMAD\" \n\t\t data-wp-interactive=\"core\/navigation\" data-wp-context='{\"overlayOpenedBy\":{\"click\":false,\"hover\":false,\"focus\":false},\"type\":\"overlay\",\"roleAttribute\":\"\",\"ariaLabel\":\"Men\\u00fa\"}'><button aria-haspopup=\"dialog\" aria-label=\"Abrir el men\u00fa\" class=\"wp-block-navigation__responsive-container-open\" \n\t\t\t\tdata-wp-on--click=\"actions.openMenuOnClick\"\n\t\t\t\tdata-wp-on--keydown=\"actions.handleMenuKeydown\"\n\t\t\t><svg width=\"24\" height=\"24\" xmlns=\"http:\/\/www.w3.org\/2000\/svg\" viewBox=\"0 0 24 24\" aria-hidden=\"true\" focusable=\"false\"><path d=\"M4 7.5h16v1.5H4z\"><\/path><path d=\"M4 15h16v1.5H4z\"><\/path><\/svg><\/button>\n\t\t\t\t<div class=\"wp-block-navigation__responsive-container\"  id=\"modal-1\" \n\t\t\t\tdata-wp-class--has-modal-open=\"state.isMenuOpen\"\n\t\t\t\tdata-wp-class--is-menu-open=\"state.isMenuOpen\"\n\t\t\t\tdata-wp-watch=\"callbacks.initMenu\"\n\t\t\t\tdata-wp-on--keydown=\"actions.handleMenuKeydown\"\n\t\t\t\tdata-wp-on--focusout=\"actions.handleMenuFocusout\"\n\t\t\t\ttabindex=\"-1\"\n\t\t\t>\n\t\t\t\t\t<div class=\"wp-block-navigation__responsive-close\" tabindex=\"-1\">\n\t\t\t\t\t\t<div class=\"wp-block-navigation__responsive-dialog\" \n\t\t\t\tdata-wp-bind--aria-modal=\"state.ariaModal\"\n\t\t\t\tdata-wp-bind--aria-label=\"state.ariaLabel\"\n\t\t\t\tdata-wp-bind--role=\"state.roleAttribute\"\n\t\t\t>\n\t\t\t\t\t\t\t<button aria-label=\"Cerrar el men\u00fa\" class=\"wp-block-navigation__responsive-container-close\" \n\t\t\t\tdata-wp-on--click=\"actions.closeMenuOnClick\"\n\t\t\t><svg xmlns=\"http:\/\/www.w3.org\/2000\/svg\" viewBox=\"0 0 24 24\" width=\"24\" height=\"24\" aria-hidden=\"true\" focusable=\"false\"><path d=\"m13.06 12 6.47-6.47-1.06-1.06L12 10.94 5.53 4.47 4.47 5.53 10.94 12l-6.47 6.47 1.06 1.06L12 13.06l6.47 6.47 1.06-1.06L13.06 12Z\"><\/path><\/svg><\/button>\n\t\t\t\t\t\t\t<div class=\"wp-block-navigation__responsive-container-content\" \n\t\t\t\tdata-wp-watch=\"callbacks.focusFirstElement\"\n\t\t\t id=\"modal-1-content\">\n\t\t\t\t\t\t\t\t<ul class=\"wp-block-navigation__container is-responsive menu_interno wp-block-navigation\"><li class=\" wp-block-navigation-item wp-block-navigation-link\"><a class=\"wp-block-navigation-item__content\"  href=\"http:\/\/www.orgullofriki.com\/25mayo\/frikimad\/\"><span class=\"wp-block-navigation-item__label\">ORGULLO FRIKIMAD by ACCI\u00d3N 2023<\/span><\/a><\/li><li class=\" wp-block-navigation-item wp-block-navigation-link\"><a class=\"wp-block-navigation-item__content\"  href=\"http:\/\/www.orgullofriki.com\/25mayo\/frikimad-by-accion-2022\/\"><span class=\"wp-block-navigation-item__label\">FRIKIMAD by Acci\u00f3n 2022<\/span><\/a><\/li><li class=\" wp-block-navigation-item wp-block-navigation-link\"><a class=\"wp-block-navigation-item__content\"  href=\"http:\/\/www.orgullofriki.com\/25mayo\/frikimad-en-pildoras-2021\/\"><span class=\"wp-block-navigation-item__label\">FrikiMAD en P\u00edldoras 2021<\/span><\/a><\/li><li class=\" wp-block-navigation-item wp-block-navigation-link\"><a class=\"wp-block-navigation-item__content\"  href=\"http:\/\/www.orgullofriki.com\/25mayo\/frikimad-en-pildoras-2020\/\"><span class=\"wp-block-navigation-item__label\">FrikiMAD en P\u00edldoras 2020<\/span><\/a><\/li><li class=\" wp-block-navigation-item wp-block-navigation-link\"><a class=\"wp-block-navigation-item__content\"  href=\"http:\/\/www.orgullofriki.com\/25mayo\/frikimad-by-fandome-2019\/\"><span class=\"wp-block-navigation-item__label\">FrikiMAD by FANDOME 2019<\/span><\/a><\/li><li class=\" wp-block-navigation-item wp-block-navigation-link\"><a class=\"wp-block-navigation-item__content\"  href=\"http:\/\/www.orgullofriki.com\/25mayo\/frikimad-2018\/\"><span class=\"wp-block-navigation-item__label\">FrikiMAD 2018<\/span><\/a><\/li><li class=\" wp-block-navigation-item wp-block-navigation-link\"><a class=\"wp-block-navigation-item__content\"  href=\"http:\/\/www.orgullofriki.com\/25mayo\/frikimad-by-frikitrip-2017\/\"><span class=\"wp-block-navigation-item__label\">FrikiMAD by FRIKITRIP 2017<\/span><\/a><\/li><li class=\" wp-block-navigation-item wp-block-navigation-link\"><a class=\"wp-block-navigation-item__content\"  href=\"http:\/\/www.orgullofriki.com\/25mayo\/frikimad-2016\/\"><span class=\"wp-block-navigation-item__label\">FrikiMAD 2016<\/span><\/a><\/li><li class=\" wp-block-navigation-item wp-block-navigation-link\"><a class=\"wp-block-navigation-item__content\"  href=\"http:\/\/www.orgullofriki.com\/25mayo\/frikimad-2015\/\"><span class=\"wp-block-navigation-item__label\">FrikiMAD 2015<\/span><\/a><\/li><li class=\" wp-block-navigation-item wp-block-navigation-link\"><a class=\"wp-block-navigation-item__content\"  href=\"http:\/\/www.orgullofriki.com\/25mayo\/frikimad-2014\/\"><span class=\"wp-block-navigation-item__label\">FrikiMAD 2014<\/span><\/a><\/li><\/ul>\n\t\t\t\t\t\t\t<\/div>\n\t\t\t\t\t\t<\/div>\n\t\t\t\t\t<\/div>\n\t\t\t\t<\/div><\/nav>\n\n<div class=\"wp-block-image\">\n<figure class=\"alignleft size-medium\"><img loading=\"lazy\" decoding=\"async\" width=\"212\" height=\"300\" src=\"http:\/\/www.orgullofriki.com\/25mayo\/wp-content\/uploads\/2022\/08\/CARTEL_B-212x300.jpg\" alt=\"\" class=\"wp-image-352\" srcset=\"http:\/\/www.orgullofriki.com\/25mayo\/wp-content\/uploads\/2022\/08\/CARTEL_B-212x300.jpg 212w, http:\/\/www.orgullofriki.com\/25mayo\/wp-content\/uploads\/2022\/08\/CARTEL_B-724x1024.jpg 724w, http:\/\/www.orgullofriki.com\/25mayo\/wp-content\/uploads\/2022\/08\/CARTEL_B-768x1086.jpg 768w, http:\/\/www.orgullofriki.com\/25mayo\/wp-content\/uploads\/2022\/08\/CARTEL_B-1086x1536.jpg 1086w, http:\/\/www.orgullofriki.com\/25mayo\/wp-content\/uploads\/2022\/08\/CARTEL_B-1448x2048.jpg 1448w, http:\/\/www.orgullofriki.com\/25mayo\/wp-content\/uploads\/2022\/08\/CARTEL_B-scaled.jpg 1810w\" sizes=\"auto, (max-width: 212px) 100vw, 212px\" \/><\/figure>\n<\/div>\n\n<div class=\"wp-block-image\">\n<figure class=\"alignright size-medium\"><img loading=\"lazy\" decoding=\"async\" width=\"257\" height=\"300\" src=\"http:\/\/www.orgullofriki.com\/25mayo\/wp-content\/uploads\/2022\/08\/banner_frikimadenpildoras-257x300.jpg\" alt=\"\" class=\"wp-image-353\" srcset=\"http:\/\/www.orgullofriki.com\/25mayo\/wp-content\/uploads\/2022\/08\/banner_frikimadenpildoras-257x300.jpg 257w, http:\/\/www.orgullofriki.com\/25mayo\/wp-content\/uploads\/2022\/08\/banner_frikimadenpildoras.jpg 768w\" sizes=\"auto, (max-width: 257px) 100vw, 257px\" \/><\/figure>\n<\/div>\n\n\n<p>Por culpa de la pandemia del <strong>Coronavirus<\/strong>, casi todos los eventos sociales han anulado o pospuesto su celebraci\u00f3n. Tambi\u00e9n <strong>FrikiMAD <\/strong>tom\u00f3 la decisi\u00f3n de posponerse (cuando ya se estaba preparando), pero al ser la celebraci\u00f3n del D\u00eda 25 de Mayo se decidi\u00f3 hacer un formato especial para internet: F<strong>rikiMAD en P\u00edldoras<\/strong>.<\/p>\n\n\n\n<p>\u00c9sto significa que, como en las versiones en vivo, hubo charlas, mesas redondas, presentaciones\u2026 lo que se nos ocurri\u00f3 pero sin tener que salir de casa: a trav\u00e9s de nuestro <a href=\"https:\/\/web.archive.org\/web\/20200814132245\/https:\/\/www.youtube.com\/channel\/UCsP1cvxByYWd4hL5SQmQZOw\" data-type=\"URL\" data-id=\"https:\/\/web.archive.org\/web\/20200814132245\/https:\/\/www.youtube.com\/channel\/UCsP1cvxByYWd4hL5SQmQZOw\" target=\"_blank\" rel=\"noreferrer noopener\">canal de Youtube<\/a> (Suscr\u00edbete si aun no lo has hecho). Y como siempre, totalmente <strong>gratis<\/strong>.<\/p>\n\n\n\n<p><strong>FRIKIMAD en P\u00edldoras 2020<\/strong> se celebr\u00f3 los d\u00edas 24 de Mayo (La fecha en la que se iba a organizar FrikIMAD 2020) y el 25 de Mayo (D\u00eda del Orgullo Friki) .<\/p>\n\n\n\n<h2 class=\"wp-block-heading\">CAR\u00c1CTER BEN\u00c9FICO<\/h2>\n\n\n\n<p>FrikiMAD ha sido desde su concepci\u00f3n un evento ben\u00e9fico. Y a\u00fan lo es. Todos los beneficios generados a trav\u00e9s de FrikiMAD fueron entregados a FANVENCI\u00d3N. Esta entidad, que a\u00fana el frikismo con la acci\u00f3n social fue la encargada de entregar estos beneficios a la ONG elegida. En este caso, todo el beneficio se destin\u00f3 a CNIO, el Centro Nacional de Investigaciones Oncol\u00f3gicas<\/p>\n\n\n\n<h2 class=\"wp-block-heading\">Los Videos de FrikiMAD en P\u00edldoras 2021<\/h2>\n\n\n\n<p>Aqu\u00ed est\u00e1n los videos realizados para esta celebraci\u00f3n (Tambi\u00e9n se emitieron videos de la edici\u00f3n de 2019, pero esos se pondr\u00e1n en su a\u00f1o correspondiente).<\/p>\n\n\n\n<figure class=\"wp-block-embed is-type-rich is-provider-gestor-del-servicio wp-block-embed-gestor-del-servicio wp-embed-aspect-16-9 wp-has-aspect-ratio\"><div class=\"wp-block-embed__wrapper\">\n<iframe loading=\"lazy\" title=\"FRIKIMAD en P\u00cdLDORAS 2020: Bienvenida - Jornada 1\" width=\"1200\" height=\"675\" src=\"https:\/\/www.youtube.com\/embed\/Hjywa6l-4-I?feature=oembed\" frameborder=\"0\" allow=\"accelerometer; autoplay; clipboard-write; encrypted-media; gyroscope; picture-in-picture\" allowfullscreen><\/iframe>\n<\/div><\/figure>\n\n\n\n<figure class=\"wp-block-embed is-type-rich is-provider-gestor-del-servicio wp-block-embed-gestor-del-servicio wp-embed-aspect-16-9 wp-has-aspect-ratio\"><div class=\"wp-block-embed__wrapper\">\n<iframe loading=\"lazy\" title=\"FRIKIMAD en P\u00cdLDORAS 2020: Homenaje a El D\u00eda de la Bestia\" width=\"1200\" height=\"675\" src=\"https:\/\/www.youtube.com\/embed\/-X_gdPv6dnw?feature=oembed\" frameborder=\"0\" allow=\"accelerometer; autoplay; clipboard-write; encrypted-media; gyroscope; picture-in-picture\" allowfullscreen><\/iframe>\n<\/div><\/figure>\n\n\n\n<figure class=\"wp-block-embed is-type-rich is-provider-gestor-del-servicio wp-block-embed-gestor-del-servicio wp-embed-aspect-16-9 wp-has-aspect-ratio\"><div class=\"wp-block-embed__wrapper\">\n<iframe loading=\"lazy\" title=\"FRIKIMAD en P\u00cdLDORAS 2020: FrikiTrivial\" width=\"1200\" height=\"675\" src=\"https:\/\/www.youtube.com\/embed\/YimslxOIdp4?feature=oembed\" frameborder=\"0\" allow=\"accelerometer; autoplay; clipboard-write; encrypted-media; gyroscope; picture-in-picture\" allowfullscreen><\/iframe>\n<\/div><\/figure>\n\n\n\n<figure class=\"wp-block-embed is-type-rich is-provider-gestor-del-servicio wp-block-embed-gestor-del-servicio wp-embed-aspect-16-9 wp-has-aspect-ratio\"><div class=\"wp-block-embed__wrapper\">\n<iframe loading=\"lazy\" title=\"FRIKIMAD en P\u00cdLDORAS 2020: Pel\u00edculas del Futuro Pasado\" width=\"1200\" height=\"675\" src=\"https:\/\/www.youtube.com\/embed\/RV_yCRgaFkc?feature=oembed\" frameborder=\"0\" allow=\"accelerometer; autoplay; clipboard-write; encrypted-media; gyroscope; picture-in-picture\" allowfullscreen><\/iframe>\n<\/div><\/figure>\n\n\n\n<figure class=\"wp-block-embed is-type-rich is-provider-gestor-del-servicio wp-block-embed-gestor-del-servicio wp-embed-aspect-16-9 wp-has-aspect-ratio\"><div class=\"wp-block-embed__wrapper\">\n<iframe loading=\"lazy\" title=\"FRIKIMAD en P\u00cdLDORAS 2020: Bienvenida Jornada 2\" width=\"1200\" height=\"675\" src=\"https:\/\/www.youtube.com\/embed\/8f6xk7cuvB0?feature=oembed\" frameborder=\"0\" allow=\"accelerometer; autoplay; clipboard-write; encrypted-media; gyroscope; picture-in-picture\" allowfullscreen><\/iframe>\n<\/div><\/figure>\n\n\n\n<figure class=\"wp-block-embed is-type-rich is-provider-gestor-del-servicio wp-block-embed-gestor-del-servicio wp-embed-aspect-16-9 wp-has-aspect-ratio\"><div class=\"wp-block-embed__wrapper\">\n<iframe loading=\"lazy\" title=\"FRIKIMAD en P\u00cdLDORAS 2020: Generaci\u00f3n F\" width=\"1200\" height=\"675\" src=\"https:\/\/www.youtube.com\/embed\/Cqm7oyyhgqU?feature=oembed\" frameborder=\"0\" allow=\"accelerometer; autoplay; clipboard-write; encrypted-media; gyroscope; picture-in-picture\" allowfullscreen><\/iframe>\n<\/div><\/figure>\n\n\n\n<figure class=\"wp-block-embed is-type-rich is-provider-gestor-del-servicio wp-block-embed-gestor-del-servicio wp-embed-aspect-16-9 wp-has-aspect-ratio\"><div class=\"wp-block-embed__wrapper\">\n<iframe loading=\"lazy\" title=\"FRIKIMAD en P\u00cdLDORAS 2020: El Camino de Orgullo Friki\" width=\"1200\" height=\"675\" src=\"https:\/\/www.youtube.com\/embed\/Jd1Pt5Hdayc?feature=oembed\" frameborder=\"0\" allow=\"accelerometer; autoplay; clipboard-write; encrypted-media; gyroscope; picture-in-picture\" allowfullscreen><\/iframe>\n<\/div><\/figure>\n","protected":false},"excerpt":{"rendered":"<div class=\"entry-summary\">\nPor culpa de la pandemia del Coronavirus, casi todos los eventos sociales han anulado o pospuesto su celebraci\u00f3n. Tambi\u00e9n FrikiMAD tom\u00f3 la decisi\u00f3n de posponerse (cuando ya se estaba preparando), pero al ser la celebraci\u00f3n del D\u00eda 25 de Mayo se decidi\u00f3 hacer un formato especial para internet: FrikiMAD en P\u00edldoras. \u00c9sto significa que, como&hellip;\n<\/div>\n<div class=\"link-more\"><a href=\"http:\/\/www.orgullofriki.com\/25mayo\/frikimad-en-pildoras-2020\/\" class=\"more-link\">Continue reading<span class=\"screen-reader-text\"> &ldquo;FrikiMAD en P\u00edldoras 2020&rdquo;<\/span>&hellip;<\/a><\/div>\n","protected":false},"author":1,"featured_media":0,"parent":0,"menu_order":0,"comment_status":"closed","ping_status":"closed","template":"","meta":{"ngg_post_thumbnail":0,"footnotes":""},"class_list":["post-351","page","type-page","status-publish","hentry","entry"],"_links":{"self":[{"href":"http:\/\/www.orgullofriki.com\/25mayo\/wp-json\/wp\/v2\/pages\/351","targetHints":{"allow":["GET"]}}],"collection":[{"href":"http:\/\/www.orgullofriki.com\/25mayo\/wp-json\/wp\/v2\/pages"}],"about":[{"href":"http:\/\/www.orgullofriki.com\/25mayo\/wp-json\/wp\/v2\/types\/page"}],"author":[{"embeddable":true,"href":"http:\/\/www.orgullofriki.com\/25mayo\/wp-json\/wp\/v2\/users\/1"}],"replies":[{"embeddable":true,"href":"http:\/\/www.orgullofriki.com\/25mayo\/wp-json\/wp\/v2\/comments?post=351"}],"version-history":[{"count":6,"href":"http:\/\/www.orgullofriki.com\/25mayo\/wp-json\/wp\/v2\/pages\/351\/revisions"}],"predecessor-version":[{"id":696,"href":"http:\/\/www.orgullofriki.com\/25mayo\/wp-json\/wp\/v2\/pages\/351\/revisions\/696"}],"wp:attachment":[{"href":"http:\/\/www.orgullofriki.com\/25mayo\/wp-json\/wp\/v2\/media?parent=351"}],"curies":[{"name":"wp","href":"https:\/\/api.w.org\/{rel}","templated":true}]}}