{"id":268,"date":"2022-08-16T06:22:08","date_gmt":"2022-08-16T06:22:08","guid":{"rendered":"http:\/\/www.orgullofriki.com\/25mayo\/?page_id=268"},"modified":"2022-08-18T07:15:37","modified_gmt":"2022-08-18T07:15:37","slug":"merchandising","status":"publish","type":"page","link":"http:\/\/www.orgullofriki.com\/25mayo\/merchandising\/","title":{"rendered":"Merchandising"},"content":{"rendered":"\n<p>A lo largo de la vida de OrgulloFriki.com, hemos lanzado diversos productos relacionados con el frikismo, tanto para autofinanciarnos como para colaborar con otras entidades u ONGs.<\/p>\n\n\n<div class=\"wp-block-image\">\n<figure class=\"aligncenter size-full\"><img loading=\"lazy\" decoding=\"async\" width=\"400\" height=\"157\" src=\"http:\/\/www.orgullofriki.com\/25mayo\/wp-content\/uploads\/2022\/08\/camisetas_his.jpg\" alt=\"\" class=\"wp-image-270\" srcset=\"http:\/\/www.orgullofriki.com\/25mayo\/wp-content\/uploads\/2022\/08\/camisetas_his.jpg 400w, http:\/\/www.orgullofriki.com\/25mayo\/wp-content\/uploads\/2022\/08\/camisetas_his-300x118.jpg 300w\" sizes=\"auto, (max-width: 400px) 100vw, 400px\" \/><\/figure>\n<\/div>\n\n\n<p>Desde el primer a\u00f1o ya sacamos la camiseta oficial del Orgullo friki, todo un cl\u00e1sico y, a partir de ah\u00ed han aparecido diversidad de elementos que se han convertido en objetos de coleccionista, como cards, l\u00e1minas, \u00e1lbumes, imanes&#8230; que podreis visualziar en las diferentes subsecciones de este apartado.<\/p>\n\n\n<div class=\"wp-block-image\">\n<figure class=\"aligncenter size-full\"><img loading=\"lazy\" decoding=\"async\" width=\"328\" height=\"273\" src=\"http:\/\/www.orgullofriki.com\/25mayo\/wp-content\/uploads\/2022\/08\/frikicards.jpg\" alt=\"\" class=\"wp-image-269\" srcset=\"http:\/\/www.orgullofriki.com\/25mayo\/wp-content\/uploads\/2022\/08\/frikicards.jpg 328w, http:\/\/www.orgullofriki.com\/25mayo\/wp-content\/uploads\/2022\/08\/frikicards-300x250.jpg 300w\" sizes=\"auto, (max-width: 328px) 100vw, 328px\" \/><\/figure>\n<\/div>\n\n\n<p>Y si hay alguna promocion activa, tambi\u00e9n se indicar\u00e1 en esta misma secci\u00f3n.<\/p>\n\n\n\n<h2 class=\"wp-block-heading\">Promociones activas<\/h2>\n\n\n\n<figure class=\"wp-block-gallery has-nested-images columns-default is-cropped wp-block-gallery-1 is-layout-flex wp-block-gallery-is-layout-flex\">\n<figure class=\"wp-block-image size-large\"><a href=\"http:\/\/www.orgullofriki.com\/25mayo\/las-camisetas-frikis\/\"><img loading=\"lazy\" decoding=\"async\" width=\"425\" height=\"300\" data-id=\"340\" src=\"http:\/\/www.orgullofriki.com\/25mayo\/wp-content\/uploads\/2022\/08\/anuncio_cam.jpg\" alt=\"\" class=\"wp-image-340\" srcset=\"http:\/\/www.orgullofriki.com\/25mayo\/wp-content\/uploads\/2022\/08\/anuncio_cam.jpg 425w, http:\/\/www.orgullofriki.com\/25mayo\/wp-content\/uploads\/2022\/08\/anuncio_cam-300x212.jpg 300w\" sizes=\"auto, (max-width: 425px) 100vw, 425px\" \/><\/a><\/figure>\n\n\n\n<figure class=\"wp-block-image size-large\"><a href=\"http:\/\/www.orgullofriki.com\/25mayo\/los-magdallions\/\"><img loading=\"lazy\" decoding=\"async\" width=\"425\" height=\"300\" data-id=\"341\" src=\"http:\/\/www.orgullofriki.com\/25mayo\/wp-content\/uploads\/2022\/08\/anuncio_mag.jpg\" alt=\"\" class=\"wp-image-341\" srcset=\"http:\/\/www.orgullofriki.com\/25mayo\/wp-content\/uploads\/2022\/08\/anuncio_mag.jpg 425w, http:\/\/www.orgullofriki.com\/25mayo\/wp-content\/uploads\/2022\/08\/anuncio_mag-300x212.jpg 300w\" sizes=\"auto, (max-width: 425px) 100vw, 425px\" \/><\/a><\/figure>\n<\/figure>\n","protected":false},"excerpt":{"rendered":"<div class=\"entry-summary\">\nA lo largo de la vida de OrgulloFriki.com, hemos lanzado diversos productos relacionados con el frikismo, tanto para autofinanciarnos como para colaborar con otras entidades u ONGs. Desde el primer a\u00f1o ya sacamos la camiseta oficial del Orgullo friki, todo un cl\u00e1sico y, a partir de ah\u00ed han aparecido diversidad de elementos que se han&hellip;\n<\/div>\n<div class=\"link-more\"><a href=\"http:\/\/www.orgullofriki.com\/25mayo\/merchandising\/\" class=\"more-link\">Continue reading<span class=\"screen-reader-text\"> &ldquo;Merchandising&rdquo;<\/span>&hellip;<\/a><\/div>\n","protected":false},"author":1,"featured_media":0,"parent":0,"menu_order":0,"comment_status":"closed","ping_status":"closed","template":"","meta":{"ngg_post_thumbnail":0,"footnotes":""},"class_list":["post-268","page","type-page","status-publish","hentry","entry"],"_links":{"self":[{"href":"http:\/\/www.orgullofriki.com\/25mayo\/wp-json\/wp\/v2\/pages\/268","targetHints":{"allow":["GET"]}}],"collection":[{"href":"http:\/\/www.orgullofriki.com\/25mayo\/wp-json\/wp\/v2\/pages"}],"about":[{"href":"http:\/\/www.orgullofriki.com\/25mayo\/wp-json\/wp\/v2\/types\/page"}],"author":[{"embeddable":true,"href":"http:\/\/www.orgullofriki.com\/25mayo\/wp-json\/wp\/v2\/users\/1"}],"replies":[{"embeddable":true,"href":"http:\/\/www.orgullofriki.com\/25mayo\/wp-json\/wp\/v2\/comments?post=268"}],"version-history":[{"count":2,"href":"http:\/\/www.orgullofriki.com\/25mayo\/wp-json\/wp\/v2\/pages\/268\/revisions"}],"predecessor-version":[{"id":343,"href":"http:\/\/www.orgullofriki.com\/25mayo\/wp-json\/wp\/v2\/pages\/268\/revisions\/343"}],"wp:attachment":[{"href":"http:\/\/www.orgullofriki.com\/25mayo\/wp-json\/wp\/v2\/media?parent=268"}],"curies":[{"name":"wp","href":"https:\/\/api.w.org\/{rel}","templated":true}]}}