{"id":245,"date":"2022-08-10T10:20:13","date_gmt":"2022-08-10T10:20:13","guid":{"rendered":"http:\/\/www.orgullofriki.com\/25mayo\/?page_id=245"},"modified":"2026-04-27T14:11:18","modified_gmt":"2026-04-27T14:11:18","slug":"libros","status":"publish","type":"page","link":"http:\/\/www.orgullofriki.com\/25mayo\/libros\/","title":{"rendered":"Libros"},"content":{"rendered":"\n<h2 class=\"wp-block-heading has-text-align-left\">ORGULLO FRIKI: 20 A\u00d1OS DE IMAGEN GR\u00c1FICA, DE SE\u00d1OR BUEBO<\/h2>\n\n\n<div class=\"wp-block-image\">\n<figure class=\"alignleft size-medium\"><img loading=\"lazy\" decoding=\"async\" width=\"188\" height=\"300\" src=\"http:\/\/www.orgullofriki.com\/25mayo\/wp-content\/uploads\/2026\/04\/portada-188x300.jpg\" alt=\"\" class=\"wp-image-756\" srcset=\"http:\/\/www.orgullofriki.com\/25mayo\/wp-content\/uploads\/2026\/04\/portada-188x300.jpg 188w, http:\/\/www.orgullofriki.com\/25mayo\/wp-content\/uploads\/2026\/04\/portada.jpg 300w\" sizes=\"auto, (max-width: 188px) 100vw, 188px\" \/><figcaption class=\"wp-element-caption\"><strong>Colecci\u00f3n<\/strong>: Cult Movies<br>Dolmen Editorial<br>116 p\u00e1ginas<br><strong>ISBN:<\/strong> 979-8253470398<br>Tapa Dura<br><strong>ISBN:<\/strong> 979-8252955216<br>Tapa Blanda<br><strong>ASIN:<\/strong> B0GX36Y5RM<br>Edici\u00f3n Kindle<\/figcaption><\/figure>\n<\/div>\n\n\n<p><\/p>\n\n\n\n<p>Han pasado ya 20 a\u00f1os desde la creaci\u00f3n del D\u00eda del Orgullo Friki. Y desde entonces ha ahbido un mont\u00f3n de carteles, merchandising, camisetas y muchas otras cosas que han salido desde nuestras mentes pensantes.<br>Celebremos el aniversario con una edici\u00f3n especial que recopila todos los dise\u00f1os que han surgido desde la organizaci\u00f3n y que, a algunos, nos traen muchos recuerdos<\/p>\n\n\n\n<p>Libro conmemorativo por el 20 aniversario del D\u00eda del Orgullo Friki, celebrado por primera vez el 25 de mayo de 2006<\/p>\n\n\n\n<p>&#8211; <a href=\"https:\/\/amzn.eu\/d\/0fVbGRc3\" data-type=\"link\" data-id=\"https:\/\/amzn.eu\/d\/0fVbGRc3\">Cons\u00edguelo en <strong>tapa dura<\/strong><\/a><br>&#8211; <a href=\"https:\/\/amzn.eu\/d\/0aqKH7PE\">Cons\u00edguelo en <strong>tapa blanda<\/strong><\/a><br>&#8211; <a href=\"https:\/\/amzn.eu\/d\/0gKxQ3nu\">Cons\u00edguelo en <strong>formato Kindle<\/strong><\/a><\/p>\n\n\n\n<p><\/p>\n\n\n\n<p><\/p>\n\n\n\n<hr class=\"wp-block-separator has-alpha-channel-opacity\"\/>\n\n\n\n<p><\/p>\n\n\n\n<h2 class=\"wp-block-heading\">YO SOY UNO CON LA FUERZA (GU\u00cdA COMPLETA DEL UNIVERSO DE STAR WARS EPISODIO II), DE SE\u00d1OR BUEBO<\/h2>\n\n\n<div class=\"wp-block-image\">\n<figure class=\"alignleft size-medium\"><img loading=\"lazy\" decoding=\"async\" width=\"216\" height=\"300\" src=\"http:\/\/www.orgullofriki.com\/25mayo\/wp-content\/uploads\/2022\/08\/Yo-soy-uno-con-la-fuerza-Portada-216x300.jpg\" alt=\"\" class=\"wp-image-180\" srcset=\"http:\/\/www.orgullofriki.com\/25mayo\/wp-content\/uploads\/2022\/08\/Yo-soy-uno-con-la-fuerza-Portada-216x300.jpg 216w, http:\/\/www.orgullofriki.com\/25mayo\/wp-content\/uploads\/2022\/08\/Yo-soy-uno-con-la-fuerza-Portada-737x1024.jpg 737w, http:\/\/www.orgullofriki.com\/25mayo\/wp-content\/uploads\/2022\/08\/Yo-soy-uno-con-la-fuerza-Portada.jpg 750w\" sizes=\"auto, (max-width: 216px) 100vw, 216px\" \/><figcaption class=\"wp-element-caption\"><strong>Colecci\u00f3n<\/strong>: Cult Movies<br>Dolmen Editorial<br>216 p\u00e1ginas<br><strong>ISBN:<\/strong> 97-84-17956-64-6<br>R\u00fastica con Solapas<\/figcaption><\/figure>\n<\/div>\n\n\n<p>\u00bfQui\u00e9n nos iba a decir hace 15 a\u00f1os que el Episodio III de Star Wars no iba a ser la \u00faltima pel\u00edcula de la Saga? Porque, os recuerdo que George Lucas dijo que se acab\u00f3, que no hab\u00eda m\u00e1s historia que contar. Si acaso alguna serie de animaci\u00f3n m\u00e1s y, a lo mejor, con suerte, una serie con actores. Pero, \u00bfpel\u00edculas?<\/p>\n\n\n\n<p>Y aqu\u00ed estamos. cinco pel\u00edculas despu\u00e9s, dos series de animaci\u00f3n (sin contar Lego), una sobre un mandaloriano, zonas de parques tem\u00e1ticos y hasta un \u00e1rea exclusiva en una plataforma de esas de ver la tele. Es que, \u00a1madre m\u00eda! Lo que nos crece el ni\u00f1o desde que Disney puso un cheque delante del Hacedor. Y \u00e9l, a mirar obras.<\/p>\n\n\n\n<p>Este libro no es otra cosa que una segunda parte (o el Episodio II) de aquel \u00a1Que la Fuerza te Acompa\u00f1e! que repasaba toda la saga que hab\u00edamos vivido hasta que Lucas firmara el acuerdo. Dos trilog\u00edas, alguna serie de dibujos, un especial de Navidad y merchandising, mucho merchandising. Digamos que este libro es, en realidad, el repaso de la Fase 1 (Como dir\u00edan los fans del MCU) de los planes de Disney con la saga. Porque habr\u00e1 m\u00e1s fases (muchas m\u00e1s).<\/p>\n\n\n\n<p>Y como siempre, adem\u00e1s de repasar las historias, veremos las cosas de los fans, los grupos de internet y el merchandising surgido desde entonces (s\u00ed, porque esto ha continuado).Y es que la magia Disney tambi\u00e9n ha llenado los bolsillos de nuestros soldados imperiales, si es que tienen bolsillos, para elevar a la Saga a otro mundo. Un mundo de fantas\u00eda.<\/p>\n\n\n\n<hr class=\"wp-block-separator has-alpha-channel-opacity\"\/>\n\n\n\n<h2 class=\"wp-block-heading\">QUE LA FUERZA TE ACOMPA\u00d1E (GU\u00cdA COMPLETA DEL UNIVERSO STAR WARS) \u2013 EDICI\u00d3N AMPLIADA Y ACTUALIZADA, DE SE\u00d1OR BUEBO<\/h2>\n\n\n<div class=\"wp-block-image\">\n<figure class=\"alignleft size-medium is-resized\"><img loading=\"lazy\" decoding=\"async\" width=\"209\" height=\"300\" src=\"http:\/\/www.orgullofriki.com\/25mayo\/wp-content\/uploads\/2022\/08\/quelafuerza2-209x300.jpg\" alt=\"\" class=\"wp-image-177\" style=\"width:209px;height:300px\" srcset=\"http:\/\/www.orgullofriki.com\/25mayo\/wp-content\/uploads\/2022\/08\/quelafuerza2-209x300.jpg 209w, http:\/\/www.orgullofriki.com\/25mayo\/wp-content\/uploads\/2022\/08\/quelafuerza2.jpg 697w\" sizes=\"auto, (max-width: 209px) 100vw, 209px\" \/><figcaption class=\"wp-element-caption\"><strong>Colecci\u00f3n:<\/strong> Dolmen Books<br>Dolmen Editorial<br>264 p\u00e1ginas<br><strong>ISBN:<\/strong> 978-84-16436-27-9<br>R\u00fastica con Solapas<\/figcaption><\/figure>\n<\/div>\n\n\n<p>Llega la nueva edici\u00f3n de la gu\u00eda m\u00e1s completa de Star Wars.<\/p>\n\n\n\n<p>Hay cosas de las que todo el mundo cree saber. Como por ejemplo Star Wars. Esta saga ha formado parte de nuestra cultura en los \u00faltimos 30 a\u00f1os y nos ha dejado frases que ya son habituales en charlas informales como \u201cyo soy tu padre\u201d o expresiones como el \u201clado oscuro\u201d de la Fuerza. Adem\u00e1s, se han llegado a hacer chistes sobre los peligros que tendr\u00eda Chewbacca si estuviera armado con una epilady. Pero Star Wars es mucho m\u00e1s que unas pel\u00edculas: son televisi\u00f3n, juguetes, comida\u2026 merchandising en general ofrecido con sabidur\u00eda a los fans de la saga que esperan siempre la \u00faltima novedad o el pr\u00f3ximo tazo que salga en una bolsa de patatas fritas.<\/p>\n\n\n\n<p>De todo esto trata este libro: las pel\u00edculas, las series, los especiales de televisi\u00f3n, las promociones, el merchandising, los clubs de fans, las asociaciones, las parodias, los homenajes\u2026 todo aquello que ha marcado a tres generaciones (hasta el momento) de cin\u00e9filos que son capaces de esperar colas largu\u00edsimas por ser los primeros para que Mark Hamill les firme una foto. En eso no nos diferenciamos mucho aqu\u00ed en Espa\u00f1a de nuestros colegas americanos, por eso se ha querido mostrar el aspecto espa\u00f1ol de la saga, de la mano de sus protagonistas, de los que hacen que Star Wars sea para siempre.<\/p>\n\n\n\n<p>En esta nueva edici\u00f3n del libro, nos adentramos en el origen de la nueva era Disney, los nuevos mandamases que nos vaciar\u00e1n los bolsillos y llenar\u00e1n nuestras estanter\u00edas. La Fuerza nos acompa\u00f1a, chicos.<\/p>\n\n\n\n<p class=\"has-text-align-center\"><\/p>\n\n\n\n<hr class=\"wp-block-separator has-alpha-channel-opacity\"\/>\n\n\n\n<h2 class=\"wp-block-heading\">DENTRO DEL LABERINTO FRIKI, DE CRISTINA MART\u00cdNEZ<\/h2>\n\n\n<div class=\"wp-block-image\">\n<figure class=\"alignleft size-medium\"><img loading=\"lazy\" decoding=\"async\" width=\"212\" height=\"300\" src=\"http:\/\/www.orgullofriki.com\/25mayo\/wp-content\/uploads\/2022\/08\/Laberinto-212x300.jpg\" alt=\"\" class=\"wp-image-174\" srcset=\"http:\/\/www.orgullofriki.com\/25mayo\/wp-content\/uploads\/2022\/08\/Laberinto-212x300.jpg 212w, http:\/\/www.orgullofriki.com\/25mayo\/wp-content\/uploads\/2022\/08\/Laberinto.jpg 290w\" sizes=\"auto, (max-width: 212px) 100vw, 212px\" \/><figcaption class=\"wp-element-caption\"><strong>Colecci\u00f3n: <\/strong>Pluma Ensayo<br>Apache Libros<br>276 p\u00e1ginas<br><strong>ISBN: <\/strong>978-84-94708-40-4<br>R\u00fastica con Solapas<\/figcaption><\/figure>\n<\/div>\n\n\n<p>Por incre\u00edbles peligros e innumerables fatigas, te has abierto camino hasta el interior del Laberinto Friki\u2026<\/p>\n\n\n\n<p>Una mirada sociol\u00f3gica que pretende explicar, de forma sencilla, cercana y veraz, la realidad del fandom en nuestro pa\u00eds, desterrando los estereotipos que lo rodean, y dando a su vez la importancia debida a unos grupos que tanta riqueza cultural poseen y que tanta influencia han tenido \u2014y tienen\u2014 en el mundo que nos rodea.<\/p>\n\n\n\n<p>Nuevas tecnolog\u00edas, cine, literatura, juegos, moda, nuevas formas de consumo, sexualidad e incluso pol\u00edtica, son algunos de los temas que se exploran en este documento, elaborado por la primera soci\u00f3loga espa\u00f1ola experta en cultura friki.<\/p>\n\n\n\n<p>Cristina Mart\u00ednez estudi\u00f3 Sociolog\u00eda y se doctor\u00f3 en la UPSAM, defendiendo en junio de 2014 su Tesis con el t\u00edtulo \u201cLa b\u00fasqueda de nuevos valores, referentes y modelos en un mundo l\u00edquido: El refugio de la cultura friki en Espa\u00f1a\u201d, por la que obtuvo Sobresaliente Cum Laude y Premio Extraordinario de Doctorado.<\/p>\n\n\n\n<p>Actualmente es profesora de Sociolog\u00eda de la Educaci\u00f3n y Sociolog\u00eda de la Familia y de la Infancia en la Escuela Universitaria de Magisterio ESCUNI. Contin\u00faa estudiando el fandom y hablando de \u00e9l todo lo que puede a quien quiera escucharla.<\/p>\n\n\n\n<hr class=\"wp-block-separator has-alpha-channel-opacity\"\/>\n\n\n\n<h2 class=\"wp-block-heading\">QUE LA FUERZA TE ACOMPA\u00d1E (GU\u00cdA COMPLETA DE LA GUERRA DE LAS GALAXIAS), DE SE\u00d1OR BUEBO<\/h2>\n\n\n<div class=\"wp-block-image\">\n<figure class=\"alignleft size-medium\"><img loading=\"lazy\" decoding=\"async\" width=\"203\" height=\"300\" src=\"http:\/\/www.orgullofriki.com\/25mayo\/wp-content\/uploads\/2022\/08\/fuerza-203x300.jpg\" alt=\"\" class=\"wp-image-171\" srcset=\"http:\/\/www.orgullofriki.com\/25mayo\/wp-content\/uploads\/2022\/08\/fuerza-203x300.jpg 203w, http:\/\/www.orgullofriki.com\/25mayo\/wp-content\/uploads\/2022\/08\/fuerza.jpg 237w\" sizes=\"auto, (max-width: 203px) 100vw, 203px\" \/><figcaption class=\"wp-element-caption\"><strong>Colecci\u00f3n:<\/strong> Dolmen Books<br>Dolmen Editorial<br>256 p\u00e1ginas<br><strong>ISBN:<\/strong> 978-84-1520-124-3<br>R\u00fastica con Solapas<\/figcaption><\/figure>\n<\/div>\n\n\n<p><\/p>\n\n\n\n<p>Hay cosas de las que todo el mundo cree saber. Como por ejemplo Star Wars. Pero\u2026 \u00bfa que no sab\u00edas que la historia la iba a protagonizar una familia llamada \u00abStarkiller\u00bb en lugar de los \u00abSkywalker\u00bb? \u00bfO que en lugar de un wookie amigo, Chewbacca iba a ser uno entre muchos que luchar\u00edan a favor del imperio? O lo que todav\u00eda es m\u00e1s grave: que Luke fue una chica durante alg\u00fan tiempo.<\/p>\n\n\n\n<p>Star Wars es mucho m\u00e1s que unas pel\u00edculas: son televisi\u00f3n, juguetes, comida\u2026 merchandising en general ofrecido con sabidur\u00eda a los fans de la saga que esperan siempre la \u00faltima novedad o el pr\u00f3ximo tazo que salga en una bolsa de patatas fritas. De todo esto trata este libro: las pel\u00edculas, las series, los especiales de televisi\u00f3n, las promociones, el merchandising, los clubs de fans, las asociaciones, las parodias, los homenajes\u2026 todo aquello que ha marcado a tres generaciones de cin\u00e9filos que son capaces de esperar colas largu\u00edsimas por ser los primeros para que Mark Hamill les firme una foto.<\/p>\n\n\n\n<p>En eso no nos diferenciamos mucho aqu\u00ed en Espa\u00f1a de nuestros colegas americanos, por eso se ha querido mostrar el aspecto espa\u00f1ol de la saga, de la mano de sus protagonistas, de los que hacen que Star Wars sea para siempre. La Fuerza nos acompa\u00f1a, chicos.<\/p>\n\n\n\n<hr class=\"wp-block-separator has-alpha-channel-opacity\"\/>\n\n\n\n<h2 class=\"wp-block-heading\">ORGULLOSO DE SER FRIKI, de Se\u00f1or Buebo<\/h2>\n\n\n<div class=\"wp-block-image\">\n<figure class=\"alignleft size-medium\"><img loading=\"lazy\" decoding=\"async\" width=\"203\" height=\"300\" src=\"http:\/\/www.orgullofriki.com\/25mayo\/wp-content\/uploads\/2022\/08\/orgulloso-203x300.jpg\" alt=\"\" class=\"wp-image-167\" srcset=\"http:\/\/www.orgullofriki.com\/25mayo\/wp-content\/uploads\/2022\/08\/orgulloso-203x300.jpg 203w, http:\/\/www.orgullofriki.com\/25mayo\/wp-content\/uploads\/2022\/08\/orgulloso.jpg 237w\" sizes=\"auto, (max-width: 203px) 100vw, 203px\" \/><figcaption class=\"wp-element-caption\"><strong>Colecci\u00f3n:<\/strong> MR Manuales pr\u00e1cticos<br>Ediciones Mart\u00ednez Roca S.A.<br>224 p\u00e1ginas<br><strong>ISBN:<\/strong> 978-84-270-3522-5<br>R\u00fastica con Solapas 21,5\u00d714,5 cm<\/figcaption><\/figure>\n<\/div>\n\n\n<p>Hace mucho tiempo en una galaxia lejana, muy lejana\u2026<\/p>\n\n\n\n<p>FRIKI WARS Episodio I: Orgulloso de Ser Friki<\/p>\n\n\n\n<p>Son buenos tiempos para los frikis. Aunque la sociedad les trata a\u00fan como marginados, consiguen lo que quieren gracias a Internet y las tiendas especializadas.<\/p>\n\n\n\n<p>Sin embargo, en las noticias s\u00f3lo hablan de ellos cuando van disfrazados a los salones del comic o para decir que un crimen est\u00e1 relacionado con los Juegos de Rol.<\/p>\n\n\n\n<p>Este libro descubre la verdad sobre los frikis, c\u00f3mo viven, c\u00f3mo se comportan, c\u00f3mo se relacionan y como, m\u00e1s tarde o m\u00e1s temprano, acabar\u00e1n dominando el mundo\u2026<\/p>\n","protected":false},"excerpt":{"rendered":"<div class=\"entry-summary\">\nORGULLO FRIKI: 20 A\u00d1OS DE IMAGEN GR\u00c1FICA, DE SE\u00d1OR BUEBO Han pasado ya 20 a\u00f1os desde la creaci\u00f3n del D\u00eda del Orgullo Friki. Y desde entonces ha ahbido un mont\u00f3n de carteles, merchandising, camisetas y muchas otras cosas que han salido desde nuestras mentes pensantes.Celebremos el aniversario con una edici\u00f3n especial que recopila todos los&hellip;\n<\/div>\n<div class=\"link-more\"><a href=\"http:\/\/www.orgullofriki.com\/25mayo\/libros\/\" class=\"more-link\">Continue reading<span class=\"screen-reader-text\"> &ldquo;Libros&rdquo;<\/span>&hellip;<\/a><\/div>\n","protected":false},"author":1,"featured_media":0,"parent":0,"menu_order":0,"comment_status":"closed","ping_status":"closed","template":"","meta":{"ngg_post_thumbnail":0,"footnotes":""},"class_list":["post-245","page","type-page","status-publish","hentry","entry"],"_links":{"self":[{"href":"http:\/\/www.orgullofriki.com\/25mayo\/wp-json\/wp\/v2\/pages\/245","targetHints":{"allow":["GET"]}}],"collection":[{"href":"http:\/\/www.orgullofriki.com\/25mayo\/wp-json\/wp\/v2\/pages"}],"about":[{"href":"http:\/\/www.orgullofriki.com\/25mayo\/wp-json\/wp\/v2\/types\/page"}],"author":[{"embeddable":true,"href":"http:\/\/www.orgullofriki.com\/25mayo\/wp-json\/wp\/v2\/users\/1"}],"replies":[{"embeddable":true,"href":"http:\/\/www.orgullofriki.com\/25mayo\/wp-json\/wp\/v2\/comments?post=245"}],"version-history":[{"count":9,"href":"http:\/\/www.orgullofriki.com\/25mayo\/wp-json\/wp\/v2\/pages\/245\/revisions"}],"predecessor-version":[{"id":758,"href":"http:\/\/www.orgullofriki.com\/25mayo\/wp-json\/wp\/v2\/pages\/245\/revisions\/758"}],"wp:attachment":[{"href":"http:\/\/www.orgullofriki.com\/25mayo\/wp-json\/wp\/v2\/media?parent=245"}],"curies":[{"name":"wp","href":"https:\/\/api.w.org\/{rel}","templated":true}]}}