{"id":200,"date":"2022-08-08T09:43:44","date_gmt":"2022-08-08T09:43:44","guid":{"rendered":"http:\/\/www.orgullofriki.com\/25mayo\/?page_id=200"},"modified":"2026-04-27T06:55:32","modified_gmt":"2026-04-27T06:55:32","slug":"localizacion","status":"publish","type":"page","link":"http:\/\/www.orgullofriki.com\/25mayo\/localizacion\/","title":{"rendered":"Localizaci\u00f3n"},"content":{"rendered":"\n<p>Este a\u00f1o FrikiMAD se celebrar\u00e1 en la sala Atrio de OXO, Museo del Videojuego de Madrid.<\/p>\n\n\n<div class=\"wp-block-image\">\n<figure class=\"aligncenter size-full\"><img loading=\"lazy\" decoding=\"async\" width=\"1200\" height=\"675\" src=\"http:\/\/www.orgullofriki.com\/25mayo\/wp-content\/uploads\/2026\/04\/oxo.jpg\" alt=\"\" class=\"wp-image-748\" srcset=\"http:\/\/www.orgullofriki.com\/25mayo\/wp-content\/uploads\/2026\/04\/oxo.jpg 1200w, http:\/\/www.orgullofriki.com\/25mayo\/wp-content\/uploads\/2026\/04\/oxo-300x169.jpg 300w, http:\/\/www.orgullofriki.com\/25mayo\/wp-content\/uploads\/2026\/04\/oxo-1024x576.jpg 1024w, http:\/\/www.orgullofriki.com\/25mayo\/wp-content\/uploads\/2026\/04\/oxo-768x432.jpg 768w\" sizes=\"auto, (max-width: 1200px) 100vw, 1200px\" \/><\/figure>\n<\/div>\n\n\n<p><a href=\"https:\/\/oxomuseomadrid.com\/?\" target=\"_blank\" rel=\"noreferrer noopener\">OXO<\/a>\u00a0Museo del Videojuego Madrid te da un recorrido hist\u00f3rico desde los primeros videojuegos de la historia hasta los m\u00e1s contempor\u00e1neos junto a la plaza de Callao  en el que se ha integrado de forma sorprendente la tecnolog\u00eda de esta industria en un palacete isabelino del siglo XIX. Podr\u00e1s probar todas las m\u00e1quinas que se exponen y jugar al Pong o Pac-Man como si estuveiras en los a\u00f1os 80 hasta llegar a disfrutar de la Realidad Virtual Inmersiva<\/p>\n\n\n\n<p class=\"has-text-align-center\"><strong>c\/ Postigo San Mart\u00edn, 8<br>28013 Madrid<\/strong><br><strong>P\u00e1gina web: <\/strong><a href=\"https:\/\/oxomuseomadrid.com\/\">https:\/\/oxomuseomadrid.com\/<\/a><br><strong>Metro:<\/strong> Callao (Lineas 3 y 5)<br><strong>Autobuses: <\/strong>001, 1, 2, 3, 46, 74, 75, 146, 147, 148<br><strong>Cercan\u00edas:<\/strong> Sol<\/p>\n","protected":false},"excerpt":{"rendered":"<div class=\"entry-summary\">\nEste a\u00f1o FrikiMAD se celebrar\u00e1 en la sala Atrio de OXO, Museo del Videojuego de Madrid. OXO\u00a0Museo del Videojuego Madrid te da un recorrido hist\u00f3rico desde los primeros videojuegos de la historia hasta los m\u00e1s contempor\u00e1neos junto a la plaza de Callao en el que se ha integrado de forma sorprendente la tecnolog\u00eda de esta&hellip;\n<\/div>\n<div class=\"link-more\"><a href=\"http:\/\/www.orgullofriki.com\/25mayo\/localizacion\/\" class=\"more-link\">Continue reading<span class=\"screen-reader-text\"> &ldquo;Localizaci\u00f3n&rdquo;<\/span>&hellip;<\/a><\/div>\n","protected":false},"author":1,"featured_media":0,"parent":0,"menu_order":0,"comment_status":"closed","ping_status":"closed","template":"","meta":{"ngg_post_thumbnail":0,"footnotes":""},"class_list":["post-200","page","type-page","status-publish","hentry","entry"],"_links":{"self":[{"href":"http:\/\/www.orgullofriki.com\/25mayo\/wp-json\/wp\/v2\/pages\/200","targetHints":{"allow":["GET"]}}],"collection":[{"href":"http:\/\/www.orgullofriki.com\/25mayo\/wp-json\/wp\/v2\/pages"}],"about":[{"href":"http:\/\/www.orgullofriki.com\/25mayo\/wp-json\/wp\/v2\/types\/page"}],"author":[{"embeddable":true,"href":"http:\/\/www.orgullofriki.com\/25mayo\/wp-json\/wp\/v2\/users\/1"}],"replies":[{"embeddable":true,"href":"http:\/\/www.orgullofriki.com\/25mayo\/wp-json\/wp\/v2\/comments?post=200"}],"version-history":[{"count":4,"href":"http:\/\/www.orgullofriki.com\/25mayo\/wp-json\/wp\/v2\/pages\/200\/revisions"}],"predecessor-version":[{"id":749,"href":"http:\/\/www.orgullofriki.com\/25mayo\/wp-json\/wp\/v2\/pages\/200\/revisions\/749"}],"wp:attachment":[{"href":"http:\/\/www.orgullofriki.com\/25mayo\/wp-json\/wp\/v2\/media?parent=200"}],"curies":[{"name":"wp","href":"https:\/\/api.w.org\/{rel}","templated":true}]}}