{"id":2,"date":"2022-06-07T10:30:46","date_gmt":"2022-06-07T10:30:46","guid":{"rendered":"http:\/\/www.orgullofriki.com\/25mayo\/?page_id=2"},"modified":"2026-04-17T12:02:18","modified_gmt":"2026-04-17T12:02:18","slug":"pagina-ejemplo","status":"publish","type":"page","link":"http:\/\/www.orgullofriki.com\/25mayo\/","title":{"rendered":"Orgullo Friki 2026"},"content":{"rendered":"<div class=\"wp-block-image\">\n<figure class=\"aligncenter size-full is-resized\"><img loading=\"lazy\" decoding=\"async\" width=\"1701\" height=\"2126\" src=\"http:\/\/www.orgullofriki.com\/25mayo\/wp-content\/uploads\/2026\/04\/LOGO20_amp.jpg\" alt=\"\" class=\"wp-image-737\" style=\"aspect-ratio:0.8000952494344565;width:667px;height:auto\" srcset=\"http:\/\/www.orgullofriki.com\/25mayo\/wp-content\/uploads\/2026\/04\/LOGO20_amp.jpg 1701w, http:\/\/www.orgullofriki.com\/25mayo\/wp-content\/uploads\/2026\/04\/LOGO20_amp-240x300.jpg 240w, http:\/\/www.orgullofriki.com\/25mayo\/wp-content\/uploads\/2026\/04\/LOGO20_amp-819x1024.jpg 819w, http:\/\/www.orgullofriki.com\/25mayo\/wp-content\/uploads\/2026\/04\/LOGO20_amp-768x960.jpg 768w, http:\/\/www.orgullofriki.com\/25mayo\/wp-content\/uploads\/2026\/04\/LOGO20_amp-1229x1536.jpg 1229w, http:\/\/www.orgullofriki.com\/25mayo\/wp-content\/uploads\/2026\/04\/LOGO20_amp-1639x2048.jpg 1639w\" sizes=\"auto, (max-width: 1701px) 100vw, 1701px\" \/><\/figure>\n<\/div>\n\n\n<h2 class=\"wp-block-heading\"><\/h2>\n\n\n\n<p>Han pasado 20 a\u00f1os desde que un joven padawan, desde su ordenador, en su habitaci\u00f3n, discut\u00eda la manera de llamar a los fans de la Ciencia Ficci\u00f3n, de la fantas\u00eda, de los comics, de los juegos de Rol, del manga&#8230; en un foro de internet (UniversoMarvel.com). Lo que comenz\u00f3 con una ida de pinza se ha convertido en un d\u00eda internacional.<\/p>\n\n\n\n<p>El Orgullo Friki es global y el mundo ha cambiado mucho en este tiempo. Por aquel entonces no hab\u00eda redes sociales (tal y como las conocemos ahora&#8230; solo estaban Facebook y un reci\u00e9n nacido Twitter). Como mucho pod\u00edas comentar en foros y blogs y poco m\u00e1s. Y los frikis est\u00e1bamos desunidos.<\/p>\n\n\n\n<p>Y surgi\u00f3 la opci\u00f3n de poder reunirnos. Y se organiz\u00f3 la gran quedada friki de Callao (Madrid) el 25 de Mayo del 2006. Y este a\u00f1o queremos volver al origen, al lugar donde comenz\u00f3 todo. Por eso vamos a celebrarlo en Callao, de una manera diferente. M\u00e1s organizados, m\u00e1s modernos, pero con la misma ilusi\u00f3n de entonces. Porque a veces hay que volver al origen para avanzar al futuro<\/p>\n\n\n\n<p><strong>Recuerda: El tiempo est\u00e1 en tus manos.<\/strong><\/p>\n\n\n\n<p><strong>\u00a1\u00a1\u00a1ORGULLO FRIKI!!!<\/strong><\/p>\n","protected":false},"excerpt":{"rendered":"<div class=\"entry-summary\">\nHan pasado 20 a\u00f1os desde que un joven padawan, desde su ordenador, en su habitaci\u00f3n, discut\u00eda la manera de llamar a los fans de la Ciencia Ficci\u00f3n, de la fantas\u00eda, de los comics, de los juegos de Rol, del manga&#8230; en un foro de internet (UniversoMarvel.com). Lo que comenz\u00f3 con una ida de pinza se&hellip;\n<\/div>\n<div class=\"link-more\"><a href=\"http:\/\/www.orgullofriki.com\/25mayo\/\" class=\"more-link\">Continue reading<span class=\"screen-reader-text\"> &ldquo;Orgullo Friki 2026&rdquo;<\/span>&hellip;<\/a><\/div>\n","protected":false},"author":1,"featured_media":0,"parent":0,"menu_order":0,"comment_status":"closed","ping_status":"open","template":"","meta":{"ngg_post_thumbnail":0,"footnotes":""},"class_list":["post-2","page","type-page","status-publish","hentry","entry"],"_links":{"self":[{"href":"http:\/\/www.orgullofriki.com\/25mayo\/wp-json\/wp\/v2\/pages\/2","targetHints":{"allow":["GET"]}}],"collection":[{"href":"http:\/\/www.orgullofriki.com\/25mayo\/wp-json\/wp\/v2\/pages"}],"about":[{"href":"http:\/\/www.orgullofriki.com\/25mayo\/wp-json\/wp\/v2\/types\/page"}],"author":[{"embeddable":true,"href":"http:\/\/www.orgullofriki.com\/25mayo\/wp-json\/wp\/v2\/users\/1"}],"replies":[{"embeddable":true,"href":"http:\/\/www.orgullofriki.com\/25mayo\/wp-json\/wp\/v2\/comments?post=2"}],"version-history":[{"count":7,"href":"http:\/\/www.orgullofriki.com\/25mayo\/wp-json\/wp\/v2\/pages\/2\/revisions"}],"predecessor-version":[{"id":739,"href":"http:\/\/www.orgullofriki.com\/25mayo\/wp-json\/wp\/v2\/pages\/2\/revisions\/739"}],"wp:attachment":[{"href":"http:\/\/www.orgullofriki.com\/25mayo\/wp-json\/wp\/v2\/media?parent=2"}],"curies":[{"name":"wp","href":"https:\/\/api.w.org\/{rel}","templated":true}]}}