{"id":161,"date":"2022-08-08T06:22:40","date_gmt":"2022-08-08T06:22:40","guid":{"rendered":"http:\/\/www.orgullofriki.com\/25mayo\/?page_id=161"},"modified":"2023-02-26T21:08:26","modified_gmt":"2023-02-26T21:08:26","slug":"anos-anteriores","status":"publish","type":"page","link":"http:\/\/www.orgullofriki.com\/25mayo\/anos-anteriores\/","title":{"rendered":"A\u00f1os Anteriores"},"content":{"rendered":"<nav class=\"is-responsive menu_interno menu_frikimad wp-block-navigation is-layout-flex wp-block-navigation-is-layout-flex\" aria-label=\"Manu FrikiMAD\" \n\t\t data-wp-interactive=\"core\/navigation\" data-wp-context='{\"overlayOpenedBy\":{\"click\":false,\"hover\":false,\"focus\":false},\"type\":\"overlay\",\"roleAttribute\":\"\",\"ariaLabel\":\"Men\\u00fa\"}'><button aria-haspopup=\"dialog\" aria-label=\"Abrir el men\u00fa\" class=\"wp-block-navigation__responsive-container-open\" \n\t\t\t\tdata-wp-on--click=\"actions.openMenuOnClick\"\n\t\t\t\tdata-wp-on--keydown=\"actions.handleMenuKeydown\"\n\t\t\t><svg width=\"24\" height=\"24\" xmlns=\"http:\/\/www.w3.org\/2000\/svg\" viewBox=\"0 0 24 24\" aria-hidden=\"true\" focusable=\"false\"><path d=\"M4 7.5h16v1.5H4z\"><\/path><path d=\"M4 15h16v1.5H4z\"><\/path><\/svg><\/button>\n\t\t\t\t<div class=\"wp-block-navigation__responsive-container\"  id=\"modal-1\" \n\t\t\t\tdata-wp-class--has-modal-open=\"state.isMenuOpen\"\n\t\t\t\tdata-wp-class--is-menu-open=\"state.isMenuOpen\"\n\t\t\t\tdata-wp-watch=\"callbacks.initMenu\"\n\t\t\t\tdata-wp-on--keydown=\"actions.handleMenuKeydown\"\n\t\t\t\tdata-wp-on--focusout=\"actions.handleMenuFocusout\"\n\t\t\t\ttabindex=\"-1\"\n\t\t\t>\n\t\t\t\t\t<div class=\"wp-block-navigation__responsive-close\" tabindex=\"-1\">\n\t\t\t\t\t\t<div class=\"wp-block-navigation__responsive-dialog\" \n\t\t\t\tdata-wp-bind--aria-modal=\"state.ariaModal\"\n\t\t\t\tdata-wp-bind--aria-label=\"state.ariaLabel\"\n\t\t\t\tdata-wp-bind--role=\"state.roleAttribute\"\n\t\t\t>\n\t\t\t\t\t\t\t<button aria-label=\"Cerrar el men\u00fa\" class=\"wp-block-navigation__responsive-container-close\" \n\t\t\t\tdata-wp-on--click=\"actions.closeMenuOnClick\"\n\t\t\t><svg xmlns=\"http:\/\/www.w3.org\/2000\/svg\" viewBox=\"0 0 24 24\" width=\"24\" height=\"24\" aria-hidden=\"true\" focusable=\"false\"><path d=\"m13.06 12 6.47-6.47-1.06-1.06L12 10.94 5.53 4.47 4.47 5.53 10.94 12l-6.47 6.47 1.06 1.06L12 13.06l6.47 6.47 1.06-1.06L13.06 12Z\"><\/path><\/svg><\/button>\n\t\t\t\t\t\t\t<div class=\"wp-block-navigation__responsive-container-content\" \n\t\t\t\tdata-wp-watch=\"callbacks.focusFirstElement\"\n\t\t\t id=\"modal-1-content\">\n\t\t\t\t\t\t\t\t<ul class=\"wp-block-navigation__container is-responsive menu_interno menu_frikimad wp-block-navigation\"><li class=\" wp-block-navigation-item wp-block-navigation-link\"><a class=\"wp-block-navigation-item__content\"  href=\"http:\/\/www.orgullofriki.com\/25mayo\/frikimad-by-accion-2022\/\"><span class=\"wp-block-navigation-item__label\">FRIKIMAD by Acci\u00f3n 2022<\/span><\/a><\/li><li class=\" wp-block-navigation-item wp-block-navigation-link\"><a class=\"wp-block-navigation-item__content\"  href=\"http:\/\/www.orgullofriki.com\/25mayo\/frikimad-en-pildoras-2021\/\"><span class=\"wp-block-navigation-item__label\">FrikiMAD en P\u00edldoras 2021<\/span><\/a><\/li><li class=\" wp-block-navigation-item wp-block-navigation-link\"><a class=\"wp-block-navigation-item__content\"  href=\"http:\/\/www.orgullofriki.com\/25mayo\/frikimad-en-pildoras-2020\/\"><span class=\"wp-block-navigation-item__label\">FrikiMAD en P\u00edldoras 2020<\/span><\/a><\/li><li class=\" wp-block-navigation-item wp-block-navigation-link\"><a class=\"wp-block-navigation-item__content\"  href=\"http:\/\/www.orgullofriki.com\/25mayo\/frikimad-by-fandome-2019\/\"><span class=\"wp-block-navigation-item__label\">FrikiMAD by FANDOME 2019<\/span><\/a><\/li><li class=\" wp-block-navigation-item wp-block-navigation-link\"><a class=\"wp-block-navigation-item__content\"  href=\"http:\/\/www.orgullofriki.com\/25mayo\/frikimad-2018\/\"><span class=\"wp-block-navigation-item__label\">FrikiMAD 2018<\/span><\/a><\/li><li class=\" wp-block-navigation-item wp-block-navigation-link\"><a class=\"wp-block-navigation-item__content\"  href=\"http:\/\/www.orgullofriki.com\/25mayo\/frikimad-by-frikitrip-2017\/\"><span class=\"wp-block-navigation-item__label\">FrikiMAD by FRIKITRIP 2017<\/span><\/a><\/li><li class=\" wp-block-navigation-item wp-block-navigation-link\"><a class=\"wp-block-navigation-item__content\"  href=\"http:\/\/www.orgullofriki.com\/25mayo\/frikimad-2016\/\"><span class=\"wp-block-navigation-item__label\">FrikiMAD 2016<\/span><\/a><\/li><li class=\" wp-block-navigation-item wp-block-navigation-link\"><a class=\"wp-block-navigation-item__content\"  href=\"http:\/\/www.orgullofriki.com\/25mayo\/frikimad-2015\/\"><span class=\"wp-block-navigation-item__label\">FrikiMAD 2015<\/span><\/a><\/li><li class=\" wp-block-navigation-item wp-block-navigation-link\"><a class=\"wp-block-navigation-item__content\"  href=\"http:\/\/www.orgullofriki.com\/25mayo\/frikimad-2014\/\"><span class=\"wp-block-navigation-item__label\">FrikiMAD 2014<\/span><\/a><\/li><\/ul>\n\t\t\t\t\t\t\t<\/div>\n\t\t\t\t\t\t<\/div>\n\t\t\t\t\t<\/div>\n\t\t\t\t<\/div><\/nav>\n\n\n<p>FRIKIMAD se lleva realizando desde 2014, y salvo dos a\u00f1os (los de la pandemia de la COVID-19) ha sido celebrado anualmete, adem\u00e1s de colaborar con otros eventos.<\/p>\n\n\n\n<p>Mu\u00e9vete por el men\u00fa de cada a\u00f1o para ver los Highlights de cada edici\u00f3n<\/p>\n\n\n\n<figure class=\"wp-block-gallery has-nested-images columns-default is-cropped wp-block-gallery-2 is-layout-flex wp-block-gallery-is-layout-flex\">\n<figure class=\"wp-block-image size-large\"><img loading=\"lazy\" decoding=\"async\" width=\"1024\" height=\"683\" data-id=\"452\" src=\"http:\/\/www.orgullofriki.com\/25mayo\/wp-content\/uploads\/2022\/08\/DSC_0420-1024x683.jpg\" alt=\"\" class=\"wp-image-452\" srcset=\"http:\/\/www.orgullofriki.com\/25mayo\/wp-content\/uploads\/2022\/08\/DSC_0420-1024x683.jpg 1024w, http:\/\/www.orgullofriki.com\/25mayo\/wp-content\/uploads\/2022\/08\/DSC_0420-300x200.jpg 300w, http:\/\/www.orgullofriki.com\/25mayo\/wp-content\/uploads\/2022\/08\/DSC_0420-768x512.jpg 768w, http:\/\/www.orgullofriki.com\/25mayo\/wp-content\/uploads\/2022\/08\/DSC_0420-1536x1024.jpg 1536w, http:\/\/www.orgullofriki.com\/25mayo\/wp-content\/uploads\/2022\/08\/DSC_0420-2048x1365.jpg 2048w\" sizes=\"auto, (max-width: 1024px) 100vw, 1024px\" \/><\/figure>\n\n\n\n<figure class=\"wp-block-image size-large\"><img loading=\"lazy\" decoding=\"async\" width=\"1024\" height=\"683\" data-id=\"453\" src=\"http:\/\/www.orgullofriki.com\/25mayo\/wp-content\/uploads\/2022\/08\/DSC_0458-1024x683.jpg\" alt=\"\" class=\"wp-image-453\" srcset=\"http:\/\/www.orgullofriki.com\/25mayo\/wp-content\/uploads\/2022\/08\/DSC_0458-1024x683.jpg 1024w, http:\/\/www.orgullofriki.com\/25mayo\/wp-content\/uploads\/2022\/08\/DSC_0458-300x200.jpg 300w, http:\/\/www.orgullofriki.com\/25mayo\/wp-content\/uploads\/2022\/08\/DSC_0458-768x512.jpg 768w, http:\/\/www.orgullofriki.com\/25mayo\/wp-content\/uploads\/2022\/08\/DSC_0458-1536x1024.jpg 1536w, http:\/\/www.orgullofriki.com\/25mayo\/wp-content\/uploads\/2022\/08\/DSC_0458-2048x1365.jpg 2048w\" sizes=\"auto, (max-width: 1024px) 100vw, 1024px\" \/><\/figure>\n\n\n\n<figure class=\"wp-block-image size-large\"><img loading=\"lazy\" decoding=\"async\" width=\"1024\" height=\"683\" data-id=\"451\" src=\"http:\/\/www.orgullofriki.com\/25mayo\/wp-content\/uploads\/2022\/08\/DSC_0477-1024x683.jpg\" alt=\"\" class=\"wp-image-451\" srcset=\"http:\/\/www.orgullofriki.com\/25mayo\/wp-content\/uploads\/2022\/08\/DSC_0477-1024x683.jpg 1024w, http:\/\/www.orgullofriki.com\/25mayo\/wp-content\/uploads\/2022\/08\/DSC_0477-300x200.jpg 300w, http:\/\/www.orgullofriki.com\/25mayo\/wp-content\/uploads\/2022\/08\/DSC_0477-768x512.jpg 768w, http:\/\/www.orgullofriki.com\/25mayo\/wp-content\/uploads\/2022\/08\/DSC_0477-1536x1024.jpg 1536w, http:\/\/www.orgullofriki.com\/25mayo\/wp-content\/uploads\/2022\/08\/DSC_0477-2048x1365.jpg 2048w\" sizes=\"auto, (max-width: 1024px) 100vw, 1024px\" \/><\/figure>\n\n\n\n<figure class=\"wp-block-image size-large\"><img loading=\"lazy\" decoding=\"async\" width=\"1024\" height=\"683\" data-id=\"454\" src=\"http:\/\/www.orgullofriki.com\/25mayo\/wp-content\/uploads\/2022\/08\/DSC_0624-1024x683.jpg\" alt=\"\" class=\"wp-image-454\" srcset=\"http:\/\/www.orgullofriki.com\/25mayo\/wp-content\/uploads\/2022\/08\/DSC_0624-1024x683.jpg 1024w, http:\/\/www.orgullofriki.com\/25mayo\/wp-content\/uploads\/2022\/08\/DSC_0624-300x200.jpg 300w, http:\/\/www.orgullofriki.com\/25mayo\/wp-content\/uploads\/2022\/08\/DSC_0624-768x512.jpg 768w, http:\/\/www.orgullofriki.com\/25mayo\/wp-content\/uploads\/2022\/08\/DSC_0624-1536x1024.jpg 1536w, http:\/\/www.orgullofriki.com\/25mayo\/wp-content\/uploads\/2022\/08\/DSC_0624-2048x1365.jpg 2048w\" sizes=\"auto, (max-width: 1024px) 100vw, 1024px\" \/><\/figure>\n\n\n\n<figure class=\"wp-block-image size-large\"><img loading=\"lazy\" decoding=\"async\" width=\"1024\" height=\"683\" data-id=\"456\" src=\"http:\/\/www.orgullofriki.com\/25mayo\/wp-content\/uploads\/2022\/08\/DSC_0466-1024x683.jpg\" alt=\"\" class=\"wp-image-456\" srcset=\"http:\/\/www.orgullofriki.com\/25mayo\/wp-content\/uploads\/2022\/08\/DSC_0466-1024x683.jpg 1024w, http:\/\/www.orgullofriki.com\/25mayo\/wp-content\/uploads\/2022\/08\/DSC_0466-300x200.jpg 300w, http:\/\/www.orgullofriki.com\/25mayo\/wp-content\/uploads\/2022\/08\/DSC_0466-768x512.jpg 768w, http:\/\/www.orgullofriki.com\/25mayo\/wp-content\/uploads\/2022\/08\/DSC_0466-1536x1024.jpg 1536w, http:\/\/www.orgullofriki.com\/25mayo\/wp-content\/uploads\/2022\/08\/DSC_0466-2048x1365.jpg 2048w\" sizes=\"auto, (max-width: 1024px) 100vw, 1024px\" \/><\/figure>\n\n\n\n<figure class=\"wp-block-image size-large\"><img loading=\"lazy\" decoding=\"async\" width=\"1024\" height=\"683\" data-id=\"455\" src=\"http:\/\/www.orgullofriki.com\/25mayo\/wp-content\/uploads\/2022\/08\/DSC_0522-1024x683.jpg\" alt=\"\" class=\"wp-image-455\" srcset=\"http:\/\/www.orgullofriki.com\/25mayo\/wp-content\/uploads\/2022\/08\/DSC_0522-1024x683.jpg 1024w, http:\/\/www.orgullofriki.com\/25mayo\/wp-content\/uploads\/2022\/08\/DSC_0522-300x200.jpg 300w, http:\/\/www.orgullofriki.com\/25mayo\/wp-content\/uploads\/2022\/08\/DSC_0522-768x512.jpg 768w, http:\/\/www.orgullofriki.com\/25mayo\/wp-content\/uploads\/2022\/08\/DSC_0522-1536x1024.jpg 1536w, http:\/\/www.orgullofriki.com\/25mayo\/wp-content\/uploads\/2022\/08\/DSC_0522-2048x1365.jpg 2048w\" sizes=\"auto, (max-width: 1024px) 100vw, 1024px\" \/><\/figure>\n\n\n\n<figure class=\"wp-block-image size-large\"><img loading=\"lazy\" decoding=\"async\" width=\"1024\" height=\"917\" data-id=\"458\" src=\"http:\/\/www.orgullofriki.com\/25mayo\/wp-content\/uploads\/2022\/08\/22-1024x917.jpg\" alt=\"\" class=\"wp-image-458\" srcset=\"http:\/\/www.orgullofriki.com\/25mayo\/wp-content\/uploads\/2022\/08\/22-1024x917.jpg 1024w, http:\/\/www.orgullofriki.com\/25mayo\/wp-content\/uploads\/2022\/08\/22-300x269.jpg 300w, http:\/\/www.orgullofriki.com\/25mayo\/wp-content\/uploads\/2022\/08\/22-768x688.jpg 768w, http:\/\/www.orgullofriki.com\/25mayo\/wp-content\/uploads\/2022\/08\/22-1536x1376.jpg 1536w, http:\/\/www.orgullofriki.com\/25mayo\/wp-content\/uploads\/2022\/08\/22-2048x1834.jpg 2048w\" sizes=\"auto, (max-width: 1024px) 100vw, 1024px\" \/><\/figure>\n\n\n\n<figure class=\"wp-block-image size-large\"><img loading=\"lazy\" decoding=\"async\" width=\"1024\" height=\"588\" data-id=\"457\" src=\"http:\/\/www.orgullofriki.com\/25mayo\/wp-content\/uploads\/2022\/08\/29-1024x588.jpg\" alt=\"\" class=\"wp-image-457\" srcset=\"http:\/\/www.orgullofriki.com\/25mayo\/wp-content\/uploads\/2022\/08\/29-1024x588.jpg 1024w, http:\/\/www.orgullofriki.com\/25mayo\/wp-content\/uploads\/2022\/08\/29-300x172.jpg 300w, http:\/\/www.orgullofriki.com\/25mayo\/wp-content\/uploads\/2022\/08\/29-768x441.jpg 768w, http:\/\/www.orgullofriki.com\/25mayo\/wp-content\/uploads\/2022\/08\/29-1536x881.jpg 1536w, http:\/\/www.orgullofriki.com\/25mayo\/wp-content\/uploads\/2022\/08\/29-2048x1175.jpg 2048w\" sizes=\"auto, (max-width: 1024px) 100vw, 1024px\" \/><\/figure>\n\n\n\n<figure class=\"wp-block-image size-large\"><img loading=\"lazy\" decoding=\"async\" width=\"1024\" height=\"766\" data-id=\"459\" src=\"http:\/\/www.orgullofriki.com\/25mayo\/wp-content\/uploads\/2022\/08\/70-1024x766.jpg\" alt=\"\" class=\"wp-image-459\" srcset=\"http:\/\/www.orgullofriki.com\/25mayo\/wp-content\/uploads\/2022\/08\/70-1024x766.jpg 1024w, http:\/\/www.orgullofriki.com\/25mayo\/wp-content\/uploads\/2022\/08\/70-300x224.jpg 300w, http:\/\/www.orgullofriki.com\/25mayo\/wp-content\/uploads\/2022\/08\/70-768x574.jpg 768w, http:\/\/www.orgullofriki.com\/25mayo\/wp-content\/uploads\/2022\/08\/70-1536x1149.jpg 1536w, http:\/\/www.orgullofriki.com\/25mayo\/wp-content\/uploads\/2022\/08\/70-2048x1532.jpg 2048w\" sizes=\"auto, (max-width: 1024px) 100vw, 1024px\" \/><\/figure>\n\n\n\n<figure class=\"wp-block-image size-large\"><img loading=\"lazy\" decoding=\"async\" width=\"1024\" height=\"683\" data-id=\"461\" src=\"http:\/\/www.orgullofriki.com\/25mayo\/wp-content\/uploads\/2022\/08\/08-1024x683.jpg\" alt=\"\" class=\"wp-image-461\" srcset=\"http:\/\/www.orgullofriki.com\/25mayo\/wp-content\/uploads\/2022\/08\/08-1024x683.jpg 1024w, http:\/\/www.orgullofriki.com\/25mayo\/wp-content\/uploads\/2022\/08\/08-300x200.jpg 300w, http:\/\/www.orgullofriki.com\/25mayo\/wp-content\/uploads\/2022\/08\/08-768x512.jpg 768w, http:\/\/www.orgullofriki.com\/25mayo\/wp-content\/uploads\/2022\/08\/08.jpg 1200w\" sizes=\"auto, (max-width: 1024px) 100vw, 1024px\" \/><\/figure>\n\n\n\n<figure class=\"wp-block-image size-large\"><img loading=\"lazy\" decoding=\"async\" width=\"1024\" height=\"683\" data-id=\"460\" src=\"http:\/\/www.orgullofriki.com\/25mayo\/wp-content\/uploads\/2022\/08\/10-1024x683.jpg\" alt=\"\" class=\"wp-image-460\" srcset=\"http:\/\/www.orgullofriki.com\/25mayo\/wp-content\/uploads\/2022\/08\/10-1024x683.jpg 1024w, http:\/\/www.orgullofriki.com\/25mayo\/wp-content\/uploads\/2022\/08\/10-300x200.jpg 300w, http:\/\/www.orgullofriki.com\/25mayo\/wp-content\/uploads\/2022\/08\/10-768x512.jpg 768w, http:\/\/www.orgullofriki.com\/25mayo\/wp-content\/uploads\/2022\/08\/10.jpg 1200w\" sizes=\"auto, (max-width: 1024px) 100vw, 1024px\" \/><\/figure>\n\n\n\n<figure class=\"wp-block-image size-large\"><img loading=\"lazy\" decoding=\"async\" width=\"1024\" height=\"768\" data-id=\"462\" src=\"http:\/\/www.orgullofriki.com\/25mayo\/wp-content\/uploads\/2022\/08\/02-1024x768.jpg\" alt=\"\" class=\"wp-image-462\" srcset=\"http:\/\/www.orgullofriki.com\/25mayo\/wp-content\/uploads\/2022\/08\/02-1024x768.jpg 1024w, http:\/\/www.orgullofriki.com\/25mayo\/wp-content\/uploads\/2022\/08\/02-300x225.jpg 300w, http:\/\/www.orgullofriki.com\/25mayo\/wp-content\/uploads\/2022\/08\/02-768x576.jpg 768w, http:\/\/www.orgullofriki.com\/25mayo\/wp-content\/uploads\/2022\/08\/02.jpg 1200w\" sizes=\"auto, (max-width: 1024px) 100vw, 1024px\" \/><\/figure>\n\n\n\n<figure class=\"wp-block-image size-large\"><img loading=\"lazy\" decoding=\"async\" width=\"1024\" height=\"768\" data-id=\"465\" src=\"http:\/\/www.orgullofriki.com\/25mayo\/wp-content\/uploads\/2022\/08\/foto2-1024x768.jpg\" alt=\"\" class=\"wp-image-465\" srcset=\"http:\/\/www.orgullofriki.com\/25mayo\/wp-content\/uploads\/2022\/08\/foto2-1024x768.jpg 1024w, http:\/\/www.orgullofriki.com\/25mayo\/wp-content\/uploads\/2022\/08\/foto2-300x225.jpg 300w, http:\/\/www.orgullofriki.com\/25mayo\/wp-content\/uploads\/2022\/08\/foto2-768x576.jpg 768w, http:\/\/www.orgullofriki.com\/25mayo\/wp-content\/uploads\/2022\/08\/foto2-1536x1152.jpg 1536w, http:\/\/www.orgullofriki.com\/25mayo\/wp-content\/uploads\/2022\/08\/foto2.jpg 1600w\" sizes=\"auto, (max-width: 1024px) 100vw, 1024px\" \/><\/figure>\n\n\n\n<figure class=\"wp-block-image size-large\"><img loading=\"lazy\" decoding=\"async\" width=\"1024\" height=\"768\" data-id=\"463\" src=\"http:\/\/www.orgullofriki.com\/25mayo\/wp-content\/uploads\/2022\/08\/foto11-1024x768.jpg\" alt=\"\" class=\"wp-image-463\" srcset=\"http:\/\/www.orgullofriki.com\/25mayo\/wp-content\/uploads\/2022\/08\/foto11-1024x768.jpg 1024w, http:\/\/www.orgullofriki.com\/25mayo\/wp-content\/uploads\/2022\/08\/foto11-300x225.jpg 300w, http:\/\/www.orgullofriki.com\/25mayo\/wp-content\/uploads\/2022\/08\/foto11-768x576.jpg 768w, http:\/\/www.orgullofriki.com\/25mayo\/wp-content\/uploads\/2022\/08\/foto11-1536x1152.jpg 1536w, http:\/\/www.orgullofriki.com\/25mayo\/wp-content\/uploads\/2022\/08\/foto11.jpg 1600w\" sizes=\"auto, (max-width: 1024px) 100vw, 1024px\" \/><\/figure>\n\n\n\n<figure class=\"wp-block-image size-large\"><img loading=\"lazy\" decoding=\"async\" width=\"1024\" height=\"768\" data-id=\"464\" src=\"http:\/\/www.orgullofriki.com\/25mayo\/wp-content\/uploads\/2022\/08\/foto26.jpg\" alt=\"\" class=\"wp-image-464\" srcset=\"http:\/\/www.orgullofriki.com\/25mayo\/wp-content\/uploads\/2022\/08\/foto26.jpg 1024w, http:\/\/www.orgullofriki.com\/25mayo\/wp-content\/uploads\/2022\/08\/foto26-300x225.jpg 300w, http:\/\/www.orgullofriki.com\/25mayo\/wp-content\/uploads\/2022\/08\/foto26-768x576.jpg 768w\" sizes=\"auto, (max-width: 1024px) 100vw, 1024px\" \/><\/figure>\n<\/figure>\n\n\n","protected":false},"excerpt":{"rendered":"<div class=\"entry-summary\">\nFRIKIMAD se lleva realizando desde 2014, y salvo dos a\u00f1os (los de la pandemia de la COVID-19) ha sido celebrado anualmete, adem\u00e1s de colaborar con otros eventos. Mu\u00e9vete por el men\u00fa de cada a\u00f1o para ver los Highlights de cada edici\u00f3n\n<\/div>\n<div class=\"link-more\"><a href=\"http:\/\/www.orgullofriki.com\/25mayo\/anos-anteriores\/\" class=\"more-link\">Continue reading<span class=\"screen-reader-text\"> &ldquo;A\u00f1os Anteriores&rdquo;<\/span>&hellip;<\/a><\/div>\n","protected":false},"author":1,"featured_media":0,"parent":0,"menu_order":0,"comment_status":"closed","ping_status":"closed","template":"","meta":{"ngg_post_thumbnail":0,"footnotes":""},"class_list":["post-161","page","type-page","status-publish","hentry","entry"],"_links":{"self":[{"href":"http:\/\/www.orgullofriki.com\/25mayo\/wp-json\/wp\/v2\/pages\/161","targetHints":{"allow":["GET"]}}],"collection":[{"href":"http:\/\/www.orgullofriki.com\/25mayo\/wp-json\/wp\/v2\/pages"}],"about":[{"href":"http:\/\/www.orgullofriki.com\/25mayo\/wp-json\/wp\/v2\/types\/page"}],"author":[{"embeddable":true,"href":"http:\/\/www.orgullofriki.com\/25mayo\/wp-json\/wp\/v2\/users\/1"}],"replies":[{"embeddable":true,"href":"http:\/\/www.orgullofriki.com\/25mayo\/wp-json\/wp\/v2\/comments?post=161"}],"version-history":[{"count":12,"href":"http:\/\/www.orgullofriki.com\/25mayo\/wp-json\/wp\/v2\/pages\/161\/revisions"}],"predecessor-version":[{"id":562,"href":"http:\/\/www.orgullofriki.com\/25mayo\/wp-json\/wp\/v2\/pages\/161\/revisions\/562"}],"wp:attachment":[{"href":"http:\/\/www.orgullofriki.com\/25mayo\/wp-json\/wp\/v2\/media?parent=161"}],"curies":[{"name":"wp","href":"https:\/\/api.w.org\/{rel}","templated":true}]}}